{"id":25154,"date":"2019-07-13T09:54:25","date_gmt":"2019-07-13T06:54:25","guid":{"rendered":"https:\/\/editura-unibuc.ro\/?post_type=product&#038;p=25154"},"modified":"2025-03-13T11:25:07","modified_gmt":"2025-03-13T09:25:07","slug":"filologie-rusa-xxxiv-cultura-rusa-specific-si-universal-nr-2-volum-aniversar-simion-iurac","status":"publish","type":"product","link":"https:\/\/editura-unibuc.ro\/en\/filologie-rusa-xxxiv-cultura-rusa-specific-si-universal-nr-2-volum-aniversar-simion-iurac\/","title":{"rendered":"FILOLOGIE RUS\u0102 XXXIV, CULTURA RUS\u0102, SPECIFIC \u0218I UNIVERSAL. NR. 2. VOLUM ANIVERSAR SIMION IURAC"},"content":{"rendered":"<p>Din cuprins: <\/p>\n<p>Aliona Bivolaru, Interfe\u021be lingvistice ruso-ucrainene \u00een limba rom\u00e2n\u0103 din \u021binutul Her\u021ba;<br \/>\nRoman Petra\u0219uc, Specificul na\u021bional ucrainean \u00een Eneida lui Ivan Gri\u0219cenko.<\/p>\n","protected":false},"excerpt":{"rendered":"<p>Din cuprins: Aliona Bivolaru, Interfe\u021be lingvistice ruso-ucrainene \u00een limba rom\u00e2n\u0103 din \u021binutul Her\u021ba; Roman Petra\u0219uc, Specificul na\u021bional ucrainean \u00een Eneida lui Ivan Gri\u0219cenko.<\/p>\n","protected":false},"featured_media":25147,"comment_status":"open","ping_status":"closed","template":"","meta":[],"product_brand":[],"product_cat":[3823,1464,981,1469],"product_tag":[1011,2043],"class_list":{"0":"post-25154","1":"product","2":"type-product","3":"status-publish","4":"has-post-thumbnail","6":"product_cat-stiinte-umane","7":"product_cat-filologie","8":"product_cat-limbi-slave","9":"product_cat-periodice","10":"product_tag-limba-romana","11":"product_tag-literatura-slava","13":"first","14":"outofstock","15":"shipping-taxable","16":"purchasable","17":"product-type-simple"},"_links":{"self":[{"href":"https:\/\/editura-unibuc.ro\/en\/wp-json\/wp\/v2\/product\/25154","targetHints":{"allow":["GET"]}}],"collection":[{"href":"https:\/\/editura-unibuc.ro\/en\/wp-json\/wp\/v2\/product"}],"about":[{"href":"https:\/\/editura-unibuc.ro\/en\/wp-json\/wp\/v2\/types\/product"}],"replies":[{"embeddable":true,"href":"https:\/\/editura-unibuc.ro\/en\/wp-json\/wp\/v2\/comments?post=25154"}],"wp:featuredmedia":[{"embeddable":true,"href":"https:\/\/editura-unibuc.ro\/en\/wp-json\/wp\/v2\/media\/25147"}],"wp:attachment":[{"href":"https:\/\/editura-unibuc.ro\/en\/wp-json\/wp\/v2\/media?parent=25154"}],"wp:term":[{"taxonomy":"product_brand","embeddable":true,"href":"https:\/\/editura-unibuc.ro\/en\/wp-json\/wp\/v2\/product_brand?post=25154"},{"taxonomy":"product_cat","embeddable":true,"href":"https:\/\/editura-unibuc.ro\/en\/wp-json\/wp\/v2\/product_cat?post=25154"},{"taxonomy":"product_tag","embeddable":true,"href":"https:\/\/editura-unibuc.ro\/en\/wp-json\/wp\/v2\/product_tag?post=25154"}],"curies":[{"name":"wp","href":"https:\/\/api.w.org\/{rel}","templated":true}]}}