{"id":25161,"date":"2019-07-13T10:06:57","date_gmt":"2019-07-13T07:06:57","guid":{"rendered":"https:\/\/editura-unibuc.ro\/?post_type=product&#038;p=25161"},"modified":"2019-07-13T10:06:58","modified_gmt":"2019-07-13T07:06:58","slug":"semantica-romaneasca-in-context-european","status":"publish","type":"product","link":"https:\/\/editura-unibuc.ro\/en\/semantica-romaneasca-in-context-european\/","title":{"rendered":"ROMANIAN SEMANTICS IN EUROPEAN CONTEXT"},"content":{"rendered":"<p>Conceput\u0103 ca o introducere \u00een spinoasa problem\u0103 a sensului dublat\u0103 de o \u201eradiografiere\u201d a semanticii lingvistice rom\u00e2ne\u0219ti, cu scop didactic, lucrarea acoper\u0103 cercet\u0103rile de semantic\u0103 rom\u00e2neasc\u0103 extinse de-a lungul ultimelor dou\u0103 secole, prin identificarea unor constante de ordin teoretic \u0219i a unor tr\u0103s\u0103turi individualizante \u00een raport cu semantica interna\u021bional\u0103.<\/p>\n","protected":false},"excerpt":{"rendered":"<p>Conceput\u0103 ca o introducere \u00een spinoasa problem\u0103 a sensului dublat\u0103 de o \u201eradiografiere\u201d a semanticii lingvistice rom\u00e2ne\u0219ti, cu scop didactic, lucrarea acoper\u0103 cercet\u0103rile de semantic\u0103 rom\u00e2neasc\u0103 extinse de-a lungul ultimelor dou\u0103 secole, prin identificarea unor constante de ordin teoretic \u0219i a unor tr\u0103s\u0103turi individualizante \u00een raport cu semantica interna\u021bional\u0103.<\/p>\n","protected":false},"featured_media":25159,"comment_status":"open","ping_status":"closed","template":"","meta":[],"product_brand":[],"product_cat":[1531,2756,1464,979],"product_tag":[3343,3344,1430,3342],"class_list":{"0":"post-25161","1":"product","2":"type-product","3":"status-publish","4":"has-post-thumbnail","6":"product_cat-colectii","7":"product_cat-lingvistica-lingua","8":"product_cat-filologie","9":"product_cat-limba-romana","10":"product_tag-istoria-lingvisticii","11":"product_tag-istoria-semanticii","12":"product_tag-semantica","13":"product_tag-semantica-romaneasca","15":"first","16":"instock","17":"shipping-taxable","18":"purchasable","19":"product-type-simple"},"_links":{"self":[{"href":"https:\/\/editura-unibuc.ro\/en\/wp-json\/wp\/v2\/product\/25161","targetHints":{"allow":["GET"]}}],"collection":[{"href":"https:\/\/editura-unibuc.ro\/en\/wp-json\/wp\/v2\/product"}],"about":[{"href":"https:\/\/editura-unibuc.ro\/en\/wp-json\/wp\/v2\/types\/product"}],"replies":[{"embeddable":true,"href":"https:\/\/editura-unibuc.ro\/en\/wp-json\/wp\/v2\/comments?post=25161"}],"wp:featuredmedia":[{"embeddable":true,"href":"https:\/\/editura-unibuc.ro\/en\/wp-json\/wp\/v2\/media\/25159"}],"wp:attachment":[{"href":"https:\/\/editura-unibuc.ro\/en\/wp-json\/wp\/v2\/media?parent=25161"}],"wp:term":[{"taxonomy":"product_brand","embeddable":true,"href":"https:\/\/editura-unibuc.ro\/en\/wp-json\/wp\/v2\/product_brand?post=25161"},{"taxonomy":"product_cat","embeddable":true,"href":"https:\/\/editura-unibuc.ro\/en\/wp-json\/wp\/v2\/product_cat?post=25161"},{"taxonomy":"product_tag","embeddable":true,"href":"https:\/\/editura-unibuc.ro\/en\/wp-json\/wp\/v2\/product_tag?post=25161"}],"curies":[{"name":"wp","href":"https:\/\/api.w.org\/{rel}","templated":true}]}}