{"id":2517,"date":"2012-09-20T13:09:05","date_gmt":"2012-09-20T10:09:05","guid":{"rendered":"https:\/\/editura-unibuc.ro\/?p=2517"},"modified":"2015-10-27T13:27:56","modified_gmt":"2015-10-27T11:27:56","slug":"surse-de-informare-pentru-serviciile-de-referinte","status":"publish","type":"product","link":"https:\/\/editura-unibuc.ro\/en\/surse-de-informare-pentru-serviciile-de-referinte\/","title":{"rendered":"SOURCES OF INFORMATION FOR THE REFERENCE SERVICES"},"content":{"rendered":"<p>Pentru a r\u0103spunde cererilor de informare ale utilizatorilor, bibliotecarii de referin\u021be trebuie s\u0103 \u0219tie unde s\u0103 caute informa\u021bii, cum s\u0103 le selecteze \u0219i evalueze. Colec\u021bia lucr\u0103rilor de referin\u021be r\u0103m\u00e2ne esen\u021bial\u0103 \u00eentr-o bibliotec\u0103, indiferent de schimb\u0103rle recente ap\u0103rute ca urmare a dezvolt\u0103rii serviciilor de informare digitale \u0219i a disponibilit\u0103\u021bii unui volum tot mai mare de informa\u021bie electronic\u0103 online.<\/p>\n<p>Lucrarea Surse de informare pentru serviciile de referin\u021be analizeaz\u0103 tipurile de documente care alc\u0103tuiesc colec\u021bia clasic\u0103 de referin\u021be \u2013 bibliografiile, indexurile, cataloagele, enciclopediile, dic\u021bionarele, sursele factice, sursele biografice, sursele geografice \u0219i documentele guvernamentale, cu exemple \u0219i defini\u021bii, aspecte privind evolu\u021bia lor \u00een timp, dar \u0219i modul \u00een care pot fi evaluate \u0219i utilizate.<\/p>\n","protected":false},"excerpt":{"rendered":"<p>Pentru a r\u0103spunde cererilor de informare ale utilizatorilor, bibliotecarii de referin\u021be trebuie s\u0103 \u0219tie unde s\u0103 caute informa\u021bii, cum s\u0103 le selecteze \u0219i evalueze. Colec\u021bia lucr\u0103rilor de referin\u021be r\u0103m\u00e2ne esen\u021bial\u0103 \u00eentr-o bibliotec\u0103, indiferent de schimb\u0103rle recente ap\u0103rute ca urmare a dezvolt\u0103rii serviciilor de informare digitale \u0219i a disponibilit\u0103\u021bii unui volum tot mai mare de informa\u021bie [&hellip;]<\/p>\n","protected":false},"featured_media":10701,"comment_status":"open","ping_status":"closed","template":"","meta":[],"product_brand":[],"product_cat":[1464,979],"product_tag":[1279,1297,925],"class_list":{"0":"post-2517","1":"product","2":"type-product","3":"status-publish","4":"has-post-thumbnail","6":"product_cat-filologie","7":"product_cat-limba-romana","8":"product_tag-bibliografie","9":"product_tag-biblioteca","10":"product_tag-romana","12":"first","13":"outofstock","14":"shipping-taxable","15":"purchasable","16":"product-type-simple"},"_links":{"self":[{"href":"https:\/\/editura-unibuc.ro\/en\/wp-json\/wp\/v2\/product\/2517","targetHints":{"allow":["GET"]}}],"collection":[{"href":"https:\/\/editura-unibuc.ro\/en\/wp-json\/wp\/v2\/product"}],"about":[{"href":"https:\/\/editura-unibuc.ro\/en\/wp-json\/wp\/v2\/types\/product"}],"replies":[{"embeddable":true,"href":"https:\/\/editura-unibuc.ro\/en\/wp-json\/wp\/v2\/comments?post=2517"}],"wp:featuredmedia":[{"embeddable":true,"href":"https:\/\/editura-unibuc.ro\/en\/wp-json\/wp\/v2\/media\/10701"}],"wp:attachment":[{"href":"https:\/\/editura-unibuc.ro\/en\/wp-json\/wp\/v2\/media?parent=2517"}],"wp:term":[{"taxonomy":"product_brand","embeddable":true,"href":"https:\/\/editura-unibuc.ro\/en\/wp-json\/wp\/v2\/product_brand?post=2517"},{"taxonomy":"product_cat","embeddable":true,"href":"https:\/\/editura-unibuc.ro\/en\/wp-json\/wp\/v2\/product_cat?post=2517"},{"taxonomy":"product_tag","embeddable":true,"href":"https:\/\/editura-unibuc.ro\/en\/wp-json\/wp\/v2\/product_tag?post=2517"}],"curies":[{"name":"wp","href":"https:\/\/api.w.org\/{rel}","templated":true}]}}