{"id":2521,"date":"2012-09-20T13:19:47","date_gmt":"2012-09-20T10:19:47","guid":{"rendered":"https:\/\/editura-unibuc.ro\/?p=2521"},"modified":"2024-04-11T11:36:21","modified_gmt":"2024-04-11T08:36:21","slug":"arhitectura-textului-jurnalistic-actual","status":"publish","type":"product","link":"https:\/\/editura-unibuc.ro\/en\/arhitectura-textului-jurnalistic-actual\/","title":{"rendered":"CONTEMPORARY JOURNALISTIC TEXT ARCHITECTURE"},"content":{"rendered":"<p>Ioana-Cristina P\u00eervu a absolvit Facultatea de Litere a Universit\u0103\u021bii din Bucure\u0219ti (2000). Studii postuniversitare de specializare \u00een lingvistic\u0103 \u0219i comunicare (2001) la aceea\u0219i facultate. Este doctor \u00een filologie (2007) \u0219i, \u00een prezent, asistent la Catedra de limba rom\u00e2n\u0103 a Facult\u0103\u021bii de Litere a Universit\u0103\u021bii din Bucure\u0219ti. A colaborat la apari\u021bia volumelor Interac\u021biunea verbal\u0103 \u00een limba rom\u00e2n\u0103 actual\u0103. Corpus (selectiv). Schi\u021b\u0103 de tipologie (Editura Universit\u0103\u021bii din Bucure\u0219ti, 2002) \u0219i Interac\u021biunea verbal\u0103 (IV II). Aspecte teoretice \u0219i aplicative. Corpus (Editura Universit\u0103\u021bii din Bucure\u0219ti, 2007). A publicat articole \u00een Actele Colocviului Catedrei de limba rom\u00e2n\u0103 la Editura Universit\u0103\u021bii din Bucure\u0219ti \u0219i \u00een alte reviste de specialitate. Membr\u0103 a International Association for Dialogue Analysis (IADA) \u0219i a Romanian Association for Dialogue Analysis (RADA).<\/p>\n","protected":false},"excerpt":{"rendered":"<p>Ioana-Cristina P\u00eervu a absolvit Facultatea de Litere a Universit\u0103\u021bii din Bucure\u0219ti (2000). Studii postuniversitare de specializare \u00een lingvistic\u0103 \u0219i comunicare (2001) la aceea\u0219i facultate. Este doctor \u00een filologie (2007) \u0219i, \u00een prezent, asistent la Catedra de limba rom\u00e2n\u0103 a Facult\u0103\u021bii de Litere a Universit\u0103\u021bii din Bucure\u0219ti. A colaborat la apari\u021bia volumelor Interac\u021biunea verbal\u0103 \u00een limba [&hellip;]<\/p>\n","protected":false},"featured_media":0,"comment_status":"open","ping_status":"closed","template":"","meta":[],"product_brand":[],"product_cat":[1464,979],"product_tag":[1100,925],"class_list":{"0":"post-2521","1":"product","2":"type-product","3":"status-publish","5":"product_cat-filologie","6":"product_cat-limba-romana","7":"product_tag-jurnalism","8":"product_tag-romana","10":"first","11":"instock","12":"shipping-taxable","13":"purchasable","14":"product-type-simple"},"_links":{"self":[{"href":"https:\/\/editura-unibuc.ro\/en\/wp-json\/wp\/v2\/product\/2521","targetHints":{"allow":["GET"]}}],"collection":[{"href":"https:\/\/editura-unibuc.ro\/en\/wp-json\/wp\/v2\/product"}],"about":[{"href":"https:\/\/editura-unibuc.ro\/en\/wp-json\/wp\/v2\/types\/product"}],"replies":[{"embeddable":true,"href":"https:\/\/editura-unibuc.ro\/en\/wp-json\/wp\/v2\/comments?post=2521"}],"wp:attachment":[{"href":"https:\/\/editura-unibuc.ro\/en\/wp-json\/wp\/v2\/media?parent=2521"}],"wp:term":[{"taxonomy":"product_brand","embeddable":true,"href":"https:\/\/editura-unibuc.ro\/en\/wp-json\/wp\/v2\/product_brand?post=2521"},{"taxonomy":"product_cat","embeddable":true,"href":"https:\/\/editura-unibuc.ro\/en\/wp-json\/wp\/v2\/product_cat?post=2521"},{"taxonomy":"product_tag","embeddable":true,"href":"https:\/\/editura-unibuc.ro\/en\/wp-json\/wp\/v2\/product_tag?post=2521"}],"curies":[{"name":"wp","href":"https:\/\/api.w.org\/{rel}","templated":true}]}}