{"id":2529,"date":"2012-09-20T14:12:44","date_gmt":"2012-09-20T11:12:44","guid":{"rendered":"https:\/\/editura-unibuc.ro\/?p=2529"},"modified":"2023-10-06T09:09:56","modified_gmt":"2023-10-06T06:09:56","slug":"retorica-argumentarii-in-discursul-politic-contemporan","status":"publish","type":"product","link":"https:\/\/editura-unibuc.ro\/en\/retorica-argumentarii-in-discursul-politic-contemporan\/","title":{"rendered":"ARGUMENTATION RHETORIC IN PRESENT-DAY POLITICAL DISCOURSE"},"content":{"rendered":"<p>\u201cSegmentul de limbaj examinat de Loara \u0218tef\u0103nescu se afl\u0103 \u00eenc\u0103 \u00een formare, este fluctuant \u0219i insuficient stabilizat; cu at\u00e2t mai mare mi se pare a fi meritul autoarei \u2013 acela de a se situa pe un teren \u00een plin\u0103 mi\u0219care, unde structurile par \u00eenc\u0103 fluide, greu de sesizat\u201d. (Prof. univ. dr. Mihaela Manca\u0219)<\/p>\n<p>\u201cAnaliza discursului politic actual \u00ee\u0219i g\u0103se\u0219te o solid\u0103 fundamentare \u00een aceast\u0103 lucrare \u2013 at\u00e2t \u00eentr-o serie de teorii moderne ale interac\u021biunii comunicative, cu o larg\u0103 deschidere interdisciplinar\u0103, c\u00e2t \u0219i \u00een experien\u021ba practic\u0103 a autoarei, experimentat jurnalist la postul na\u021bional de televiziune. Perspectiva principal\u0103 a discu\u021biei este, \u00een esen\u021b\u0103, cea oferit\u0103 de pragmatic\u0103, \u00een accep\u021bia cuprinz\u0103toare dat\u0103 de Charles Morris, pentru c\u0103 at\u00e2t aspectele retorice, c\u00e2t \u0219i cele semantice ale discursului politic sunt interpretate ca utiliz\u0103ri ale limbajului, determinate de inten\u021biile precise ale unui emi\u021b\u0103tor, care are \u00een vedere un tip particular de destinatar.<\/p>\n<p>De-a dreptul remarcabile, nu numai sub raport strict \u0219tiin\u021bific, sunt deconstruc\u021bia \u00abpseudo-dezbaterii politice televizate\u00bb, prin denun\u021barea naturii ei profund manipulative, \u0219i plonjarea penetrant\u0103 spre subtextele noilor ancor\u0103ri ale sloganului electoral \u00eentr-o zon\u0103 a \u00abmitologiei politice\u00bb. O alt\u0103 sec\u021biune incitant\u0103 a lucr\u0103rii are ca obiect ambiguitatea semantic\u0103, discutat\u0103 at\u00e2t la nivelul macrostructural al strategiilor discursive, c\u00e2t \u0219i la nivelul microstructural, \u00eendeosebi sub aspect lexical. Av\u00e2nd permanent \u00een vedere func\u021biile discursului politic, autoarea identific\u0103 tr\u0103s\u0103turi cu adev\u0103rat relevante ale acestuia, apropiindu-se adesea, prin modul de comentare, de perspectiva \u0219colii britanice cunoscute sub numele de \u00abcritical discourse analysis\u00bb. \u00cen acela\u0219i timp, Loara \u0218tef\u0103nescu face dovada unui fin sim\u021b de observa\u021bie, a unei capacit\u0103\u021bi analitice remarcabile \u0219i a unei perfecte obiectivit\u0103\u021bi \u0219tiin\u021bifice\u201d. (Prof. univ. dr. Liliana Ionescu-Rux\u0103ndoiu)<\/p>\n","protected":false},"excerpt":{"rendered":"<p>\u201cSegmentul de limbaj examinat de Loara \u0218tef\u0103nescu se afl\u0103 \u00eenc\u0103 \u00een formare, este fluctuant \u0219i insuficient stabilizat; cu at\u00e2t mai mare mi se pare a fi meritul autoarei \u2013 acela de a se situa pe un teren \u00een plin\u0103 mi\u0219care, unde structurile par \u00eenc\u0103 fluide, greu de sesizat\u201d. (Prof. univ. dr. Mihaela Manca\u0219) \u201cAnaliza discursului [&hellip;]<\/p>\n","protected":false},"featured_media":10694,"comment_status":"open","ping_status":"closed","template":"","meta":[],"product_brand":[],"product_cat":[1464,979],"product_tag":[952,932,925],"class_list":{"0":"post-2529","1":"product","2":"type-product","3":"status-publish","4":"has-post-thumbnail","6":"product_cat-filologie","7":"product_cat-limba-romana","8":"product_tag-discurs","9":"product_tag-politica","10":"product_tag-romana","12":"first","13":"outofstock","14":"shipping-taxable","15":"purchasable","16":"product-type-simple"},"_links":{"self":[{"href":"https:\/\/editura-unibuc.ro\/en\/wp-json\/wp\/v2\/product\/2529","targetHints":{"allow":["GET"]}}],"collection":[{"href":"https:\/\/editura-unibuc.ro\/en\/wp-json\/wp\/v2\/product"}],"about":[{"href":"https:\/\/editura-unibuc.ro\/en\/wp-json\/wp\/v2\/types\/product"}],"replies":[{"embeddable":true,"href":"https:\/\/editura-unibuc.ro\/en\/wp-json\/wp\/v2\/comments?post=2529"}],"wp:featuredmedia":[{"embeddable":true,"href":"https:\/\/editura-unibuc.ro\/en\/wp-json\/wp\/v2\/media\/10694"}],"wp:attachment":[{"href":"https:\/\/editura-unibuc.ro\/en\/wp-json\/wp\/v2\/media?parent=2529"}],"wp:term":[{"taxonomy":"product_brand","embeddable":true,"href":"https:\/\/editura-unibuc.ro\/en\/wp-json\/wp\/v2\/product_brand?post=2529"},{"taxonomy":"product_cat","embeddable":true,"href":"https:\/\/editura-unibuc.ro\/en\/wp-json\/wp\/v2\/product_cat?post=2529"},{"taxonomy":"product_tag","embeddable":true,"href":"https:\/\/editura-unibuc.ro\/en\/wp-json\/wp\/v2\/product_tag?post=2529"}],"curies":[{"name":"wp","href":"https:\/\/api.w.org\/{rel}","templated":true}]}}