{"id":25335,"date":"2019-08-29T09:19:19","date_gmt":"2019-08-29T06:19:19","guid":{"rendered":"https:\/\/editura-unibuc.ro\/?post_type=product&#038;p=25335"},"modified":"2025-02-20T13:54:52","modified_gmt":"2025-02-20T11:54:52","slug":"geopatterns-volume-4-july-2019","status":"publish","type":"product","link":"https:\/\/editura-unibuc.ro\/en\/geopatterns-volume-4-july-2019\/","title":{"rendered":"GEOPATTERNS,  Volume 4, July 2019"},"content":{"rendered":"<p>Revist\u0103 editat\u0103 de Universitatea din Bucure\u015fti, Center for Risk Studies, Spatial Modelling, Terrestrial and Coastal System Dynamics<\/p>\n","protected":false},"excerpt":{"rendered":"<p>Revist\u0103 editat\u0103 de Universitatea din Bucure\u015fti, Center for Risk Studies, Spatial Modelling, Terrestrial and Coastal System Dynamics<\/p>\n","protected":false},"featured_media":25337,"comment_status":"open","ping_status":"closed","template":"","meta":[],"product_brand":[],"product_cat":[1891,1469,1893,1466,989],"product_tag":[3347,3346,3350,3348,3349,3345],"class_list":{"0":"post-25335","1":"product","2":"type-product","3":"status-publish","4":"has-post-thumbnail","6":"product_cat-download","7":"product_cat-periodice","8":"product_cat-reviste-academice","9":"product_cat-stiinte-ale-naturii","10":"product_cat-geografie","11":"product_tag-bacau-highway","12":"product_tag-deforestation-dynamics","13":"product_tag-disaster-risk-management","14":"product_tag-prahova-river","15":"product_tag-seamounts","16":"product_tag-water-and-culture","18":"first","19":"instock","20":"downloadable","21":"virtual","22":"product-type-simple"},"_links":{"self":[{"href":"https:\/\/editura-unibuc.ro\/en\/wp-json\/wp\/v2\/product\/25335","targetHints":{"allow":["GET"]}}],"collection":[{"href":"https:\/\/editura-unibuc.ro\/en\/wp-json\/wp\/v2\/product"}],"about":[{"href":"https:\/\/editura-unibuc.ro\/en\/wp-json\/wp\/v2\/types\/product"}],"replies":[{"embeddable":true,"href":"https:\/\/editura-unibuc.ro\/en\/wp-json\/wp\/v2\/comments?post=25335"}],"wp:featuredmedia":[{"embeddable":true,"href":"https:\/\/editura-unibuc.ro\/en\/wp-json\/wp\/v2\/media\/25337"}],"wp:attachment":[{"href":"https:\/\/editura-unibuc.ro\/en\/wp-json\/wp\/v2\/media?parent=25335"}],"wp:term":[{"taxonomy":"product_brand","embeddable":true,"href":"https:\/\/editura-unibuc.ro\/en\/wp-json\/wp\/v2\/product_brand?post=25335"},{"taxonomy":"product_cat","embeddable":true,"href":"https:\/\/editura-unibuc.ro\/en\/wp-json\/wp\/v2\/product_cat?post=25335"},{"taxonomy":"product_tag","embeddable":true,"href":"https:\/\/editura-unibuc.ro\/en\/wp-json\/wp\/v2\/product_tag?post=25335"}],"curies":[{"name":"wp","href":"https:\/\/api.w.org\/{rel}","templated":true}]}}