{"id":2534,"date":"2012-09-20T14:24:24","date_gmt":"2012-09-20T11:24:24","guid":{"rendered":"https:\/\/editura-unibuc.ro\/?p=2534"},"modified":"2025-08-07T11:57:24","modified_gmt":"2025-08-07T08:57:24","slug":"studia-doctoralia-vol-ii2008-lucrari-ale-doctoranzilor-scolii-doctorale-de-studii-literare-si-culturale-din-cadrul-universitatii-din-bucuresti","status":"publish","type":"product","link":"https:\/\/editura-unibuc.ro\/en\/studia-doctoralia-vol-ii2008-lucrari-ale-doctoranzilor-scolii-doctorale-de-studii-literare-si-culturale-din-cadrul-universitatii-din-bucuresti\/","title":{"rendered":"STUDIA DOCTORALIA. VOL II 2008. PAPERS WRITTEN BY THE CANDIDATES OF THE LITERARY AND CULTURAL STUDIES DOCTORAL SCHOOL OF BUCHAREST UNIVERSITY"},"content":{"rendered":"<p>&lt;Cele 32 de lucr\u0103ri, \u00een limbile rom\u00e2n\u0103, englez\u0103 sau francez\u0103, deschid perspective spre vaste arii culturale, de la (\u00een spiritul lui Mircea Eliade) o viziune elin\u0103 asupra centrului lumii (deplasabil la greci, care \u00ee\u0219i \u00eenchipuiau P\u0103m\u00e2ntul ca pe o fiin\u021b\u0103 \u00eentins\u0103 pe spate, cu dou\u0103 astfel de centre, unul profetic, la Delfi, cel\u0103lalt al ra\u021biunii apolinice, la Atena), la receptarea conceptului de <strong>Dao<\/strong> \u00een cultura occidental\u0103, de la reac\u021biile critice americane privind conceptul sacrului la Mircea Eliade la studiul cantitativ\/statistic \u0219i calitativ al discursurilor oficiale americane dup\u0103 evenimentele din 11 septembrie 2001.<\/p>\n<p>Fiecare articol se \u00eencheie cu bibliografa utilizat\u0103, adesea structurat\u0103 pe ac\u021biuni (uneori incluz\u00e2nd \u0219i o sec\u021biune <strong>web<\/strong>).<\/p>","protected":false},"excerpt":{"rendered":"<p>&lt;Cele 32 de lucr\u0103ri, \u00een limbile rom\u00e2n\u0103, englez\u0103 sau francez\u0103, deschid perspective spre vaste arii culturale, de la (\u00een spiritul lui Mircea Eliade) o viziune elin\u0103 asupra centrului lumii (deplasabil la greci, care \u00ee\u0219i \u00eenchipuiau P\u0103m\u00e2ntul ca pe o fiin\u021b\u0103 \u00eentins\u0103 pe spate, cu dou\u0103 astfel de centre, unul profetic, la Delfi, cel\u0103lalt al ra\u021biunii [&hellip;]<\/p>\n","protected":false},"featured_media":10691,"comment_status":"open","ping_status":"closed","template":"","meta":[],"product_brand":[],"product_cat":[1464,979],"product_tag":[1063,925],"class_list":{"0":"post-2534","1":"product","2":"type-product","3":"status-publish","4":"has-post-thumbnail","6":"product_cat-filologie","7":"product_cat-limba-romana","8":"product_tag-doctorat","9":"product_tag-romana","11":"first","12":"outofstock","13":"shipping-taxable","14":"purchasable","15":"product-type-simple"},"_links":{"self":[{"href":"https:\/\/editura-unibuc.ro\/en\/wp-json\/wp\/v2\/product\/2534","targetHints":{"allow":["GET"]}}],"collection":[{"href":"https:\/\/editura-unibuc.ro\/en\/wp-json\/wp\/v2\/product"}],"about":[{"href":"https:\/\/editura-unibuc.ro\/en\/wp-json\/wp\/v2\/types\/product"}],"replies":[{"embeddable":true,"href":"https:\/\/editura-unibuc.ro\/en\/wp-json\/wp\/v2\/comments?post=2534"}],"wp:featuredmedia":[{"embeddable":true,"href":"https:\/\/editura-unibuc.ro\/en\/wp-json\/wp\/v2\/media\/10691"}],"wp:attachment":[{"href":"https:\/\/editura-unibuc.ro\/en\/wp-json\/wp\/v2\/media?parent=2534"}],"wp:term":[{"taxonomy":"product_brand","embeddable":true,"href":"https:\/\/editura-unibuc.ro\/en\/wp-json\/wp\/v2\/product_brand?post=2534"},{"taxonomy":"product_cat","embeddable":true,"href":"https:\/\/editura-unibuc.ro\/en\/wp-json\/wp\/v2\/product_cat?post=2534"},{"taxonomy":"product_tag","embeddable":true,"href":"https:\/\/editura-unibuc.ro\/en\/wp-json\/wp\/v2\/product_tag?post=2534"}],"curies":[{"name":"wp","href":"https:\/\/api.w.org\/{rel}","templated":true}]}}