{"id":2542,"date":"2012-09-22T13:06:57","date_gmt":"2012-09-22T10:06:57","guid":{"rendered":"https:\/\/editura-unibuc.ro\/?p=2542"},"modified":"2025-08-07T10:54:31","modified_gmt":"2025-08-07T07:54:31","slug":"romanian-culture-in-the-global-age","status":"publish","type":"product","link":"https:\/\/editura-unibuc.ro\/en\/romanian-culture-in-the-global-age\/","title":{"rendered":"ROMANIAN CULTURE IN THE GLOBAL AGE"},"content":{"rendered":"<p>The contributors to the present volume attempt to provide answers to several topical questions related to the shaping of the Romanian cultural identity and the location of Romanian culture in the global world following the country\u2019s new status as a NATO and an E.U. member. Acest volum a fost realizat \u00een cadrul proiectului Spa\u021biul cultural rom\u00e2nesc \u00een perspectiv\u0103 transatlantic\u0103: De la post-comunism la post-aderare, sprijinit prin grantul CNCSIS PNII \u2013 Idei nr. 205\/2007, cod proiect 1000, director de proiect Prof. univ. dr. Rodica Mih\u0103il\u0103.<\/p>\n","protected":false},"excerpt":{"rendered":"<p>The contributors to the present volume attempt to provide answers to several topical questions related to the shaping of the Romanian cultural identity and the location of Romanian culture in the global world following the country\u2019s new status as a NATO and an E.U. member. Acest volum a fost realizat \u00een cadrul proiectului Spa\u021biul cultural [&hellip;]<\/p>\n","protected":false},"featured_media":10679,"comment_status":"closed","ping_status":"closed","template":"","meta":[],"product_brand":[],"product_cat":[1464,976],"product_tag":[920,926,925],"class_list":{"0":"post-2542","1":"product","2":"type-product","3":"status-publish","4":"has-post-thumbnail","6":"product_cat-filologie","7":"product_cat-limba-engleza","8":"product_tag-cultura","9":"product_tag-engleza","10":"product_tag-romana","12":"first","13":"outofstock","14":"shipping-taxable","15":"purchasable","16":"product-type-simple"},"_links":{"self":[{"href":"https:\/\/editura-unibuc.ro\/en\/wp-json\/wp\/v2\/product\/2542","targetHints":{"allow":["GET"]}}],"collection":[{"href":"https:\/\/editura-unibuc.ro\/en\/wp-json\/wp\/v2\/product"}],"about":[{"href":"https:\/\/editura-unibuc.ro\/en\/wp-json\/wp\/v2\/types\/product"}],"replies":[{"embeddable":true,"href":"https:\/\/editura-unibuc.ro\/en\/wp-json\/wp\/v2\/comments?post=2542"}],"wp:featuredmedia":[{"embeddable":true,"href":"https:\/\/editura-unibuc.ro\/en\/wp-json\/wp\/v2\/media\/10679"}],"wp:attachment":[{"href":"https:\/\/editura-unibuc.ro\/en\/wp-json\/wp\/v2\/media?parent=2542"}],"wp:term":[{"taxonomy":"product_brand","embeddable":true,"href":"https:\/\/editura-unibuc.ro\/en\/wp-json\/wp\/v2\/product_brand?post=2542"},{"taxonomy":"product_cat","embeddable":true,"href":"https:\/\/editura-unibuc.ro\/en\/wp-json\/wp\/v2\/product_cat?post=2542"},{"taxonomy":"product_tag","embeddable":true,"href":"https:\/\/editura-unibuc.ro\/en\/wp-json\/wp\/v2\/product_tag?post=2542"}],"curies":[{"name":"wp","href":"https:\/\/api.w.org\/{rel}","templated":true}]}}