{"id":25476,"date":"2019-09-23T10:39:01","date_gmt":"2019-09-23T07:39:01","guid":{"rendered":"https:\/\/editura-unibuc.ro\/?post_type=product&#038;p=25476"},"modified":"2025-05-06T12:06:52","modified_gmt":"2025-05-06T09:06:52","slug":"contesa-cosel-roman-istoric","status":"publish","type":"product","link":"https:\/\/editura-unibuc.ro\/en\/contesa-cosel-roman-istoric\/","title":{"rendered":"CONTESA COSEL \u2013 ROMAN ISTORIC"},"content":{"rendered":"<hr \/>\n<p><strong><a href=\"https:\/\/books.google.ro\/books\/about?id=Q_JaEAAAQBAJ&#038;redir_esc=y\" target=\"_blank\" rel=\"noopener\"><img decoding=\"async\" src=\"https:\/\/editura-unibuc.ro\/wp-content\/uploads\/2025\/04\/goo.png\" \/>Google Books<\/a><\/strong><br \/>&nbsp;<\/p>\n<hr \/>\n<p>Romanul lui Kraszewski \u00eembin\u0103 documentarea istoric\u0103 temeinic\u0103 cu nara\u021biunea captivant\u0103, reu\u0219ind astfel s\u0103 apropie cititorului contemporan lui o epoc\u0103 istoric\u0103  important\u0103. Kraszewski abordeaz\u0103 \u0219i prezint\u0103 problemele istoriei \u00eentr-un mod profund, dar \u00een acela\u0219i timp accesibil.<\/p>\n","protected":false},"excerpt":{"rendered":"<p>Google Books&nbsp; Romanul lui Kraszewski \u00eembin\u0103 documentarea istoric\u0103 temeinic\u0103 cu nara\u021biunea captivant\u0103, reu\u0219ind astfel s\u0103 apropie cititorului contemporan lui o epoc\u0103 istoric\u0103 important\u0103. Kraszewski abordeaz\u0103 \u0219i prezint\u0103 problemele istoriei \u00eentr-un mod profund, dar \u00een acela\u0219i timp accesibil.<\/p>\n","protected":false},"featured_media":25479,"comment_status":"open","ping_status":"closed","template":"","meta":[],"product_brand":[],"product_cat":[1464,979],"product_tag":[2624,3353,3352],"class_list":{"0":"post-25476","1":"product","2":"type-product","3":"status-publish","4":"has-post-thumbnail","6":"product_cat-filologie","7":"product_cat-limba-romana","8":"product_tag-anca-irina-ionescu","9":"product_tag-jozef-ignacy-kraszewski","10":"product_tag-roman-istoric","12":"first","13":"instock","14":"shipping-taxable","15":"purchasable","16":"product-type-simple"},"_links":{"self":[{"href":"https:\/\/editura-unibuc.ro\/en\/wp-json\/wp\/v2\/product\/25476","targetHints":{"allow":["GET"]}}],"collection":[{"href":"https:\/\/editura-unibuc.ro\/en\/wp-json\/wp\/v2\/product"}],"about":[{"href":"https:\/\/editura-unibuc.ro\/en\/wp-json\/wp\/v2\/types\/product"}],"replies":[{"embeddable":true,"href":"https:\/\/editura-unibuc.ro\/en\/wp-json\/wp\/v2\/comments?post=25476"}],"wp:featuredmedia":[{"embeddable":true,"href":"https:\/\/editura-unibuc.ro\/en\/wp-json\/wp\/v2\/media\/25479"}],"wp:attachment":[{"href":"https:\/\/editura-unibuc.ro\/en\/wp-json\/wp\/v2\/media?parent=25476"}],"wp:term":[{"taxonomy":"product_brand","embeddable":true,"href":"https:\/\/editura-unibuc.ro\/en\/wp-json\/wp\/v2\/product_brand?post=25476"},{"taxonomy":"product_cat","embeddable":true,"href":"https:\/\/editura-unibuc.ro\/en\/wp-json\/wp\/v2\/product_cat?post=25476"},{"taxonomy":"product_tag","embeddable":true,"href":"https:\/\/editura-unibuc.ro\/en\/wp-json\/wp\/v2\/product_tag?post=25476"}],"curies":[{"name":"wp","href":"https:\/\/api.w.org\/{rel}","templated":true}]}}