{"id":25480,"date":"2019-09-23T10:41:59","date_gmt":"2019-09-23T07:41:59","guid":{"rendered":"https:\/\/editura-unibuc.ro\/?post_type=product&#038;p=25480"},"modified":"2023-03-31T10:46:42","modified_gmt":"2023-03-31T07:46:42","slug":"exercitii-de-hermeneutica","status":"publish","type":"product","link":"https:\/\/editura-unibuc.ro\/en\/exercitii-de-hermeneutica\/","title":{"rendered":"EXERCI\u021aII DE HERMENEUTIC\u0102"},"content":{"rendered":"<p>Din cuprins:<\/p>\n<p>Pentru ce istoria filosofiei?;<br \/>\nObiectivitate, fidelitate \u0219i infidelitate;<br \/>\nIstoria \u0219tiin\u021belor ca devenire \u00een sistem;<br \/>\nFilosofie \u0219i poezie;<br \/>\nO antimetafizic\u0103 pentru reconstruc\u021bia critic\u0103 a metafizicii;<br \/>\nPluralismele \u0219i aporetica;<br \/>\nFiin\u021ba \u00een sine, fiin\u021ba ca altul;<br \/>\nParticiparea \u00een resemnificare metafizic\u0103;<br \/>\nAporetica proclean\u0103;<br \/>\nTrei defini\u021bii ale omului etc.<\/p>","protected":false},"excerpt":{"rendered":"<p>Din cuprins: Pentru ce istoria filosofiei?; Obiectivitate, fidelitate \u0219i infidelitate; Istoria \u0219tiin\u021belor ca devenire \u00een sistem; Filosofie \u0219i poezie; O antimetafizic\u0103 pentru reconstruc\u021bia critic\u0103 a metafizicii; Pluralismele \u0219i aporetica; Fiin\u021ba \u00een sine, fiin\u021ba ca altul; Participarea \u00een resemnificare metafizic\u0103; Aporetica proclean\u0103; Trei defini\u021bii ale omului etc.<\/p>\n","protected":false},"featured_media":25478,"comment_status":"open","ping_status":"closed","template":"","meta":[],"product_brand":[],"product_cat":[1531,2554,991,994],"product_tag":[3354,2109,2557,960],"class_list":{"0":"post-25480","1":"product","2":"type-product","3":"status-publish","4":"has-post-thumbnail","6":"product_cat-colectii","7":"product_cat-istoria-filosofiei","8":"product_cat-stiinte-sociale","9":"product_cat-filosofie","10":"product_tag-amtimetafizica","11":"product_tag-gheorghe-vladutescu","12":"product_tag-istoria-filosofiei","13":"product_tag-metafizica","15":"first","16":"outofstock","17":"shipping-taxable","18":"purchasable","19":"product-type-simple"},"_links":{"self":[{"href":"https:\/\/editura-unibuc.ro\/en\/wp-json\/wp\/v2\/product\/25480","targetHints":{"allow":["GET"]}}],"collection":[{"href":"https:\/\/editura-unibuc.ro\/en\/wp-json\/wp\/v2\/product"}],"about":[{"href":"https:\/\/editura-unibuc.ro\/en\/wp-json\/wp\/v2\/types\/product"}],"replies":[{"embeddable":true,"href":"https:\/\/editura-unibuc.ro\/en\/wp-json\/wp\/v2\/comments?post=25480"}],"wp:featuredmedia":[{"embeddable":true,"href":"https:\/\/editura-unibuc.ro\/en\/wp-json\/wp\/v2\/media\/25478"}],"wp:attachment":[{"href":"https:\/\/editura-unibuc.ro\/en\/wp-json\/wp\/v2\/media?parent=25480"}],"wp:term":[{"taxonomy":"product_brand","embeddable":true,"href":"https:\/\/editura-unibuc.ro\/en\/wp-json\/wp\/v2\/product_brand?post=25480"},{"taxonomy":"product_cat","embeddable":true,"href":"https:\/\/editura-unibuc.ro\/en\/wp-json\/wp\/v2\/product_cat?post=25480"},{"taxonomy":"product_tag","embeddable":true,"href":"https:\/\/editura-unibuc.ro\/en\/wp-json\/wp\/v2\/product_tag?post=25480"}],"curies":[{"name":"wp","href":"https:\/\/api.w.org\/{rel}","templated":true}]}}