{"id":25481,"date":"2019-09-23T10:44:19","date_gmt":"2019-09-23T07:44:19","guid":{"rendered":"https:\/\/editura-unibuc.ro\/?post_type=product&#038;p=25481"},"modified":"2022-10-06T12:02:47","modified_gmt":"2022-10-06T09:02:47","slug":"banda-desenata-resursa-didactica-in-achizitia-limbii-romane-ca-limba-straina","status":"publish","type":"product","link":"https:\/\/editura-unibuc.ro\/en\/banda-desenata-resursa-didactica-in-achizitia-limbii-romane-ca-limba-straina\/","title":{"rendered":"BANDA DESENAT\u0102: RESURS\u0102 DIDACTIC\u0102 \u00ceN ACHIZI\u021aIA LIMBII ROM\u00c2NE CA LIMB\u0102 STR\u0102IN\u0102"},"content":{"rendered":"<p>Obiectivul acestei lucr\u0103ri este acela de a oferi un instrument de lucru interesant, amuzant \u0219i, \u00een acela\u0219i timp, serios, cu ajutorul c\u0103ruia studen\u021bii, dar \u0219i publicul interesat, s\u0103 poat\u0103 exersa diferite competen\u021be necesare comunic\u0103rii eficiente \u00een limba rom\u00e2n\u0103.<\/p>\n","protected":false},"excerpt":{"rendered":"<p>Obiectivul acestei lucr\u0103ri este acela de a oferi un instrument de lucru interesant, amuzant \u0219i, \u00een acela\u0219i timp, serios, cu ajutorul c\u0103ruia studen\u021bii, dar \u0219i publicul interesat, s\u0103 poat\u0103 exersa diferite competen\u021be necesare comunic\u0103rii eficiente \u00een limba rom\u00e2n\u0103.<\/p>\n","protected":false},"featured_media":25477,"comment_status":"open","ping_status":"closed","template":"","meta":[],"product_brand":[],"product_cat":[1464,979],"product_tag":[3356,3355,3201,3360,3358,3357,3359],"class_list":{"0":"post-25481","1":"product","2":"type-product","3":"status-publish","4":"has-post-thumbnail","6":"product_cat-filologie","7":"product_cat-limba-romana","8":"product_tag-banda-desenata-europeana","9":"product_tag-comics","10":"product_tag-lectura","11":"product_tag-madalina-spataru-pralea","12":"product_tag-relatia-text-imagine","13":"product_tag-reviste-bd","14":"product_tag-scriere","16":"first","17":"instock","18":"shipping-taxable","19":"purchasable","20":"product-type-simple"},"_links":{"self":[{"href":"https:\/\/editura-unibuc.ro\/en\/wp-json\/wp\/v2\/product\/25481","targetHints":{"allow":["GET"]}}],"collection":[{"href":"https:\/\/editura-unibuc.ro\/en\/wp-json\/wp\/v2\/product"}],"about":[{"href":"https:\/\/editura-unibuc.ro\/en\/wp-json\/wp\/v2\/types\/product"}],"replies":[{"embeddable":true,"href":"https:\/\/editura-unibuc.ro\/en\/wp-json\/wp\/v2\/comments?post=25481"}],"wp:featuredmedia":[{"embeddable":true,"href":"https:\/\/editura-unibuc.ro\/en\/wp-json\/wp\/v2\/media\/25477"}],"wp:attachment":[{"href":"https:\/\/editura-unibuc.ro\/en\/wp-json\/wp\/v2\/media?parent=25481"}],"wp:term":[{"taxonomy":"product_brand","embeddable":true,"href":"https:\/\/editura-unibuc.ro\/en\/wp-json\/wp\/v2\/product_brand?post=25481"},{"taxonomy":"product_cat","embeddable":true,"href":"https:\/\/editura-unibuc.ro\/en\/wp-json\/wp\/v2\/product_cat?post=25481"},{"taxonomy":"product_tag","embeddable":true,"href":"https:\/\/editura-unibuc.ro\/en\/wp-json\/wp\/v2\/product_tag?post=25481"}],"curies":[{"name":"wp","href":"https:\/\/api.w.org\/{rel}","templated":true}]}}