{"id":25514,"date":"2019-09-24T18:52:15","date_gmt":"2019-09-24T15:52:15","guid":{"rendered":"https:\/\/editura-unibuc.ro\/?post_type=product&#038;p=25514"},"modified":"2025-07-17T12:57:07","modified_gmt":"2025-07-17T09:57:07","slug":"gramatica-limbii-bulgare-in-tabele-exercitii-si-teste-verbul","status":"publish","type":"product","link":"https:\/\/editura-unibuc.ro\/en\/gramatica-limbii-bulgare-in-tabele-exercitii-si-teste-verbul\/","title":{"rendered":"BULGARIAN GRAMMAR THROUGH TABLES, EXERCISES AND TESTS. VERB"},"content":{"rendered":"<p>\u201e\u00cen paralel cu descrierea teoretic\u0103 de tip semantico-func\u021bional, cu accent pe aspectele pragmatice ale diferitelor categorii verbale, cu exemplific\u0103ri edificatoare, pentru o mai mare eficien\u021b\u0103, informa\u021bia este apoi sistematizat\u0103 \u00een tabele. Dup\u0103 fiecare capitol urmeaz\u0103 teste de verificare a materialului parcurs, iar la finalul c\u0103r\u021bii \u2013 un num\u0103r apreciabil de exerci\u0163ii, cu forme \u015fi grade de dificultate diferite, precum \u0219i tabele cu conjug\u0103rile a 65 dintre cele mai uzitate verbe.\u201d (Autoarea)<\/p>\n","protected":false},"excerpt":{"rendered":"<p>\u201e\u00cen paralel cu descrierea teoretic\u0103 de tip semantico-func\u021bional, cu accent pe aspectele pragmatice ale diferitelor categorii verbale, cu exemplific\u0103ri edificatoare, pentru o mai mare eficien\u021b\u0103, informa\u021bia este apoi sistematizat\u0103 \u00een tabele. Dup\u0103 fiecare capitol urmeaz\u0103 teste de verificare a materialului parcurs, iar la finalul c\u0103r\u021bii \u2013 un num\u0103r apreciabil de exerci\u0163ii, cu forme \u015fi grade [&hellip;]<\/p>\n","protected":false},"featured_media":25518,"comment_status":"open","ping_status":"closed","template":"","meta":[],"product_brand":[],"product_cat":[1531,2653,1464,981],"product_tag":[3363,3362,1984,3364],"class_list":{"0":"post-25514","1":"product","2":"type-product","3":"status-publish","4":"has-post-thumbnail","6":"product_cat-colectii","7":"product_cat-biblioteca-de-slavistica","8":"product_cat-filologie","9":"product_cat-limbi-slave","10":"product_tag-gramatica-limbii-bulgare","11":"product_tag-invatarea-limbilor-straine","12":"product_tag-limba-bulgara","13":"product_tag-verbul-in-limba-bulgara","15":"first","16":"instock","17":"shipping-taxable","18":"purchasable","19":"product-type-simple"},"_links":{"self":[{"href":"https:\/\/editura-unibuc.ro\/en\/wp-json\/wp\/v2\/product\/25514","targetHints":{"allow":["GET"]}}],"collection":[{"href":"https:\/\/editura-unibuc.ro\/en\/wp-json\/wp\/v2\/product"}],"about":[{"href":"https:\/\/editura-unibuc.ro\/en\/wp-json\/wp\/v2\/types\/product"}],"replies":[{"embeddable":true,"href":"https:\/\/editura-unibuc.ro\/en\/wp-json\/wp\/v2\/comments?post=25514"}],"wp:featuredmedia":[{"embeddable":true,"href":"https:\/\/editura-unibuc.ro\/en\/wp-json\/wp\/v2\/media\/25518"}],"wp:attachment":[{"href":"https:\/\/editura-unibuc.ro\/en\/wp-json\/wp\/v2\/media?parent=25514"}],"wp:term":[{"taxonomy":"product_brand","embeddable":true,"href":"https:\/\/editura-unibuc.ro\/en\/wp-json\/wp\/v2\/product_brand?post=25514"},{"taxonomy":"product_cat","embeddable":true,"href":"https:\/\/editura-unibuc.ro\/en\/wp-json\/wp\/v2\/product_cat?post=25514"},{"taxonomy":"product_tag","embeddable":true,"href":"https:\/\/editura-unibuc.ro\/en\/wp-json\/wp\/v2\/product_tag?post=25514"}],"curies":[{"name":"wp","href":"https:\/\/api.w.org\/{rel}","templated":true}]}}