{"id":25520,"date":"2019-09-24T18:59:21","date_gmt":"2019-09-24T15:59:21","guid":{"rendered":"https:\/\/editura-unibuc.ro\/?post_type=product&#038;p=25520"},"modified":"2025-08-06T10:20:43","modified_gmt":"2025-08-06T07:20:43","slug":"achizitia-limbajului-economic-romanesc-repere-teoretice-si-practice","status":"publish","type":"product","link":"https:\/\/editura-unibuc.ro\/en\/achizitia-limbajului-economic-romanesc-repere-teoretice-si-practice\/","title":{"rendered":"THE ACQUISITION OF THE ROMANIAN ECONOMIC LANGUAGE. THEORETICAL AND PRACTICAL FRAMEWORKS"},"content":{"rendered":"<p>\u201eLucrarea pe care o propunem se adreseaz\u0103 cursan\u021bilor din anul preg\u0103titor, cu un nivel mediu de cunoa\u0219tere a limbii rom\u00e2ne, care urmeaz\u0103 s\u0103 studieze diferite subdomenii ale \u0219tiin\u021belor economice \u0219i care vor fi nevoi\u021bi s\u0103 utilizeze limbajele specifice acestor discipline \u00een activitatea lor profesional\u0103.<\/p>\n<p>Prin activit\u0103\u021bile \u0219i exerci\u021biile variate \u0219i cu grade de dificultate diferite, le oferim cursan\u021bilor numeroase ocazii \u00een care s\u0103 \u00ee\u0219i poat\u0103 exersa, \u00een mod eficient, \u0219i, sper\u0103m, pl\u0103cut, abilit\u0103\u021bile, competen\u021bele \u0219i comportamentele necesare unei comunic\u0103ri eficiente \u00een domeniul studiat. \u00cen plus, acestea vizeaz\u0103 \u0219i achizi\u021bia unor competen\u021be transversale, pentru a putea fi utilizate de un public cu profil divers.\u02ee (Autoarea)<\/p>\n","protected":false},"excerpt":{"rendered":"<p>\u201eLucrarea pe care o propunem se adreseaz\u0103 cursan\u021bilor din anul preg\u0103titor, cu un nivel mediu de cunoa\u0219tere a limbii rom\u00e2ne, care urmeaz\u0103 s\u0103 studieze diferite subdomenii ale \u0219tiin\u021belor economice \u0219i care vor fi nevoi\u021bi s\u0103 utilizeze limbajele specifice acestor discipline \u00een activitatea lor profesional\u0103. Prin activit\u0103\u021bile \u0219i exerci\u021biile variate \u0219i cu grade de dificultate diferite, [&hellip;]<\/p>\n","protected":false},"featured_media":25523,"comment_status":"open","ping_status":"closed","template":"","meta":[],"product_brand":[],"product_cat":[1464,979],"product_tag":[3107,1093,3365,3366],"class_list":{"0":"post-25520","1":"product","2":"type-product","3":"status-publish","4":"has-post-thumbnail","6":"product_cat-filologie","7":"product_cat-limba-romana","8":"product_tag-exercitii-rezolvate","9":"product_tag-limba-romana-pentru-straini","10":"product_tag-predarea-limbajului-economic","11":"product_tag-terminologie-economica","13":"first","14":"outofstock","15":"shipping-taxable","16":"purchasable","17":"product-type-simple"},"_links":{"self":[{"href":"https:\/\/editura-unibuc.ro\/en\/wp-json\/wp\/v2\/product\/25520","targetHints":{"allow":["GET"]}}],"collection":[{"href":"https:\/\/editura-unibuc.ro\/en\/wp-json\/wp\/v2\/product"}],"about":[{"href":"https:\/\/editura-unibuc.ro\/en\/wp-json\/wp\/v2\/types\/product"}],"replies":[{"embeddable":true,"href":"https:\/\/editura-unibuc.ro\/en\/wp-json\/wp\/v2\/comments?post=25520"}],"wp:featuredmedia":[{"embeddable":true,"href":"https:\/\/editura-unibuc.ro\/en\/wp-json\/wp\/v2\/media\/25523"}],"wp:attachment":[{"href":"https:\/\/editura-unibuc.ro\/en\/wp-json\/wp\/v2\/media?parent=25520"}],"wp:term":[{"taxonomy":"product_brand","embeddable":true,"href":"https:\/\/editura-unibuc.ro\/en\/wp-json\/wp\/v2\/product_brand?post=25520"},{"taxonomy":"product_cat","embeddable":true,"href":"https:\/\/editura-unibuc.ro\/en\/wp-json\/wp\/v2\/product_cat?post=25520"},{"taxonomy":"product_tag","embeddable":true,"href":"https:\/\/editura-unibuc.ro\/en\/wp-json\/wp\/v2\/product_tag?post=25520"}],"curies":[{"name":"wp","href":"https:\/\/api.w.org\/{rel}","templated":true}]}}