{"id":25525,"date":"2019-09-24T19:02:44","date_gmt":"2019-09-24T16:02:44","guid":{"rendered":"https:\/\/editura-unibuc.ro\/?post_type=product&#038;p=25525"},"modified":"2025-05-08T12:11:14","modified_gmt":"2025-05-08T09:11:14","slug":"glosar-de-cuvinte-rare-si-uitate-editia-a-doua-revazuta-si-adaugita","status":"publish","type":"product","link":"https:\/\/editura-unibuc.ro\/en\/glosar-de-cuvinte-rare-si-uitate-editia-a-doua-revazuta-si-adaugita\/","title":{"rendered":"GLOSSARY OF RARE AND FORGOTTEN WORDS. Second Edition, Revised and Expanded"},"content":{"rendered":"<hr \/>\n<p><strong><a href=\"https:\/\/books.google.ro\/books\/about?id=whRbEAAAQBAJ&#038;redir_esc=y\" target=\"_blank\" rel=\"noopener\"><img decoding=\"async\" src=\"https:\/\/editura-unibuc.ro\/wp-content\/uploads\/2025\/04\/goo.png\" \/>Google Books<\/a><\/strong><br \/>&nbsp;<\/p>\n<hr \/>\n<p>\u201eAm numit glosarul de cuvinte \u00abrare\u00bb, neav\u00e2nd o circula\u0163ie larg\u0103, doar \u00een cercuri restr\u00e2nse, locale, de ocazie sau chiar crea\u0163ii personale, utilizate \u00een beletristic\u0103, reviste, studii cu o difuzare mai modest\u0103, iar cele \u00abuitate\u00bb, cele mai numeroase stau \u015fi ast\u0103zi \u00ab\u00eengropate\u00bb \u00een documentele de arhiv\u0103 [\u2026].\u201d<\/p>\n<p>\u201eAm renun\u0163at la modelul primei edi\u0163ii de a grupa termenii pe capitole de probleme, \u00eentregul material fiind ordonat alfabetic, mult mai bogat, incluz\u00e2nd, ca p\u0103r\u0163i morfologice, \u00een afara substantivelor, adjective, verbe, adverbe. La unii termeni am f\u0103cut precizarea c\u0103 sunt atestate \u00een DA\/DLR\/MDA, dar sub alt\u0103 form\u0103 sau cu alt \u00een\u0163eles fa\u0163\u0103 de cel din Glosar.\u201d (Autorul)<\/p>\n","protected":false},"excerpt":{"rendered":"<p>Google Books&nbsp; \u201eAm numit glosarul de cuvinte \u00abrare\u00bb, neav\u00e2nd o circula\u0163ie larg\u0103, doar \u00een cercuri restr\u00e2nse, locale, de ocazie sau chiar crea\u0163ii personale, utilizate \u00een beletristic\u0103, reviste, studii cu o difuzare mai modest\u0103, iar cele \u00abuitate\u00bb, cele mai numeroase stau \u015fi ast\u0103zi \u00ab\u00eengropate\u00bb \u00een documentele de arhiv\u0103 [\u2026].\u201d \u201eAm renun\u0163at la modelul primei edi\u0163ii de [&hellip;]<\/p>\n","protected":false},"featured_media":25521,"comment_status":"open","ping_status":"closed","template":"","meta":[],"product_brand":[],"product_cat":[1464,979],"product_tag":[3367,3368,1044,866],"class_list":{"0":"post-25525","1":"product","2":"type-product","3":"status-publish","4":"has-post-thumbnail","6":"product_cat-filologie","7":"product_cat-limba-romana","8":"product_tag-cuvinte-rare","9":"product_tag-cuvinte-uitate","10":"product_tag-filologie","11":"product_tag-limba-romana-veche","13":"first","14":"outofstock","15":"shipping-taxable","16":"purchasable","17":"product-type-simple"},"_links":{"self":[{"href":"https:\/\/editura-unibuc.ro\/en\/wp-json\/wp\/v2\/product\/25525","targetHints":{"allow":["GET"]}}],"collection":[{"href":"https:\/\/editura-unibuc.ro\/en\/wp-json\/wp\/v2\/product"}],"about":[{"href":"https:\/\/editura-unibuc.ro\/en\/wp-json\/wp\/v2\/types\/product"}],"replies":[{"embeddable":true,"href":"https:\/\/editura-unibuc.ro\/en\/wp-json\/wp\/v2\/comments?post=25525"}],"wp:featuredmedia":[{"embeddable":true,"href":"https:\/\/editura-unibuc.ro\/en\/wp-json\/wp\/v2\/media\/25521"}],"wp:attachment":[{"href":"https:\/\/editura-unibuc.ro\/en\/wp-json\/wp\/v2\/media?parent=25525"}],"wp:term":[{"taxonomy":"product_brand","embeddable":true,"href":"https:\/\/editura-unibuc.ro\/en\/wp-json\/wp\/v2\/product_brand?post=25525"},{"taxonomy":"product_cat","embeddable":true,"href":"https:\/\/editura-unibuc.ro\/en\/wp-json\/wp\/v2\/product_cat?post=25525"},{"taxonomy":"product_tag","embeddable":true,"href":"https:\/\/editura-unibuc.ro\/en\/wp-json\/wp\/v2\/product_tag?post=25525"}],"curies":[{"name":"wp","href":"https:\/\/api.w.org\/{rel}","templated":true}]}}