{"id":25526,"date":"2019-09-24T19:04:14","date_gmt":"2019-09-24T16:04:14","guid":{"rendered":"https:\/\/editura-unibuc.ro\/?post_type=product&#038;p=25526"},"modified":"2025-05-08T12:06:39","modified_gmt":"2025-05-08T09:06:39","slug":"geologie-inginereasca","status":"publish","type":"product","link":"https:\/\/editura-unibuc.ro\/en\/geologie-inginereasca\/","title":{"rendered":"ENGINEERING GEOLOGY"},"content":{"rendered":"<hr \/>\n<p><strong><a href=\"https:\/\/books.google.ro\/books\/about?id=cuRbEAAAQBAJ&#038;redir_esc=y\" target=\"_blank\" rel=\"noopener\"><img decoding=\"async\" src=\"https:\/\/editura-unibuc.ro\/wp-content\/uploads\/2025\/04\/goo.png\" \/>Google Books<\/a><\/strong><br \/>&nbsp;<\/p>\n<hr \/>\n<p>Lucrarea este adresat\u0103 studen\u0163ilor de la Facultatea de Geologie \u015fi Geofizic\u0103 care audiaz\u0103 cursurile de licen\u0163\u0103 de Geologie inginereasc\u0103 (anul IV Inginerie geologic\u0103 \u015fi anul IV Geofizic\u0103), Geologie inginereasc\u0103 ambiental\u0103 (anul IV Inginerie geologic\u0103), Geologie ambiental\u0103 (anul III Geologie), masteranzilor programului de Inginerie geologic\u0103 \u015fi geotehnic\u0103 ambiental\u0103 (Analiza stabilit\u0103\u0163ii taluzurilor, Hazardul \u015fi riscul alunec\u0103rilor de teren, Geologie inginereasc\u0103 \u2013 roci fracturate) \u015fi doctoranzilor \u00een inginerie geologic\u0103.<br \/>\nCartea este de interes \u015fi pentru studen\u0163ii de la alte facult\u0103\u0163i de geologie sau inginerie geologic\u0103 din \u0163ar\u0103, precum \u015fi pentru studen\u0163ii din domenii apropiate, de exemplu geotehnic\u0103.<br \/>\nDe asemenea, lucrarea se adreseaz\u0103 speciali\u015ftilor din diferite domenii (ingineri geologi, geologi, hidrogeologi, ingineri constructori, hidrotehnicieni, minieri etc.) care studiaz\u0103 comportamentul ingineresc al masivelor de roci.<\/p>\n","protected":false},"excerpt":{"rendered":"<p>Google Books&nbsp; Lucrarea este adresat\u0103 studen\u0163ilor de la Facultatea de Geologie \u015fi Geofizic\u0103 care audiaz\u0103 cursurile de licen\u0163\u0103 de Geologie inginereasc\u0103 (anul IV Inginerie geologic\u0103 \u015fi anul IV Geofizic\u0103), Geologie inginereasc\u0103 ambiental\u0103 (anul IV Inginerie geologic\u0103), Geologie ambiental\u0103 (anul III Geologie), masteranzilor programului de Inginerie geologic\u0103 \u015fi geotehnic\u0103 ambiental\u0103 (Analiza stabilit\u0103\u0163ii taluzurilor, Hazardul \u015fi riscul [&hellip;]<\/p>\n","protected":false},"featured_media":25524,"comment_status":"open","ping_status":"closed","template":"","meta":[],"product_brand":[],"product_cat":[1531,3109,1466,990],"product_tag":[3369,3370,3371,3372,3373],"class_list":{"0":"post-25526","1":"product","2":"type-product","3":"status-publish","4":"has-post-thumbnail","6":"product_cat-colectii","7":"product_cat-geologica","8":"product_cat-stiinte-ale-naturii","9":"product_cat-geologie","10":"product_tag-geologie-inginereasca","11":"product_tag-hazard","12":"product_tag-instabilitate","13":"product_tag-rezistenta","14":"product_tag-subsidenta","16":"first","17":"outofstock","18":"shipping-taxable","19":"purchasable","20":"product-type-simple"},"_links":{"self":[{"href":"https:\/\/editura-unibuc.ro\/en\/wp-json\/wp\/v2\/product\/25526","targetHints":{"allow":["GET"]}}],"collection":[{"href":"https:\/\/editura-unibuc.ro\/en\/wp-json\/wp\/v2\/product"}],"about":[{"href":"https:\/\/editura-unibuc.ro\/en\/wp-json\/wp\/v2\/types\/product"}],"replies":[{"embeddable":true,"href":"https:\/\/editura-unibuc.ro\/en\/wp-json\/wp\/v2\/comments?post=25526"}],"wp:featuredmedia":[{"embeddable":true,"href":"https:\/\/editura-unibuc.ro\/en\/wp-json\/wp\/v2\/media\/25524"}],"wp:attachment":[{"href":"https:\/\/editura-unibuc.ro\/en\/wp-json\/wp\/v2\/media?parent=25526"}],"wp:term":[{"taxonomy":"product_brand","embeddable":true,"href":"https:\/\/editura-unibuc.ro\/en\/wp-json\/wp\/v2\/product_brand?post=25526"},{"taxonomy":"product_cat","embeddable":true,"href":"https:\/\/editura-unibuc.ro\/en\/wp-json\/wp\/v2\/product_cat?post=25526"},{"taxonomy":"product_tag","embeddable":true,"href":"https:\/\/editura-unibuc.ro\/en\/wp-json\/wp\/v2\/product_tag?post=25526"}],"curies":[{"name":"wp","href":"https:\/\/api.w.org\/{rel}","templated":true}]}}