{"id":25527,"date":"2019-09-24T19:05:56","date_gmt":"2019-09-24T16:05:56","guid":{"rendered":"https:\/\/editura-unibuc.ro\/?post_type=product&#038;p=25527"},"modified":"2020-03-06T12:29:42","modified_gmt":"2020-03-06T10:29:42","slug":"culturi-si-comunicarea-lor","status":"publish","type":"product","link":"https:\/\/editura-unibuc.ro\/en\/culturi-si-comunicarea-lor\/","title":{"rendered":"CULTURES AND COMMUNICATION ACROSS CULTURES"},"content":{"rendered":"<p>Volumul cuprinde texte care dezvolt\u0103 comunic\u0103ri prezentate la colocviul <em>Culturi \u015fi comunicarea lor<\/em>, organizat \u00een noiembrie 2017 de Departamentul de \u015etiin\u0163e ale Comunic\u0103rii, Facultatea de Litere, Universitatea din Bucure\u015fti.<\/p>\n<p>\u00cen fiecare dintre noi coexist\u0103 mai multe culturi, \u015fi colocviul a \u00eencercat s\u0103 eviden\u0163ieze cum. Aceste culturi sus\u0163in \u015fi sunt rafinate de medii profesionale, organiza\u0163ii, comunit\u0103\u0163i locale, entit\u0103\u0163i politice, religii etc.<\/p>\n<p>Rezult\u0103 un tablou bogat \u015fi divers, cu tensiuni \u015fi armonii, a c\u0103rui dinamic\u0103 reclam\u0103 continue c\u0103ut\u0103ri de identit\u0103\u0163i.<\/p>\n","protected":false},"excerpt":{"rendered":"<p>Volumul cuprinde texte care dezvolt\u0103 comunic\u0103ri prezentate la colocviul Culturi \u015fi comunicarea lor, organizat \u00een noiembrie 2017 de Departamentul de \u015etiin\u0163e ale Comunic\u0103rii, Facultatea de Litere, Universitatea din Bucure\u015fti. \u00cen fiecare dintre noi coexist\u0103 mai multe culturi, \u015fi colocviul a \u00eencercat s\u0103 eviden\u0163ieze cum. Aceste culturi sus\u0163in \u015fi sunt rafinate de medii profesionale, organiza\u0163ii, comunit\u0103\u0163i [&hellip;]<\/p>\n","protected":false},"featured_media":25522,"comment_status":"open","ping_status":"closed","template":"","meta":[],"product_brand":[],"product_cat":[1531,2581,2756,1464,979],"product_tag":[3148,3150,3149,3041],"class_list":{"0":"post-25527","1":"product","2":"type-product","3":"status-publish","4":"has-post-thumbnail","6":"product_cat-colectii","7":"product_cat-cultura-si-comunicare","8":"product_cat-lingvistica-lingua","9":"product_cat-filologie","10":"product_cat-limba-romana","11":"product_tag-comunitati","12":"product_tag-cultura-si-comunicare","13":"product_tag-reconfigurari-identitare","14":"product_tag-stiinte-ale-comunicarii","16":"first","17":"instock","18":"shipping-taxable","19":"purchasable","20":"product-type-simple"},"_links":{"self":[{"href":"https:\/\/editura-unibuc.ro\/en\/wp-json\/wp\/v2\/product\/25527","targetHints":{"allow":["GET"]}}],"collection":[{"href":"https:\/\/editura-unibuc.ro\/en\/wp-json\/wp\/v2\/product"}],"about":[{"href":"https:\/\/editura-unibuc.ro\/en\/wp-json\/wp\/v2\/types\/product"}],"replies":[{"embeddable":true,"href":"https:\/\/editura-unibuc.ro\/en\/wp-json\/wp\/v2\/comments?post=25527"}],"wp:featuredmedia":[{"embeddable":true,"href":"https:\/\/editura-unibuc.ro\/en\/wp-json\/wp\/v2\/media\/25522"}],"wp:attachment":[{"href":"https:\/\/editura-unibuc.ro\/en\/wp-json\/wp\/v2\/media?parent=25527"}],"wp:term":[{"taxonomy":"product_brand","embeddable":true,"href":"https:\/\/editura-unibuc.ro\/en\/wp-json\/wp\/v2\/product_brand?post=25527"},{"taxonomy":"product_cat","embeddable":true,"href":"https:\/\/editura-unibuc.ro\/en\/wp-json\/wp\/v2\/product_cat?post=25527"},{"taxonomy":"product_tag","embeddable":true,"href":"https:\/\/editura-unibuc.ro\/en\/wp-json\/wp\/v2\/product_tag?post=25527"}],"curies":[{"name":"wp","href":"https:\/\/api.w.org\/{rel}","templated":true}]}}