{"id":25547,"date":"2019-10-01T13:01:28","date_gmt":"2019-10-01T10:01:28","guid":{"rendered":"https:\/\/editura-unibuc.ro\/?post_type=product&#038;p=25547"},"modified":"2023-04-11T09:40:02","modified_gmt":"2023-04-11T06:40:02","slug":"vrajitoria-in-transilvania-in-secolele-xiii-xviii","status":"publish","type":"product","link":"https:\/\/editura-unibuc.ro\/en\/vrajitoria-in-transilvania-in-secolele-xiii-xviii\/","title":{"rendered":"VR\u0102JITORIA \u00ceN TRANSILVANIA \u00ceN SECOLELE XIII-XVIII"},"content":{"rendered":"<p>Lucrarea de fa\u021b\u0103 se constituie \u00eentr-o ampl\u0103 \u0219i riguroas\u0103 analiz\u0103 \u0219tiin\u021bific\u0103 a vr\u0103jitoriei \u00een Transilvania medieval\u0103 \u0219i premodern\u0103. Autoarea ne propune o captivant\u0103 incursiune \u00een istoria cotidianului, a comportamentelor individuale \u0219i colective, dar \u0219i a mentalit\u0103\u021bilor.<\/p>\n<p>Conf. Univ. Dr. Claudiu-Ion Neagoe<\/p>\n","protected":false},"excerpt":{"rendered":"<p>Lucrarea de fa\u021b\u0103 se constituie \u00eentr-o ampl\u0103 \u0219i riguroas\u0103 analiz\u0103 \u0219tiin\u021bific\u0103 a vr\u0103jitoriei \u00een Transilvania medieval\u0103 \u0219i premodern\u0103. Autoarea ne propune o captivant\u0103 incursiune \u00een istoria cotidianului, a comportamentelor individuale \u0219i colective, dar \u0219i a mentalit\u0103\u021bilor. Conf. Univ. Dr. Claudiu-Ion Neagoe<\/p>\n","protected":false},"featured_media":25548,"comment_status":"open","ping_status":"closed","template":"","meta":[],"product_brand":[],"product_cat":[991,995],"product_tag":[863,1332,3374],"class_list":{"0":"post-25547","1":"product","2":"type-product","3":"status-publish","4":"has-post-thumbnail","6":"product_cat-stiinte-sociale","7":"product_cat-istorie-stiinte-politice","8":"product_tag-evul-mediu","9":"product_tag-transilvania","10":"product_tag-vrajitorie","12":"first","13":"instock","14":"shipping-taxable","15":"purchasable","16":"product-type-simple"},"_links":{"self":[{"href":"https:\/\/editura-unibuc.ro\/en\/wp-json\/wp\/v2\/product\/25547","targetHints":{"allow":["GET"]}}],"collection":[{"href":"https:\/\/editura-unibuc.ro\/en\/wp-json\/wp\/v2\/product"}],"about":[{"href":"https:\/\/editura-unibuc.ro\/en\/wp-json\/wp\/v2\/types\/product"}],"replies":[{"embeddable":true,"href":"https:\/\/editura-unibuc.ro\/en\/wp-json\/wp\/v2\/comments?post=25547"}],"wp:featuredmedia":[{"embeddable":true,"href":"https:\/\/editura-unibuc.ro\/en\/wp-json\/wp\/v2\/media\/25548"}],"wp:attachment":[{"href":"https:\/\/editura-unibuc.ro\/en\/wp-json\/wp\/v2\/media?parent=25547"}],"wp:term":[{"taxonomy":"product_brand","embeddable":true,"href":"https:\/\/editura-unibuc.ro\/en\/wp-json\/wp\/v2\/product_brand?post=25547"},{"taxonomy":"product_cat","embeddable":true,"href":"https:\/\/editura-unibuc.ro\/en\/wp-json\/wp\/v2\/product_cat?post=25547"},{"taxonomy":"product_tag","embeddable":true,"href":"https:\/\/editura-unibuc.ro\/en\/wp-json\/wp\/v2\/product_tag?post=25547"}],"curies":[{"name":"wp","href":"https:\/\/api.w.org\/{rel}","templated":true}]}}