{"id":2556,"date":"2012-09-21T12:44:19","date_gmt":"2012-09-21T09:44:19","guid":{"rendered":"https:\/\/editura-unibuc.ro\/?p=2556"},"modified":"2015-03-12T14:54:58","modified_gmt":"2015-03-12T12:54:58","slug":"discourse-hypostases-hypostases-discursives","status":"publish","type":"product","link":"https:\/\/editura-unibuc.ro\/en\/discourse-hypostases-hypostases-discursives\/","title":{"rendered":"DISCOURSE HYPOSTASES \/ HYPOSTASES DISCURSIVES"},"content":{"rendered":"<p>Contents\/Sommaire : Part I : Women in the Media : Gender and Stereotype \/ Premi\u00e8re partie: Les femmes dans les medias: genre et st\u00e9r\u00e9otype: Romina Surugiu, Women\u2019s magazines. Editorial practice, gender representation and Academic Research; Adela R\u00e2peanu, Les st\u00e9r\u00e9otypes de genre dans les medias. Politiciennes et revues pour les femmes dans la Roumanie postcommuniste; Ruxandra Boicu, Gendered Discourse in Electoral Debates.<\/p>\n<p>Part II: More or Less Taboo: The Other Writings \/ Deuxi\u00e8me partie: Plus ou moins taboo: les autres discours: Theodora Eliza V\u0103c\u0103rescu, First Days of Writing or the Haunting I of the She-Other; Andreea Toma, The Image of Women in Romanian Cinema. Case Study: Films by Nae Caranfil and Mara Nicolescu; Monica Mitarc\u0103: The Shifting Discourse on the Unspeakable: From Activist Movements against It to \u2018No Agenda\u2019, Pro-Writings<\/p>","protected":false},"excerpt":{"rendered":"<p>Contents\/Sommaire : Part I : Women in the Media : Gender and Stereotype \/ Premi\u00e8re partie: Les femmes dans les medias: genre et st\u00e9r\u00e9otype: Romina Surugiu, Women\u2019s magazines. Editorial practice, gender representation and Academic Research; Adela R\u00e2peanu, Les st\u00e9r\u00e9otypes de genre dans les medias. Politiciennes et revues pour les femmes dans la Roumanie postcommuniste; Ruxandra [&hellip;]<\/p>\n","protected":false},"featured_media":10682,"comment_status":"open","ping_status":"closed","template":"","meta":[],"product_brand":[],"product_cat":[991,996],"product_tag":[1100],"class_list":{"0":"post-2556","1":"product","2":"type-product","3":"status-publish","4":"has-post-thumbnail","6":"product_cat-stiinte-sociale","7":"product_cat-jurnalism-si-stiintele-comunicarii","8":"product_tag-jurnalism","10":"first","11":"instock","12":"shipping-taxable","13":"purchasable","14":"product-type-simple"},"_links":{"self":[{"href":"https:\/\/editura-unibuc.ro\/en\/wp-json\/wp\/v2\/product\/2556","targetHints":{"allow":["GET"]}}],"collection":[{"href":"https:\/\/editura-unibuc.ro\/en\/wp-json\/wp\/v2\/product"}],"about":[{"href":"https:\/\/editura-unibuc.ro\/en\/wp-json\/wp\/v2\/types\/product"}],"replies":[{"embeddable":true,"href":"https:\/\/editura-unibuc.ro\/en\/wp-json\/wp\/v2\/comments?post=2556"}],"wp:featuredmedia":[{"embeddable":true,"href":"https:\/\/editura-unibuc.ro\/en\/wp-json\/wp\/v2\/media\/10682"}],"wp:attachment":[{"href":"https:\/\/editura-unibuc.ro\/en\/wp-json\/wp\/v2\/media?parent=2556"}],"wp:term":[{"taxonomy":"product_brand","embeddable":true,"href":"https:\/\/editura-unibuc.ro\/en\/wp-json\/wp\/v2\/product_brand?post=2556"},{"taxonomy":"product_cat","embeddable":true,"href":"https:\/\/editura-unibuc.ro\/en\/wp-json\/wp\/v2\/product_cat?post=2556"},{"taxonomy":"product_tag","embeddable":true,"href":"https:\/\/editura-unibuc.ro\/en\/wp-json\/wp\/v2\/product_tag?post=2556"}],"curies":[{"name":"wp","href":"https:\/\/api.w.org\/{rel}","templated":true}]}}