{"id":2564,"date":"2012-09-22T13:13:10","date_gmt":"2012-09-22T10:13:10","guid":{"rendered":"https:\/\/editura-unibuc.ro\/?p=2564"},"modified":"2015-03-12T14:52:47","modified_gmt":"2015-03-12T12:52:47","slug":"the-literary-canon-approaches-to-teaching-literature-in-different-context","status":"publish","type":"product","link":"https:\/\/editura-unibuc.ro\/en\/the-literary-canon-approaches-to-teaching-literature-in-different-context\/","title":{"rendered":"THE LITERARY CANON: APPROACHES TO TEACHING LITERATURE IN DIFFERENT CONTEXT"},"content":{"rendered":"<p>Volumul de fa\u021b\u0103 cuprinde comunic\u0103rile \u0219tiin\u021bifice prezentate de speciali\u0219tii rom\u00e2ni \u0219i str\u0103ini \u00een cadrul conferin\u021bei ,,Literaturile Na\u021bionale \u00een epoca globaliz\u0103rii. Chestiunea canonului\u201d, care a avut loc la Bucure\u0219ti \u00eentre 31 octombrie \u2013 1 noiembrie 2008, \u00een organizarea Centrului interdisciplinar de studii culturale europene \u0219i rom\u00e2ne ,,Tudor Vianu\u201d. Contribu\u021biile, redactate \u00een limbile englez\u0103 \u0219i francez\u0103, pun \u00een eviden\u021b\u0103 diverse abord\u0103ri \u00een leg\u0103tur\u0103 cu conceptualizarea ori predarea \u0219i \u00eenv\u0103\u021barea literaturii \u00een \u0219coal\u0103, la nivel secundar \u0219i ter\u021biar. Grupate \u00een trei sec\u021biuni, textele prezint\u0103: diferite perspective asupra canonului literar-curicula, posibilele op\u021biuni privind includerea ori abordarea principiilor literaturii; studierea canonului literar la nivel universitar, \u00een contexte culturale diverse; idei, atitudini \u0219i practici privind lectura \u0219i canonul literar pe baza unui chestionar propus de Re\u021beaua interna\u021bional\u0103 de educa\u021bie \u00een limba matern\u0103 (I.M.E.N.).<\/p>\n","protected":false},"excerpt":{"rendered":"<p>Volumul de fa\u021b\u0103 cuprinde comunic\u0103rile \u0219tiin\u021bifice prezentate de speciali\u0219tii rom\u00e2ni \u0219i str\u0103ini \u00een cadrul conferin\u021bei ,,Literaturile Na\u021bionale \u00een epoca globaliz\u0103rii. Chestiunea canonului\u201d, care a avut loc la Bucure\u0219ti \u00eentre 31 octombrie \u2013 1 noiembrie 2008, \u00een organizarea Centrului interdisciplinar de studii culturale europene \u0219i rom\u00e2ne ,,Tudor Vianu\u201d. Contribu\u021biile, redactate \u00een limbile englez\u0103 \u0219i francez\u0103, pun [&hellip;]<\/p>\n","protected":false},"featured_media":10676,"comment_status":"open","ping_status":"closed","template":"","meta":[],"product_brand":[],"product_cat":[1464,976],"product_tag":[926,919],"class_list":{"0":"post-2564","1":"product","2":"type-product","3":"status-publish","4":"has-post-thumbnail","6":"product_cat-filologie","7":"product_cat-limba-engleza","8":"product_tag-engleza","9":"product_tag-literatura","11":"first","12":"instock","13":"shipping-taxable","14":"purchasable","15":"product-type-simple"},"_links":{"self":[{"href":"https:\/\/editura-unibuc.ro\/en\/wp-json\/wp\/v2\/product\/2564","targetHints":{"allow":["GET"]}}],"collection":[{"href":"https:\/\/editura-unibuc.ro\/en\/wp-json\/wp\/v2\/product"}],"about":[{"href":"https:\/\/editura-unibuc.ro\/en\/wp-json\/wp\/v2\/types\/product"}],"replies":[{"embeddable":true,"href":"https:\/\/editura-unibuc.ro\/en\/wp-json\/wp\/v2\/comments?post=2564"}],"wp:featuredmedia":[{"embeddable":true,"href":"https:\/\/editura-unibuc.ro\/en\/wp-json\/wp\/v2\/media\/10676"}],"wp:attachment":[{"href":"https:\/\/editura-unibuc.ro\/en\/wp-json\/wp\/v2\/media?parent=2564"}],"wp:term":[{"taxonomy":"product_brand","embeddable":true,"href":"https:\/\/editura-unibuc.ro\/en\/wp-json\/wp\/v2\/product_brand?post=2564"},{"taxonomy":"product_cat","embeddable":true,"href":"https:\/\/editura-unibuc.ro\/en\/wp-json\/wp\/v2\/product_cat?post=2564"},{"taxonomy":"product_tag","embeddable":true,"href":"https:\/\/editura-unibuc.ro\/en\/wp-json\/wp\/v2\/product_tag?post=2564"}],"curies":[{"name":"wp","href":"https:\/\/api.w.org\/{rel}","templated":true}]}}