{"id":25654,"date":"2019-10-09T10:38:12","date_gmt":"2019-10-09T07:38:12","guid":{"rendered":"https:\/\/editura-unibuc.ro\/?post_type=product&#038;p=25654"},"modified":"2025-05-09T09:35:08","modified_gmt":"2025-05-09T06:35:08","slug":"japanmania-in-spatiul-cultural-romanesc","status":"publish","type":"product","link":"https:\/\/editura-unibuc.ro\/en\/japanmania-in-spatiul-cultural-romanesc\/","title":{"rendered":"JAPANMANIA \u00ceN SPA\u021aIUL CULTURAL ROM\u00c2NESC"},"content":{"rendered":"<hr \/>\n<p><strong><a href=\"https:\/\/books.google.ro\/books\/about?id=guRbEAAAQBAJ&#038;redir_esc=y\" target=\"_blank\" rel=\"noopener\"><img decoding=\"async\" src=\"https:\/\/editura-unibuc.ro\/wp-content\/uploads\/2025\/04\/goo.png\" \/>Google Books<\/a><\/strong><br \/>&nbsp;<\/p>\n<hr \/>\n<p>A analiza <em>popular culture<\/em> din Japonia, dar \u0219i <em>popular culture<\/em> \u00een general, devine un demers local \u0219i global \u00een acela\u0219i timp, tocmai pentru c\u0103 mediul digital \u0219i fluxurile inegale de distribu\u021bie, adesea oficiale, c\u00e2t \u0219i generate de fani, sunt tot mai vizibile, prin re\u021belele de socializare virtuale \u0219i modul \u00een care produsele sunt hibridate, \u0219terg\u00e2nd grani\u021be reale sau imaginare.<\/p>\n<p>\u00cen cele din urm\u0103, a \u00een\u021belege <em>popular culture <\/em>ca for\u021b\u0103 generatoare de heterotopii <em>per se<\/em>, dar \u0219i de heterotopii de ordin afectiv, deschide noi piste de cercetare, f\u0103c\u00e2nd productiv\u0103 analiza fandom-ului cumulativ \u00een aceast\u0103 lumin\u0103.<\/p>\n","protected":false},"excerpt":{"rendered":"<p>Google Books&nbsp; A analiza popular culture din Japonia, dar \u0219i popular culture \u00een general, devine un demers local \u0219i global \u00een acela\u0219i timp, tocmai pentru c\u0103 mediul digital \u0219i fluxurile inegale de distribu\u021bie, adesea oficiale, c\u00e2t \u0219i generate de fani, sunt tot mai vizibile, prin re\u021belele de socializare virtuale \u0219i modul \u00een care produsele sunt [&hellip;]<\/p>\n","protected":false},"featured_media":25655,"comment_status":"open","ping_status":"closed","template":"","meta":[],"product_brand":[],"product_cat":[1531,2581,991,996],"product_tag":[3379,3383,3381,3382,3380,3378,2181,3384],"class_list":{"0":"post-25654","1":"product","2":"type-product","3":"status-publish","4":"has-post-thumbnail","6":"product_cat-colectii","7":"product_cat-cultura-si-comunicare","8":"product_cat-stiinte-sociale","9":"product_cat-jurnalism-si-stiintele-comunicarii","10":"product_tag-alice-teodorescu","11":"product_tag-animatie","12":"product_tag-anime","13":"product_tag-desene-animate","14":"product_tag-japanmania","15":"product_tag-japonia","16":"product_tag-popular-culture","17":"product_tag-shojo","19":"first","20":"outofstock","21":"shipping-taxable","22":"purchasable","23":"product-type-simple"},"_links":{"self":[{"href":"https:\/\/editura-unibuc.ro\/en\/wp-json\/wp\/v2\/product\/25654","targetHints":{"allow":["GET"]}}],"collection":[{"href":"https:\/\/editura-unibuc.ro\/en\/wp-json\/wp\/v2\/product"}],"about":[{"href":"https:\/\/editura-unibuc.ro\/en\/wp-json\/wp\/v2\/types\/product"}],"replies":[{"embeddable":true,"href":"https:\/\/editura-unibuc.ro\/en\/wp-json\/wp\/v2\/comments?post=25654"}],"wp:featuredmedia":[{"embeddable":true,"href":"https:\/\/editura-unibuc.ro\/en\/wp-json\/wp\/v2\/media\/25655"}],"wp:attachment":[{"href":"https:\/\/editura-unibuc.ro\/en\/wp-json\/wp\/v2\/media?parent=25654"}],"wp:term":[{"taxonomy":"product_brand","embeddable":true,"href":"https:\/\/editura-unibuc.ro\/en\/wp-json\/wp\/v2\/product_brand?post=25654"},{"taxonomy":"product_cat","embeddable":true,"href":"https:\/\/editura-unibuc.ro\/en\/wp-json\/wp\/v2\/product_cat?post=25654"},{"taxonomy":"product_tag","embeddable":true,"href":"https:\/\/editura-unibuc.ro\/en\/wp-json\/wp\/v2\/product_tag?post=25654"}],"curies":[{"name":"wp","href":"https:\/\/api.w.org\/{rel}","templated":true}]}}