{"id":2569,"date":"2012-09-22T13:18:51","date_gmt":"2012-09-22T10:18:51","guid":{"rendered":"https:\/\/editura-unibuc.ro\/?p=2569"},"modified":"2015-03-12T14:52:09","modified_gmt":"2015-03-12T12:52:09","slug":"literary-discourses-of-the-new-physics","status":"publish","type":"product","link":"https:\/\/editura-unibuc.ro\/en\/literary-discourses-of-the-new-physics\/","title":{"rendered":"LITERARY DISCOURSES OF THE NEW PHYSICS"},"content":{"rendered":"<p>Lucrarea dens\u0103, situat\u0103 la intersec\u021bia filosofiei cu fizica, literatura \u0219i matematica ia \u00een discu\u021bie: teoria complexit\u0103\u021bii \u2013 enun\u021b\u00e2ndu-se cinci principii ale sistemelor complexe; haosul \u0219i determinismul \u2013 subliniindu-se patru caracteristici ale sistemelor haotice; tipologia \u0219i tr\u0103s\u0103turile definitorii ale fractalilor; explicitarea \u0219i evolu\u021bia conceptului de ,,noua fizic\u0103\u201d; psiho-fizica, v\u0103zut\u0103 ca o posibil\u0103 cale de acces, epistemologic\u0103, spre sensurile literaturii victoriene; matricea genera\u021bional\u0103 la James Joyce, a\u0219a cum transpare ea \u00een <strong>Finnegans Wake<\/strong>; Jorge Luis Borges \u0219i no\u021biunile de timp \u0219i spa\u021biu \u00een era complexit\u0103\u021bii; dilema post-umanism versus etic\u0103; memoria post-uman\u0103 la Banks (cu aplica\u021bie la <strong>Looking to Windward<\/strong>).<\/p>\n","protected":false},"excerpt":{"rendered":"<p>Lucrarea dens\u0103, situat\u0103 la intersec\u021bia filosofiei cu fizica, literatura \u0219i matematica ia \u00een discu\u021bie: teoria complexit\u0103\u021bii \u2013 enun\u021b\u00e2ndu-se cinci principii ale sistemelor complexe; haosul \u0219i determinismul \u2013 subliniindu-se patru caracteristici ale sistemelor haotice; tipologia \u0219i tr\u0103s\u0103turile definitorii ale fractalilor; explicitarea \u0219i evolu\u021bia conceptului de ,,noua fizic\u0103\u201d; psiho-fizica, v\u0103zut\u0103 ca o posibil\u0103 cale de acces, epistemologic\u0103, [&hellip;]<\/p>\n","protected":false},"featured_media":10674,"comment_status":"open","ping_status":"closed","template":"","meta":[],"product_brand":[],"product_cat":[1464,976],"product_tag":[926,908,919],"class_list":{"0":"post-2569","1":"product","2":"type-product","3":"status-publish","4":"has-post-thumbnail","6":"product_cat-filologie","7":"product_cat-limba-engleza","8":"product_tag-engleza","9":"product_tag-fizica","10":"product_tag-literatura","12":"first","13":"instock","14":"shipping-taxable","15":"purchasable","16":"product-type-simple"},"_links":{"self":[{"href":"https:\/\/editura-unibuc.ro\/en\/wp-json\/wp\/v2\/product\/2569","targetHints":{"allow":["GET"]}}],"collection":[{"href":"https:\/\/editura-unibuc.ro\/en\/wp-json\/wp\/v2\/product"}],"about":[{"href":"https:\/\/editura-unibuc.ro\/en\/wp-json\/wp\/v2\/types\/product"}],"replies":[{"embeddable":true,"href":"https:\/\/editura-unibuc.ro\/en\/wp-json\/wp\/v2\/comments?post=2569"}],"wp:featuredmedia":[{"embeddable":true,"href":"https:\/\/editura-unibuc.ro\/en\/wp-json\/wp\/v2\/media\/10674"}],"wp:attachment":[{"href":"https:\/\/editura-unibuc.ro\/en\/wp-json\/wp\/v2\/media?parent=2569"}],"wp:term":[{"taxonomy":"product_brand","embeddable":true,"href":"https:\/\/editura-unibuc.ro\/en\/wp-json\/wp\/v2\/product_brand?post=2569"},{"taxonomy":"product_cat","embeddable":true,"href":"https:\/\/editura-unibuc.ro\/en\/wp-json\/wp\/v2\/product_cat?post=2569"},{"taxonomy":"product_tag","embeddable":true,"href":"https:\/\/editura-unibuc.ro\/en\/wp-json\/wp\/v2\/product_tag?post=2569"}],"curies":[{"name":"wp","href":"https:\/\/api.w.org\/{rel}","templated":true}]}}