{"id":25692,"date":"2019-10-10T20:34:23","date_gmt":"2019-10-10T17:34:23","guid":{"rendered":"https:\/\/editura-unibuc.ro\/?post_type=product&#038;p=25692"},"modified":"2025-08-28T12:01:30","modified_gmt":"2025-08-28T09:01:30","slug":"proceedings-of-aiced-20-annual-international-conference-of-the-english-department-selected-papers-in-linguistics","status":"publish","type":"product","link":"https:\/\/editura-unibuc.ro\/en\/proceedings-of-aiced-20-annual-international-conference-of-the-english-department-selected-papers-in-linguistics\/","title":{"rendered":"PROCEEDINGS OF AICED 20 (ANNUAL INTERNATIONAL CONFERENCE OF THE ENGLISH DEPARTMENT) SELECTED PAPERS IN LINGUISTICS"},"content":{"rendered":"<p>Volumul de fa\u021b\u0103 reune\u0219te lucr\u0103ri de lingvistic\u0103 teoretic\u0103 \u0219i aplicat\u0103 prezentate \u00een decursul celei de-a dou\u0103zecea Conferin\u021be Interna\u021bionale Anuale a Departamentului de Limba Englez\u0103.<\/p>\n","protected":false},"excerpt":{"rendered":"<p>Volumul de fa\u021b\u0103 reune\u0219te lucr\u0103ri de lingvistic\u0103 teoretic\u0103 \u0219i aplicat\u0103 prezentate \u00een decursul celei de-a dou\u0103zecea Conferin\u021be Interna\u021bionale Anuale a Departamentului de Limba Englez\u0103.<\/p>\n","protected":false},"featured_media":25690,"comment_status":"open","ping_status":"closed","template":"","meta":[],"product_brand":[],"product_cat":[1531,856,1464,976],"product_tag":[3386,1422,3387],"class_list":{"0":"post-25692","1":"product","2":"type-product","3":"status-publish","4":"has-post-thumbnail","6":"product_cat-colectii","7":"product_cat-colectia-lci-limbi-culturi-identitati","8":"product_cat-filologie","9":"product_cat-limba-engleza","10":"product_tag-dative","11":"product_tag-literature","12":"product_tag-nominative","14":"first","15":"instock","16":"shipping-taxable","17":"purchasable","18":"product-type-simple"},"_links":{"self":[{"href":"https:\/\/editura-unibuc.ro\/en\/wp-json\/wp\/v2\/product\/25692","targetHints":{"allow":["GET"]}}],"collection":[{"href":"https:\/\/editura-unibuc.ro\/en\/wp-json\/wp\/v2\/product"}],"about":[{"href":"https:\/\/editura-unibuc.ro\/en\/wp-json\/wp\/v2\/types\/product"}],"replies":[{"embeddable":true,"href":"https:\/\/editura-unibuc.ro\/en\/wp-json\/wp\/v2\/comments?post=25692"}],"wp:featuredmedia":[{"embeddable":true,"href":"https:\/\/editura-unibuc.ro\/en\/wp-json\/wp\/v2\/media\/25690"}],"wp:attachment":[{"href":"https:\/\/editura-unibuc.ro\/en\/wp-json\/wp\/v2\/media?parent=25692"}],"wp:term":[{"taxonomy":"product_brand","embeddable":true,"href":"https:\/\/editura-unibuc.ro\/en\/wp-json\/wp\/v2\/product_brand?post=25692"},{"taxonomy":"product_cat","embeddable":true,"href":"https:\/\/editura-unibuc.ro\/en\/wp-json\/wp\/v2\/product_cat?post=25692"},{"taxonomy":"product_tag","embeddable":true,"href":"https:\/\/editura-unibuc.ro\/en\/wp-json\/wp\/v2\/product_tag?post=25692"}],"curies":[{"name":"wp","href":"https:\/\/api.w.org\/{rel}","templated":true}]}}