{"id":25703,"date":"2019-10-11T13:00:51","date_gmt":"2019-10-11T10:00:51","guid":{"rendered":"https:\/\/editura-unibuc.ro\/?post_type=product&#038;p=25703"},"modified":"2025-05-13T11:30:21","modified_gmt":"2025-05-13T08:30:21","slug":"word-formation-in-english-an-introduction","status":"publish","type":"product","link":"https:\/\/editura-unibuc.ro\/en\/word-formation-in-english-an-introduction\/","title":{"rendered":"WORD-FORMATION IN ENGLISH; AN INTRODUCTION"},"content":{"rendered":"<hr \/>\n<p><strong><a href=\"https:\/\/books.google.ro\/books\/about?id=URVbEAAAQBAJ&#038;redir_esc=y\" target=\"_blank\" rel=\"noopener\"><img decoding=\"async\" src=\"https:\/\/editura-unibuc.ro\/wp-content\/uploads\/2025\/04\/goo.png\" \/>Google Books<\/a><\/strong><br \/>&nbsp;<\/p>\n<hr \/>\n<p>Volumul de fa\u021b\u0103 este unul de referin\u021b\u0103 pentru studiul morfologiei engleze, realiz\u00e2nd o integrare sintetic\u0103 \u0219i relevant\u0103 a celor mai importante curente care au definit domeniul.<\/p>\n","protected":false},"excerpt":{"rendered":"<p>Google Books&nbsp; Volumul de fa\u021b\u0103 este unul de referin\u021b\u0103 pentru studiul morfologiei engleze, realiz\u00e2nd o integrare sintetic\u0103 \u0219i relevant\u0103 a celor mai importante curente care au definit domeniul.<\/p>\n","protected":false},"featured_media":25701,"comment_status":"open","ping_status":"closed","template":"","meta":[],"product_brand":[],"product_cat":[1531,856,1464,976],"product_tag":[1798,3389,3390],"class_list":{"0":"post-25703","1":"product","2":"type-product","3":"status-publish","4":"has-post-thumbnail","6":"product_cat-colectii","7":"product_cat-colectia-lci-limbi-culturi-identitati","8":"product_cat-filologie","9":"product_cat-limba-engleza","10":"product_tag-lexic","11":"product_tag-morphology","12":"product_tag-words","14":"first","15":"instock","16":"shipping-taxable","17":"purchasable","18":"product-type-simple"},"_links":{"self":[{"href":"https:\/\/editura-unibuc.ro\/en\/wp-json\/wp\/v2\/product\/25703","targetHints":{"allow":["GET"]}}],"collection":[{"href":"https:\/\/editura-unibuc.ro\/en\/wp-json\/wp\/v2\/product"}],"about":[{"href":"https:\/\/editura-unibuc.ro\/en\/wp-json\/wp\/v2\/types\/product"}],"replies":[{"embeddable":true,"href":"https:\/\/editura-unibuc.ro\/en\/wp-json\/wp\/v2\/comments?post=25703"}],"wp:featuredmedia":[{"embeddable":true,"href":"https:\/\/editura-unibuc.ro\/en\/wp-json\/wp\/v2\/media\/25701"}],"wp:attachment":[{"href":"https:\/\/editura-unibuc.ro\/en\/wp-json\/wp\/v2\/media?parent=25703"}],"wp:term":[{"taxonomy":"product_brand","embeddable":true,"href":"https:\/\/editura-unibuc.ro\/en\/wp-json\/wp\/v2\/product_brand?post=25703"},{"taxonomy":"product_cat","embeddable":true,"href":"https:\/\/editura-unibuc.ro\/en\/wp-json\/wp\/v2\/product_cat?post=25703"},{"taxonomy":"product_tag","embeddable":true,"href":"https:\/\/editura-unibuc.ro\/en\/wp-json\/wp\/v2\/product_tag?post=25703"}],"curies":[{"name":"wp","href":"https:\/\/api.w.org\/{rel}","templated":true}]}}