{"id":25704,"date":"2019-10-11T13:03:11","date_gmt":"2019-10-11T10:03:11","guid":{"rendered":"https:\/\/editura-unibuc.ro\/?post_type=product&#038;p=25704"},"modified":"2025-05-09T10:38:23","modified_gmt":"2025-05-09T07:38:23","slug":"lingvistica-romanica-ii-conferintele-catedrei-de-lingvistica-romanica-2017-2018","status":"publish","type":"product","link":"https:\/\/editura-unibuc.ro\/en\/lingvistica-romanica-ii-conferintele-catedrei-de-lingvistica-romanica-2017-2018\/","title":{"rendered":"LINGVISTIC\u0102 ROMANIC\u0102 II. CONFERIN\u021aELE CATEDREI DE LINGVISTIC\u0102 ROMANIC\u0102 (2017-2018)"},"content":{"rendered":"<hr \/>\n<p><strong><a href=\"https:\/\/books.google.ro\/books\/about?id=PxVbEAAAQBAJ&#038;redir_esc=y\" target=\"_blank\" rel=\"noopener\"><img decoding=\"async\" src=\"https:\/\/editura-unibuc.ro\/wp-content\/uploads\/2025\/04\/goo.png\" \/>Google Books<\/a><\/strong><br \/>&nbsp;<\/p>\n<hr \/>\n<p>Varietatea temelor abordate reflect\u0103 diversitatea de preocup\u0103ri ale cercet\u0103torilor invita\u021bi s\u0103 participe la manifest\u0103rile conferin\u021belor reunite \u00een acest volum.<\/p>\n","protected":false},"excerpt":{"rendered":"<p>Google Books&nbsp; Varietatea temelor abordate reflect\u0103 diversitatea de preocup\u0103ri ale cercet\u0103torilor invita\u021bi s\u0103 participe la manifest\u0103rile conferin\u021belor reunite \u00een acest volum.<\/p>\n","protected":false},"featured_media":25700,"comment_status":"open","ping_status":"closed","template":"","meta":[],"product_brand":[],"product_cat":[1464,980],"product_tag":[3392,3391],"class_list":{"0":"post-25704","1":"product","2":"type-product","3":"status-publish","4":"has-post-thumbnail","6":"product_cat-filologie","7":"product_cat-limbi-romanice-clasice-si-orientale","8":"product_tag-influenta-franceza","9":"product_tag-lexic-romanesc","11":"first","12":"instock","13":"shipping-taxable","14":"purchasable","15":"product-type-simple"},"_links":{"self":[{"href":"https:\/\/editura-unibuc.ro\/en\/wp-json\/wp\/v2\/product\/25704","targetHints":{"allow":["GET"]}}],"collection":[{"href":"https:\/\/editura-unibuc.ro\/en\/wp-json\/wp\/v2\/product"}],"about":[{"href":"https:\/\/editura-unibuc.ro\/en\/wp-json\/wp\/v2\/types\/product"}],"replies":[{"embeddable":true,"href":"https:\/\/editura-unibuc.ro\/en\/wp-json\/wp\/v2\/comments?post=25704"}],"wp:featuredmedia":[{"embeddable":true,"href":"https:\/\/editura-unibuc.ro\/en\/wp-json\/wp\/v2\/media\/25700"}],"wp:attachment":[{"href":"https:\/\/editura-unibuc.ro\/en\/wp-json\/wp\/v2\/media?parent=25704"}],"wp:term":[{"taxonomy":"product_brand","embeddable":true,"href":"https:\/\/editura-unibuc.ro\/en\/wp-json\/wp\/v2\/product_brand?post=25704"},{"taxonomy":"product_cat","embeddable":true,"href":"https:\/\/editura-unibuc.ro\/en\/wp-json\/wp\/v2\/product_cat?post=25704"},{"taxonomy":"product_tag","embeddable":true,"href":"https:\/\/editura-unibuc.ro\/en\/wp-json\/wp\/v2\/product_tag?post=25704"}],"curies":[{"name":"wp","href":"https:\/\/api.w.org\/{rel}","templated":true}]}}