{"id":25705,"date":"2019-10-11T13:06:00","date_gmt":"2019-10-11T10:06:00","guid":{"rendered":"https:\/\/editura-unibuc.ro\/?post_type=product&#038;p=25705"},"modified":"2019-10-11T13:06:01","modified_gmt":"2019-10-11T10:06:01","slug":"filosofie-si-ecologie-concepte-explorari-aplicatii","status":"publish","type":"product","link":"https:\/\/editura-unibuc.ro\/en\/filosofie-si-ecologie-concepte-explorari-aplicatii\/","title":{"rendered":"FILOSOFIE \u0218I ECOLOGIE: CONCEPTE, EXPLOR\u0102RI, APLICA\u021aII"},"content":{"rendered":"<p>Etica mediului a devenit \u00een ultimele decenii unul dintre domeniile de cercetare cu o rapid\u0103 expansiune academic\u0103. Profesorul Constantin Stoenescu a introdus predarea unui curs de etica mediului \u00een planul de \u00eenv\u0103\u021b\u0103m\u00e2nt masteral la Facultatea de Filosofie \u0219i a desf\u0103\u0219urat o intens\u0103 activitate publicistic\u0103 \u0219i de cercetare prin care a dezvoltat \u00een plan na\u021bional un interes de cercetare ce \u00eencepe s\u0103 se consolideze.<br \/>\nAcest volum reune\u0219te mai multe studii publicate ini\u021bial \u00een limba rom\u00e2n\u0103 sau \u00een limba englez\u0103 \u00een diverse volume colective sau reviste de specialitate, cele cu caracter generalist grupate sub genericul \u201eConcepte\u201d, acelea care \u00eendr\u0103znesc o ipotez\u0103 de lucru sub titlul \u201eExplor\u0103ri\u201d, iar diversele contribu\u021bii la proiecte de cercetare sun denumirea \u201eAplica\u021bii\u201d. Astfel, rezult\u0103 o ofert\u0103 divers\u0103 pentru o reflec\u021bie filosofic\u0103 deschis\u0103 criticii pornind de la teme privind problema extinderii comunit\u0103\u021bii morale \u0219i a\u0219a-numita <em>ecologie profund\u0103<\/em> p\u00e2n\u0103 la discu\u021bii actuale cu privire la schimb\u0103rile climatice \u0219i aspectele etice ale folosirii energiei nucleare.<\/p>\n","protected":false},"excerpt":{"rendered":"<p>Etica mediului a devenit \u00een ultimele decenii unul dintre domeniile de cercetare cu o rapid\u0103 expansiune academic\u0103. Profesorul Constantin Stoenescu a introdus predarea unui curs de etica mediului \u00een planul de \u00eenv\u0103\u021b\u0103m\u00e2nt masteral la Facultatea de Filosofie \u0219i a desf\u0103\u0219urat o intens\u0103 activitate publicistic\u0103 \u0219i de cercetare prin care a dezvoltat \u00een plan na\u021bional un [&hellip;]<\/p>\n","protected":false},"featured_media":25699,"comment_status":"open","ping_status":"closed","template":"","meta":[],"product_brand":[],"product_cat":[1531,3393,991,994],"product_tag":[1053,1347,3394],"class_list":{"0":"post-25705","1":"product","2":"type-product","3":"status-publish","4":"has-post-thumbnail","6":"product_cat-colectii","7":"product_cat-filosofie-aplicata","8":"product_cat-stiinte-sociale","9":"product_cat-filosofie","10":"product_tag-ecologie","11":"product_tag-etica","12":"product_tag-incalzire-globala","14":"first","15":"instock","16":"shipping-taxable","17":"purchasable","18":"product-type-simple"},"_links":{"self":[{"href":"https:\/\/editura-unibuc.ro\/en\/wp-json\/wp\/v2\/product\/25705","targetHints":{"allow":["GET"]}}],"collection":[{"href":"https:\/\/editura-unibuc.ro\/en\/wp-json\/wp\/v2\/product"}],"about":[{"href":"https:\/\/editura-unibuc.ro\/en\/wp-json\/wp\/v2\/types\/product"}],"replies":[{"embeddable":true,"href":"https:\/\/editura-unibuc.ro\/en\/wp-json\/wp\/v2\/comments?post=25705"}],"wp:featuredmedia":[{"embeddable":true,"href":"https:\/\/editura-unibuc.ro\/en\/wp-json\/wp\/v2\/media\/25699"}],"wp:attachment":[{"href":"https:\/\/editura-unibuc.ro\/en\/wp-json\/wp\/v2\/media?parent=25705"}],"wp:term":[{"taxonomy":"product_brand","embeddable":true,"href":"https:\/\/editura-unibuc.ro\/en\/wp-json\/wp\/v2\/product_brand?post=25705"},{"taxonomy":"product_cat","embeddable":true,"href":"https:\/\/editura-unibuc.ro\/en\/wp-json\/wp\/v2\/product_cat?post=25705"},{"taxonomy":"product_tag","embeddable":true,"href":"https:\/\/editura-unibuc.ro\/en\/wp-json\/wp\/v2\/product_tag?post=25705"}],"curies":[{"name":"wp","href":"https:\/\/api.w.org\/{rel}","templated":true}]}}