{"id":25706,"date":"2019-10-11T13:07:53","date_gmt":"2019-10-11T10:07:53","guid":{"rendered":"https:\/\/editura-unibuc.ro\/?post_type=product&#038;p=25706"},"modified":"2025-05-09T09:31:11","modified_gmt":"2025-05-09T06:31:11","slug":"inceputurile-scrisului-academic-in-limba-romana-opera-istorica-a-lui-dimitrie-cantemir","status":"publish","type":"product","link":"https:\/\/editura-unibuc.ro\/en\/inceputurile-scrisului-academic-in-limba-romana-opera-istorica-a-lui-dimitrie-cantemir\/","title":{"rendered":"\u00ceNCEPUTURILE SCRISULUI ACADEMIC \u00ceN LIMBA ROM\u00c2N\u0102: OPERA ISTORIC\u0102 A LUI DIMITRIE CANTEMIR"},"content":{"rendered":"<hr \/>\n<p><strong><a href=\"https:\/\/books.google.ro\/books\/about?id=VxVbEAAAQBAJ&#038;redir_esc=y\" target=\"_blank\" rel=\"noopener\"><img decoding=\"async\" src=\"https:\/\/editura-unibuc.ro\/wp-content\/uploads\/2025\/04\/goo.png\" \/>Google Books<\/a><\/strong><br \/>&nbsp;<\/p>\n<hr \/>\n<p>Volumul de fa\u021b\u0103 propune o incursiune \u00een laboratorul de lucru al lui Dimitrie Cantemir, c\u0103ruia \u00eei dator\u0103m primul tratat de istorie \u00een limba rom\u00e2n\u0103.<\/p>\n","protected":false},"excerpt":{"rendered":"<p>Google Books&nbsp; Volumul de fa\u021b\u0103 propune o incursiune \u00een laboratorul de lucru al lui Dimitrie Cantemir, c\u0103ruia \u00eei dator\u0103m primul tratat de istorie \u00een limba rom\u00e2n\u0103.<\/p>\n","protected":false},"featured_media":25698,"comment_status":"open","ping_status":"closed","template":"","meta":[],"product_brand":[],"product_cat":[1531,856,1464,979],"product_tag":[1356,2229,1798],"class_list":{"0":"post-25706","1":"product","2":"type-product","3":"status-publish","4":"has-post-thumbnail","6":"product_cat-colectii","7":"product_cat-colectia-lci-limbi-culturi-identitati","8":"product_cat-filologie","9":"product_cat-limba-romana","10":"product_tag-dimitrie-cantemir","11":"product_tag-istoriografie","12":"product_tag-lexic","14":"first","15":"instock","16":"shipping-taxable","17":"purchasable","18":"product-type-simple"},"_links":{"self":[{"href":"https:\/\/editura-unibuc.ro\/en\/wp-json\/wp\/v2\/product\/25706","targetHints":{"allow":["GET"]}}],"collection":[{"href":"https:\/\/editura-unibuc.ro\/en\/wp-json\/wp\/v2\/product"}],"about":[{"href":"https:\/\/editura-unibuc.ro\/en\/wp-json\/wp\/v2\/types\/product"}],"replies":[{"embeddable":true,"href":"https:\/\/editura-unibuc.ro\/en\/wp-json\/wp\/v2\/comments?post=25706"}],"wp:featuredmedia":[{"embeddable":true,"href":"https:\/\/editura-unibuc.ro\/en\/wp-json\/wp\/v2\/media\/25698"}],"wp:attachment":[{"href":"https:\/\/editura-unibuc.ro\/en\/wp-json\/wp\/v2\/media?parent=25706"}],"wp:term":[{"taxonomy":"product_brand","embeddable":true,"href":"https:\/\/editura-unibuc.ro\/en\/wp-json\/wp\/v2\/product_brand?post=25706"},{"taxonomy":"product_cat","embeddable":true,"href":"https:\/\/editura-unibuc.ro\/en\/wp-json\/wp\/v2\/product_cat?post=25706"},{"taxonomy":"product_tag","embeddable":true,"href":"https:\/\/editura-unibuc.ro\/en\/wp-json\/wp\/v2\/product_tag?post=25706"}],"curies":[{"name":"wp","href":"https:\/\/api.w.org\/{rel}","templated":true}]}}