{"id":2576,"date":"2012-09-22T13:31:21","date_gmt":"2012-09-22T10:31:21","guid":{"rendered":"https:\/\/editura-unibuc.ro\/?p=2576"},"modified":"2015-03-12T14:51:21","modified_gmt":"2015-03-12T12:51:21","slug":"american-visual-memoirs-after-the-1970s-studies-on-gender-sexuality-and-visibility-in-the-post-civil-rights-age","status":"publish","type":"product","link":"https:\/\/editura-unibuc.ro\/en\/american-visual-memoirs-after-the-1970s-studies-on-gender-sexuality-and-visibility-in-the-post-civil-rights-age\/","title":{"rendered":"AMERICAN VISUAL MEMOIRS AFTER THE 1970S: STUDIES ON GENDER, SEXUALITY, AND VISIBILITY IN THE POST-CIVIL RIGHTS AGE"},"content":{"rendered":"<p>Volumul reprezint\u0103 o culegere de zece studii semnate de universitari europeni \u0219i nord-americani, ale c\u0103ror domenii de specializare interdisciplinare, se g\u0103sesc la intersec\u021bia dintre autobiografie \u0219i memoralistic\u0103, gen-sexualitate \u0219i cultur\u0103 vizual\u0103.<\/p>\n<p>Pornind de la repere precum Mi\u0219carea pentru drepturi civile, criza SIDA, sf\u00e2r\u0219itul R\u0103zboiului Rece, ori atacurile teroriste din 9 septembrie \u0219i de la transform\u0103rile pe care acestea le-au produs \u00een felul \u00een care grupurile \u0219i indivizii se raporteaz\u0103 la trauma privat\u0103 sau colectiv\u0103, autorii se concentreaz\u0103 asupra memoriilor vizuale contemporane, precum \u0219i asupra dialogului dintre remodelarea \u0219i\/sau negocierea identit\u0103\u021bii sexuale \u0219i paradigmele de gen \u00een zorii feminismului de a doua genera\u021bie, prin intermediul practicilor autobiografice.<\/p>\n<p>Fiecare eseu este \u00eenso\u021bit de o bibliografie a problemei, iar \u00een finalul volumului g\u0103sim scurte prezent\u0103ri ale autorilor.<\/p>\n","protected":false},"excerpt":{"rendered":"<p>Volumul reprezint\u0103 o culegere de zece studii semnate de universitari europeni \u0219i nord-americani, ale c\u0103ror domenii de specializare interdisciplinare, se g\u0103sesc la intersec\u021bia dintre autobiografie \u0219i memoralistic\u0103, gen-sexualitate \u0219i cultur\u0103 vizual\u0103. Pornind de la repere precum Mi\u0219carea pentru drepturi civile, criza SIDA, sf\u00e2r\u0219itul R\u0103zboiului Rece, ori atacurile teroriste din 9 septembrie \u0219i de la transform\u0103rile [&hellip;]<\/p>\n","protected":false},"featured_media":10670,"comment_status":"open","ping_status":"closed","template":"","meta":[],"product_brand":[],"product_cat":[1464,976],"product_tag":[1036],"class_list":{"0":"post-2576","1":"product","2":"type-product","3":"status-publish","4":"has-post-thumbnail","6":"product_cat-filologie","7":"product_cat-limba-engleza","8":"product_tag-american","10":"first","11":"instock","12":"shipping-taxable","13":"purchasable","14":"product-type-simple"},"_links":{"self":[{"href":"https:\/\/editura-unibuc.ro\/en\/wp-json\/wp\/v2\/product\/2576","targetHints":{"allow":["GET"]}}],"collection":[{"href":"https:\/\/editura-unibuc.ro\/en\/wp-json\/wp\/v2\/product"}],"about":[{"href":"https:\/\/editura-unibuc.ro\/en\/wp-json\/wp\/v2\/types\/product"}],"replies":[{"embeddable":true,"href":"https:\/\/editura-unibuc.ro\/en\/wp-json\/wp\/v2\/comments?post=2576"}],"wp:featuredmedia":[{"embeddable":true,"href":"https:\/\/editura-unibuc.ro\/en\/wp-json\/wp\/v2\/media\/10670"}],"wp:attachment":[{"href":"https:\/\/editura-unibuc.ro\/en\/wp-json\/wp\/v2\/media?parent=2576"}],"wp:term":[{"taxonomy":"product_brand","embeddable":true,"href":"https:\/\/editura-unibuc.ro\/en\/wp-json\/wp\/v2\/product_brand?post=2576"},{"taxonomy":"product_cat","embeddable":true,"href":"https:\/\/editura-unibuc.ro\/en\/wp-json\/wp\/v2\/product_cat?post=2576"},{"taxonomy":"product_tag","embeddable":true,"href":"https:\/\/editura-unibuc.ro\/en\/wp-json\/wp\/v2\/product_tag?post=2576"}],"curies":[{"name":"wp","href":"https:\/\/api.w.org\/{rel}","templated":true}]}}