{"id":25778,"date":"2019-10-18T22:24:28","date_gmt":"2019-10-18T19:24:28","guid":{"rendered":"https:\/\/editura-unibuc.ro\/?post_type=product&#038;p=25778"},"modified":"2025-05-13T11:13:48","modified_gmt":"2025-05-13T08:13:48","slug":"une-archeologie-des-emotions-de-saint-augustin-a-william-james","status":"publish","type":"product","link":"https:\/\/editura-unibuc.ro\/en\/une-archeologie-des-emotions-de-saint-augustin-a-william-james\/","title":{"rendered":"UNE ARCH\u00c9OLOGIE DES \u00c9MOTIONS. DE SAINT AUGUSTIN \u00c0 WILLIAM JAMES"},"content":{"rendered":"<hr \/>\n<p><strong><a href=\"https:\/\/books.google.ro\/books\/about?id=xBRbEAAAQBAJ&#038;redir_esc=y\" target=\"_blank\" rel=\"noopener\"><img decoding=\"async\" src=\"https:\/\/editura-unibuc.ro\/wp-content\/uploads\/2025\/04\/goo.png\" \/>Google Books<\/a><\/strong><br \/>&nbsp;<\/p>\n<hr \/>\n<p>Cet ouvrage repr\u00e9sente le r\u00e9sultat du travail de deux ann\u00e9es (2016-2018) du <em>Groupe de recherche sur les \u00e9motions<\/em> (GRE), mat\u00e9rialis\u00e9 dans des ateliers th\u00e9matiques organis\u00e9s p\u00e9riodiquement au CEREFREA (<em>Centre R\u00e9gional Francophone de Recherches Avanc\u00e9es en Sciences Sociales<\/em>) avec la participation des membres du GRE &#8211; Diana Mite Colceriu, charg\u00e9e de cours, D\u00e9partement de Fran\u00e7ais, Universit\u00e9 de Bucarest et chercheur associ\u00e9 du CEREFREA, Daniela M\u0103riucu\u021ba &#8211; chercheur associ\u00e9 du CEREFREA, Radu Toma, professeur, D\u00e9partement de Fran\u00e7ais, Universit\u00e9 de Bucarest et directeur d\u2019\u00e9tudes au CEREFREA), \u00e9tudiants en Master, doctorants et post-doctorants de l\u2019Universit\u00e9 de Bucarest.<\/p>\n","protected":false},"excerpt":{"rendered":"<p>Google Books&nbsp; Cet ouvrage repr\u00e9sente le r\u00e9sultat du travail de deux ann\u00e9es (2016-2018) du Groupe de recherche sur les \u00e9motions (GRE), mat\u00e9rialis\u00e9 dans des ateliers th\u00e9matiques organis\u00e9s p\u00e9riodiquement au CEREFREA (Centre R\u00e9gional Francophone de Recherches Avanc\u00e9es en Sciences Sociales) avec la participation des membres du GRE &#8211; Diana Mite Colceriu, charg\u00e9e de cours, D\u00e9partement de [&hellip;]<\/p>\n","protected":false},"featured_media":25779,"comment_status":"open","ping_status":"closed","template":"","meta":[],"product_brand":[],"product_cat":[1531,856,1464,977],"product_tag":[3399,3557,3397,3398,3400],"class_list":{"0":"post-25778","1":"product","2":"type-product","3":"status-publish","4":"has-post-thumbnail","6":"product_cat-colectii","7":"product_cat-colectia-lci-limbi-culturi-identitati","8":"product_cat-filologie","9":"product_cat-limba-franceza","10":"product_tag-descartes","11":"product_tag-immanuel-kant","12":"product_tag-saint-augustin","13":"product_tag-saint-thomas-daquin","14":"product_tag-william-james","16":"first","17":"instock","18":"shipping-taxable","19":"purchasable","20":"product-type-simple"},"_links":{"self":[{"href":"https:\/\/editura-unibuc.ro\/en\/wp-json\/wp\/v2\/product\/25778","targetHints":{"allow":["GET"]}}],"collection":[{"href":"https:\/\/editura-unibuc.ro\/en\/wp-json\/wp\/v2\/product"}],"about":[{"href":"https:\/\/editura-unibuc.ro\/en\/wp-json\/wp\/v2\/types\/product"}],"replies":[{"embeddable":true,"href":"https:\/\/editura-unibuc.ro\/en\/wp-json\/wp\/v2\/comments?post=25778"}],"wp:featuredmedia":[{"embeddable":true,"href":"https:\/\/editura-unibuc.ro\/en\/wp-json\/wp\/v2\/media\/25779"}],"wp:attachment":[{"href":"https:\/\/editura-unibuc.ro\/en\/wp-json\/wp\/v2\/media?parent=25778"}],"wp:term":[{"taxonomy":"product_brand","embeddable":true,"href":"https:\/\/editura-unibuc.ro\/en\/wp-json\/wp\/v2\/product_brand?post=25778"},{"taxonomy":"product_cat","embeddable":true,"href":"https:\/\/editura-unibuc.ro\/en\/wp-json\/wp\/v2\/product_cat?post=25778"},{"taxonomy":"product_tag","embeddable":true,"href":"https:\/\/editura-unibuc.ro\/en\/wp-json\/wp\/v2\/product_tag?post=25778"}],"curies":[{"name":"wp","href":"https:\/\/api.w.org\/{rel}","templated":true}]}}