{"id":2580,"date":"2012-09-22T13:46:04","date_gmt":"2012-09-22T11:46:04","guid":{"rendered":"https:\/\/editura-unibuc.ro\/?p=2580"},"modified":"2025-08-07T12:53:33","modified_gmt":"2025-08-07T09:53:33","slug":"university-of-bucharest-review-a-journal-of-literary-and-cultural-studies-volume-xi-no-1-2009-durability-and-transience-cultural-borders-of-temporality","status":"publish","type":"product","link":"https:\/\/editura-unibuc.ro\/en\/university-of-bucharest-review-a-journal-of-literary-and-cultural-studies-volume-xi-no-1-2009-durability-and-transience-cultural-borders-of-temporality\/","title":{"rendered":"University of Bucharest Review. A Journal of Literary and Cultural Studies, volume XI, no. 1, 2009, DURABILITY AND TRANSIENCE. CULTURAL BORDERS OF TEMPORALITY"},"content":{"rendered":"<p>Volumul de fa\u021b\u0103 cuprinde o parte dintre lucr\u0103rile prezentate \u00een 2009 \u00een cadrul Conferin\u021bei anuale organizate de sec\u021bia de limb\u0103 englez\u0103 a Universit\u0103\u021bii din Bucure\u0219ti, pe tema ,,Durabilitate \u0219i tranzien\u021b\u0103. Grani\u021be culturale ale temporalit\u0103\u021bii\u201d.<\/p>\n<p>Contribu\u021biile sunt grupate pe trei direc\u021bii de cercetare, \u0219i anume: ,,Pozi\u021bion\u0103ri temporale: privind \u00eenainte, privind \u00eenapoi\u201d, ,,Noul timp al lumii\u201d \u0219i ,,Tranzien\u021b\u0103 \u0219i diferen\u021b\u0103\u201d. Autorii aduc \u00een discu\u021bie teme precum: temporalit\u0103\u021bile geografice; tranzien\u021ba v\u0103zut\u0103 doar ca un sentiment al permanen\u021bei; c\u0103l\u0103toria \u00een timp \u0219i implica\u021biile politice ale acesteia; timpul fenomenologic, care se deplaseaz\u0103 \u00eenapoi \u0219i \u00eenainte; rela\u021biile dintre con\u0219tiin\u021ba ecologic\u0103 \u0219i sensul ,,timpului profund\u201d; timpul ciclic versus timp linear \u00een textele literare; temporalit\u0103\u021bi subiective; alte aspecte ale temporalit\u0103\u021bii etc. Cercetarea are \u00een vedere nu doar literatura, ci \u0219i alte forme artistice, precum pictura, memoria grafic\u0103 ori transmisiile radiofonice.<\/p>\n<p>\u00cen final se prezint\u0103 scurte referin\u021be asupra autorilor inclu\u0219i.<\/p>\n","protected":false},"excerpt":{"rendered":"<p>Volumul de fa\u021b\u0103 cuprinde o parte dintre lucr\u0103rile prezentate \u00een 2009 \u00een cadrul Conferin\u021bei anuale organizate de sec\u021bia de limb\u0103 englez\u0103 a Universit\u0103\u021bii din Bucure\u0219ti, pe tema ,,Durabilitate \u0219i tranzien\u021b\u0103. Grani\u021be culturale ale temporalit\u0103\u021bii\u201d. Contribu\u021biile sunt grupate pe trei direc\u021bii de cercetare, \u0219i anume: ,,Pozi\u021bion\u0103ri temporale: privind \u00eenainte, privind \u00eenapoi\u201d, ,,Noul timp al lumii\u201d \u0219i [&hellip;]<\/p>\n","protected":false},"featured_media":10668,"comment_status":"open","ping_status":"closed","template":"","meta":[],"product_brand":[],"product_cat":[1464,976],"product_tag":[920,926],"class_list":{"0":"post-2580","1":"product","2":"type-product","3":"status-publish","4":"has-post-thumbnail","6":"product_cat-filologie","7":"product_cat-limba-engleza","8":"product_tag-cultura","9":"product_tag-engleza","11":"first","12":"outofstock","13":"shipping-taxable","14":"purchasable","15":"product-type-simple"},"_links":{"self":[{"href":"https:\/\/editura-unibuc.ro\/en\/wp-json\/wp\/v2\/product\/2580","targetHints":{"allow":["GET"]}}],"collection":[{"href":"https:\/\/editura-unibuc.ro\/en\/wp-json\/wp\/v2\/product"}],"about":[{"href":"https:\/\/editura-unibuc.ro\/en\/wp-json\/wp\/v2\/types\/product"}],"replies":[{"embeddable":true,"href":"https:\/\/editura-unibuc.ro\/en\/wp-json\/wp\/v2\/comments?post=2580"}],"wp:featuredmedia":[{"embeddable":true,"href":"https:\/\/editura-unibuc.ro\/en\/wp-json\/wp\/v2\/media\/10668"}],"wp:attachment":[{"href":"https:\/\/editura-unibuc.ro\/en\/wp-json\/wp\/v2\/media?parent=2580"}],"wp:term":[{"taxonomy":"product_brand","embeddable":true,"href":"https:\/\/editura-unibuc.ro\/en\/wp-json\/wp\/v2\/product_brand?post=2580"},{"taxonomy":"product_cat","embeddable":true,"href":"https:\/\/editura-unibuc.ro\/en\/wp-json\/wp\/v2\/product_cat?post=2580"},{"taxonomy":"product_tag","embeddable":true,"href":"https:\/\/editura-unibuc.ro\/en\/wp-json\/wp\/v2\/product_tag?post=2580"}],"curies":[{"name":"wp","href":"https:\/\/api.w.org\/{rel}","templated":true}]}}