{"id":25942,"date":"2019-11-11T20:49:22","date_gmt":"2019-11-11T18:49:22","guid":{"rendered":"https:\/\/editura-unibuc.ro\/?post_type=product&#038;p=25942"},"modified":"2023-11-27T13:27:27","modified_gmt":"2023-11-27T11:27:27","slug":"styles-of-communication-vol-11-nr-1-2019","status":"publish","type":"product","link":"https:\/\/editura-unibuc.ro\/en\/styles-of-communication-vol-11-nr-1-2019\/","title":{"rendered":"STYLES OF COMMUNICATION, VOL. 11, Nr. 1\/2019"},"content":{"rendered":"<p><strong>Contents<\/strong><\/p>\n<p>Editorial<\/p>\n<p>Literary studies<\/p>\n<p>Aleksander Szwedek<\/strong><br \/>\n<em>The Image Schema: A Definition<\/em><\/p>\n<p>Grzegorz A. Kleparski, Ma\u0142gorzata G\u00f3recka-Smoli\u0144ska<br \/>\n<em>Bifurcating the Mechanism of Foodsemy: Randy Skeletal Meats, Sinister Variety Meats, Gay Fruit, Sick Veggies and Bad Apples<\/em><\/p>\n<p>Anna Pikalova<br \/>\n<em>Types of the \u201cEmotive-I\u201d of R.L. Stevenson\u201fs Identity in the Children\u201fs Poetic Discourse<\/em><\/p>\n<p><\/strong>Communication studies<\/strong><br \/>\nNikola Vangelov<br \/>\n<em>Efficient Communication through Influencer Marketing <\/em><\/p>\n<p>Oana Maria C\u0103lin<br \/>\n<em>Tradition, Communities and Social Media: How Tradition of Sewing Romanian Blouse Moved from Offline Gatherings to Online Communities<\/em><\/p>\n","protected":false},"excerpt":{"rendered":"<p>Contents Editorial Literary studies Aleksander Szwedek The Image Schema: A Definition Grzegorz A. Kleparski, Ma\u0142gorzata G\u00f3recka-Smoli\u0144ska Bifurcating the Mechanism of Foodsemy: Randy Skeletal Meats, Sinister Variety Meats, Gay Fruit, Sick Veggies and Bad Apples Anna Pikalova Types of the \u201cEmotive-I\u201d of R.L. Stevenson\u201fs Identity in the Children\u201fs Poetic Discourse Communication studies Nikola Vangelov Efficient Communication [&hellip;]<\/p>\n","protected":false},"featured_media":25943,"comment_status":"open","ping_status":"closed","template":"","meta":[],"product_brand":[],"product_cat":[3940,1891,1469,1893,991,996],"product_tag":[1100],"class_list":{"0":"post-25942","1":"product","2":"type-product","3":"status-publish","4":"has-post-thumbnail","6":"product_cat-styles-of-communication","7":"product_cat-download","8":"product_cat-periodice","9":"product_cat-reviste-academice","10":"product_cat-stiinte-sociale","11":"product_cat-jurnalism-si-stiintele-comunicarii","12":"product_tag-jurnalism","14":"first","15":"instock","16":"downloadable","17":"virtual","18":"product-type-simple"},"_links":{"self":[{"href":"https:\/\/editura-unibuc.ro\/en\/wp-json\/wp\/v2\/product\/25942","targetHints":{"allow":["GET"]}}],"collection":[{"href":"https:\/\/editura-unibuc.ro\/en\/wp-json\/wp\/v2\/product"}],"about":[{"href":"https:\/\/editura-unibuc.ro\/en\/wp-json\/wp\/v2\/types\/product"}],"replies":[{"embeddable":true,"href":"https:\/\/editura-unibuc.ro\/en\/wp-json\/wp\/v2\/comments?post=25942"}],"wp:featuredmedia":[{"embeddable":true,"href":"https:\/\/editura-unibuc.ro\/en\/wp-json\/wp\/v2\/media\/25943"}],"wp:attachment":[{"href":"https:\/\/editura-unibuc.ro\/en\/wp-json\/wp\/v2\/media?parent=25942"}],"wp:term":[{"taxonomy":"product_brand","embeddable":true,"href":"https:\/\/editura-unibuc.ro\/en\/wp-json\/wp\/v2\/product_brand?post=25942"},{"taxonomy":"product_cat","embeddable":true,"href":"https:\/\/editura-unibuc.ro\/en\/wp-json\/wp\/v2\/product_cat?post=25942"},{"taxonomy":"product_tag","embeddable":true,"href":"https:\/\/editura-unibuc.ro\/en\/wp-json\/wp\/v2\/product_tag?post=25942"}],"curies":[{"name":"wp","href":"https:\/\/api.w.org\/{rel}","templated":true}]}}