{"id":25965,"date":"2019-11-13T20:01:31","date_gmt":"2019-11-13T18:01:31","guid":{"rendered":"https:\/\/editura-unibuc.ro\/?post_type=product&#038;p=25965"},"modified":"2020-07-19T13:27:03","modified_gmt":"2020-07-19T10:27:03","slug":"les-nouveaux-visages-de-lafrique","status":"publish","type":"product","link":"https:\/\/editura-unibuc.ro\/en\/les-nouveaux-visages-de-lafrique\/","title":{"rendered":"LES NOUVEAUX VISAGES DE L&#8217;AFRIQUE"},"content":{"rendered":"<p><strong>(Actes du colloque annuel du R\u00e9seau International des Chaires Senghor de la Francophonie, Bucarest 14 septembre 2017)<\/strong><\/p>\n<p>Ouvrage publi\u00e9 avec le soutien de l\u2019Agence Universitaire de la Francophonie en Europe centrale et orientale.<\/p>\n<p>Les questions abord\u00e9es de mani\u00e8re interdisciplinaire et transdisciplinaire sur les nouveaux visages de l\u2019Afrique visent \u00e0 la fois leur sp\u00e9cificit\u00e9 g\u00e9ographique et leur universalit\u00e9 dans leurs expressions. Elles rel\u00e8vent alors de ce qui fonde et justifie les regards des diff\u00e9rents chercheurs des sciences sociales et humaines, \u00e0 savoir la profondeur historique des mutations politiques, \u00e9conomiques, sociales et culturelles des soci\u00e9t\u00e9s africaines en mouvement.<br \/>\n<\/p>","protected":false},"excerpt":{"rendered":"<p>(Actes du colloque annuel du R\u00e9seau International des Chaires Senghor de la Francophonie, Bucarest 14 septembre 2017) Ouvrage publi\u00e9 avec le soutien de l\u2019Agence Universitaire de la Francophonie en Europe centrale et orientale. Les questions abord\u00e9es de mani\u00e8re interdisciplinaire et transdisciplinaire sur les nouveaux visages de l\u2019Afrique visent \u00e0 la fois leur sp\u00e9cificit\u00e9 g\u00e9ographique et [&hellip;]<\/p>\n","protected":false},"featured_media":25966,"comment_status":"open","ping_status":"closed","template":"","meta":[],"product_brand":[],"product_cat":[1531,3411,1464,977,991,1751,995],"product_tag":[3416,3414,3412,3413,3415],"class_list":{"0":"post-25965","1":"product","2":"type-product","3":"status-publish","4":"has-post-thumbnail","6":"product_cat-colectii","7":"product_cat-isa","8":"product_cat-filologie","9":"product_cat-limba-franceza","10":"product_cat-stiinte-sociale","11":"product_cat-drept","12":"product_cat-istorie-stiinte-politice","13":"product_tag-architecture-de-lafrique","14":"product_tag-diplomatie-en-afrique","15":"product_tag-la-cour-africaine-des-droits-de-lhomme","16":"product_tag-la-pauvrete-en-afrique","17":"product_tag-pierre-savorgnan-de-brazza","19":"first","20":"outofstock","21":"shipping-taxable","22":"purchasable","23":"product-type-simple"},"_links":{"self":[{"href":"https:\/\/editura-unibuc.ro\/en\/wp-json\/wp\/v2\/product\/25965","targetHints":{"allow":["GET"]}}],"collection":[{"href":"https:\/\/editura-unibuc.ro\/en\/wp-json\/wp\/v2\/product"}],"about":[{"href":"https:\/\/editura-unibuc.ro\/en\/wp-json\/wp\/v2\/types\/product"}],"replies":[{"embeddable":true,"href":"https:\/\/editura-unibuc.ro\/en\/wp-json\/wp\/v2\/comments?post=25965"}],"wp:featuredmedia":[{"embeddable":true,"href":"https:\/\/editura-unibuc.ro\/en\/wp-json\/wp\/v2\/media\/25966"}],"wp:attachment":[{"href":"https:\/\/editura-unibuc.ro\/en\/wp-json\/wp\/v2\/media?parent=25965"}],"wp:term":[{"taxonomy":"product_brand","embeddable":true,"href":"https:\/\/editura-unibuc.ro\/en\/wp-json\/wp\/v2\/product_brand?post=25965"},{"taxonomy":"product_cat","embeddable":true,"href":"https:\/\/editura-unibuc.ro\/en\/wp-json\/wp\/v2\/product_cat?post=25965"},{"taxonomy":"product_tag","embeddable":true,"href":"https:\/\/editura-unibuc.ro\/en\/wp-json\/wp\/v2\/product_tag?post=25965"}],"curies":[{"name":"wp","href":"https:\/\/api.w.org\/{rel}","templated":true}]}}