{"id":25971,"date":"2019-11-13T20:11:21","date_gmt":"2019-11-13T18:11:21","guid":{"rendered":"https:\/\/editura-unibuc.ro\/?post_type=product&#038;p=25971"},"modified":"2019-11-13T20:11:22","modified_gmt":"2019-11-13T18:11:22","slug":"studii-de-imagologie-polona-ed-a-ii-a-revizuita-si-adaugita","status":"publish","type":"product","link":"https:\/\/editura-unibuc.ro\/en\/studii-de-imagologie-polona-ed-a-ii-a-revizuita-si-adaugita\/","title":{"rendered":"STUDII DE IMAGOLOGIE POLON\u0102. ED. A II-A, REVIZUIT\u0102 \u0218I AD\u0102UGIT\u0102"},"content":{"rendered":"<p>Odat\u0103 cu introducerea \u00een programa masteratului de studii culturale slave a disciplinei \u201eimagologie slav\u0103\u201d s-a conturat din ce \u00een ce mai pregnant necesitatea elabor\u0103rii unor instrumente de lucru \u00een aceast\u0103 direc\u0163ie. \u00cen afara studiilor de autor, concentrate \u00eendeosebi asupra analizei unor opere literare, volumul cuprinde studii teoretice, \u00een cea mai mare parte traduse.<\/p>\n<p>Crestoma\u0163ia constituie nu doar un sprijin didactic concret pentru studen\u0163ii \u015fi masteranzii sec\u0163iilor de slavistic\u0103, ci \u015fi un stimul \u00een cunoa\u015fterea mentalit\u0103\u0163ii culturale a slavilor \u015fi a rela\u0163iilor acestora cu vecinii.<\/p>\n<p>Constantin Geamba\u015fu este absolvent al Facult\u0103\u0163ii de Filologie polon\u0103 a Universit\u0103\u0163ii din Var\u015fovia (1971), profesor dr. emerit al Facult\u0103\u0163ii de Limbi \u015fi Literaturi Str\u0103ine a Universit\u0103\u0163ii din Bucure\u015fti, Departamentul de Filologie Rus\u0103 \u015fi Slav\u0103. A publicat peste o sut\u0103 de studii \u00een reviste de specialitate din \u0163ar\u0103 \u015fi din str\u0103in\u0103tate, \u015fapte volume de studii consacrate literaturii \u015fi culturii polone \u00een context comparat (vezi, printre altele, <em>Cultur\u0103 \u015fi civiliza\u0163ie polon\u0103. Secolele X-XVII<\/em>, Bucure\u015fti, Paideia, 2009; <em>Texte \u015fi contexte<\/em>, EUB, 2009; <em>Literatura polon\u0103 \u00eentre tradi\u0163ie \u015fi modernitate, <\/em>Cluj-Napoca, 2018) \u0219i 70 de volume de traduceri. A colaborat la elaborarea <em>Dic\u0163ionarului polon-rom\u00e2n<\/em> (Ia\u015fi, Polirom, 2014), a <em>Marelui dic\u0163ionar polon-rom\u00e2n<\/em> (Bucure\u015fti, Paideia, 2019) \u015fi a <em>Manualului de conversa\u0163ie \u00een limba polon\u0103<\/em> (Editura Universit\u0103\u0163ii din Bucure\u015fti, 2016).<\/p>\n","protected":false},"excerpt":{"rendered":"<p>Odat\u0103 cu introducerea \u00een programa masteratului de studii culturale slave a disciplinei \u201eimagologie slav\u0103\u201d s-a conturat din ce \u00een ce mai pregnant necesitatea elabor\u0103rii unor instrumente de lucru \u00een aceast\u0103 direc\u0163ie. \u00cen afara studiilor de autor, concentrate \u00eendeosebi asupra analizei unor opere literare, volumul cuprinde studii teoretice, \u00een cea mai mare parte traduse. Crestoma\u0163ia constituie [&hellip;]<\/p>\n","protected":false},"featured_media":25968,"comment_status":"open","ping_status":"closed","template":"","meta":[],"product_brand":[],"product_cat":[1464,981],"product_tag":[3422],"class_list":{"0":"post-25971","1":"product","2":"type-product","3":"status-publish","4":"has-post-thumbnail","6":"product_cat-filologie","7":"product_cat-limbi-slave","8":"product_tag-istorie-si-cultura-poloneza","10":"first","11":"instock","12":"shipping-taxable","13":"purchasable","14":"product-type-simple"},"_links":{"self":[{"href":"https:\/\/editura-unibuc.ro\/en\/wp-json\/wp\/v2\/product\/25971","targetHints":{"allow":["GET"]}}],"collection":[{"href":"https:\/\/editura-unibuc.ro\/en\/wp-json\/wp\/v2\/product"}],"about":[{"href":"https:\/\/editura-unibuc.ro\/en\/wp-json\/wp\/v2\/types\/product"}],"replies":[{"embeddable":true,"href":"https:\/\/editura-unibuc.ro\/en\/wp-json\/wp\/v2\/comments?post=25971"}],"wp:featuredmedia":[{"embeddable":true,"href":"https:\/\/editura-unibuc.ro\/en\/wp-json\/wp\/v2\/media\/25968"}],"wp:attachment":[{"href":"https:\/\/editura-unibuc.ro\/en\/wp-json\/wp\/v2\/media?parent=25971"}],"wp:term":[{"taxonomy":"product_brand","embeddable":true,"href":"https:\/\/editura-unibuc.ro\/en\/wp-json\/wp\/v2\/product_brand?post=25971"},{"taxonomy":"product_cat","embeddable":true,"href":"https:\/\/editura-unibuc.ro\/en\/wp-json\/wp\/v2\/product_cat?post=25971"},{"taxonomy":"product_tag","embeddable":true,"href":"https:\/\/editura-unibuc.ro\/en\/wp-json\/wp\/v2\/product_tag?post=25971"}],"curies":[{"name":"wp","href":"https:\/\/api.w.org\/{rel}","templated":true}]}}