{"id":26032,"date":"2019-11-22T07:47:20","date_gmt":"2019-11-22T05:47:20","guid":{"rendered":"https:\/\/editura-unibuc.ro\/?post_type=product&#038;p=26032"},"modified":"2025-08-07T10:53:05","modified_gmt":"2025-08-07T07:53:05","slug":"romana-si-limbile-romanice-actele-celui-de-al-xviii-lea-colocviu-international-al-departamentului-de-lingvistica-bucuresti-23-24-noiembrie-2018","status":"publish","type":"product","link":"https:\/\/editura-unibuc.ro\/en\/romana-si-limbile-romanice-actele-celui-de-al-xviii-lea-colocviu-international-al-departamentului-de-lingvistica-bucuresti-23-24-noiembrie-2018\/","title":{"rendered":"ROMANIAN AND ROMANCE LANGUAGES. Proceedings of the XVIIIth International Colloquium of the Department of Linguistics (Bucharest, November 23-24, 2018)"},"content":{"rendered":"<p>\u201eVolumul de fa\u0163\u0103 reune\u015fte o parte dintre comunic\u0103rile prezentate la cel de-al XVIII-lea Colocviu interna\u0163ional al Departamentului de Lingvistic\u0103 al Facult\u0103\u0163ii de Litere, desf\u0103\u015furat la Universitatea din Bucure\u015fti \u00een zilele de 23 \u015fi 24 noiembrie 2018. Noua apari\u0163ie din seria de Acte ale colocviului (\u00eenceput\u0103 \u00een anul 2002) se intituleaz\u0103\u00a0<em>Rom\u00e2na \u0219i limbile romanice<\/em>\u00a0\u015fi continu\u0103 s\u0103 propun\u0103 diversificarea \u015fi dezvoltarea cercet\u0103rilor lingvistice asupra limbii rom\u00e2ne prin plasarea \u00een perspectiva mai larg\u0103 a romanisticii.<\/p>\n<p>Acest volum este structurat, ca \u015fi cele precedente, \u00een func\u0163ie de sec\u0163iunile colocviului, reflect\u00e2nd \u00een bun\u0103 m\u0103sur\u0103 diversitatea de domenii, preocup\u0103ri \u015fi metodologii ale lingvi\u015ftilor care studiaz\u0103 limba rom\u00e2n\u0103 \u015fi limbile romanice: (1) Gramatic\u0103; (2) Pragmatic\u0103, stilistic\u0103, poetic\u0103; (3) Lexic, semantic\u0103, frazeologie, terminologii; (4) Filologie, istoria limbii rom\u00e2ne, dialectologie. Colocviul a inclus dou\u0103 workshopuri cu larg\u0103 participare interna\u0163ional\u0103 \u2013\u00a0<em>Syntactic variation in Romance<\/em>\u00a0\u015fi\u00a0<em>Attitude and stance in discourse<\/em>; c\u00e2teva contribu\u0163ii din primul workshop sunt cuprinse \u00een acest volum, \u00een sec\u0163iunea\u00a0<em>Gramatic\u0103<\/em>; pentru cel de-al doilea este \u00een preg\u0103tire o apari\u0163ie editorial\u0103 separat\u0103. Un volum special va reuni lucr\u0103rile prezentate \u00een cadrul sec\u0163iunii\u00a0<em>Didactica limbii rom\u00e2ne ca limb\u0103 matern\u0103<\/em>\u00a0\u015fi\u00a0<em>Didactica limbii rom\u00e2ne ca limb\u0103 str\u0103in\u0103<\/em>.<\/p>\n<p>Cartea pe care o prezent\u0103m este dedicat\u0103 doamnei profesoare Angela Bidu-Vr\u0103nceanu, una dintre cele mai cunoscute \u015fi apreciate profesoare emerite ale departamentului nostru, teoretician\u0103 riguroas\u0103 \u015fi subtil\u0103, deschiz\u0103toare de drumuri \u015fi creatoare de \u015fcoal\u0103 \u00een domeniul lexicologiei rom\u00e2ne\u015fti moderne \u015fi al terminologiei. O apropiat\u0103 aniversare ne ofer\u0103 prilejul de a-i mul\u0163umi pentru \u00eentreaga sa activitate \u2013 reflectat\u0103 din plin, prin contribu\u0163iile sale \u015fi ale fo\u015ftilor s\u0103i studen\u0163i, \u015fi \u00een sec\u0163iunile de lexicologie din volumele de\u00a0<em>Acte<\/em>\u00a0ale colocviului nostru\u201d. (Editorii)<\/p>\n","protected":false},"excerpt":{"rendered":"<p>\u201eVolumul de fa\u0163\u0103 reune\u015fte o parte dintre comunic\u0103rile prezentate la cel de-al XVIII-lea Colocviu interna\u0163ional al Departamentului de Lingvistic\u0103 al Facult\u0103\u0163ii de Litere, desf\u0103\u015furat la Universitatea din Bucure\u015fti \u00een zilele de 23 \u015fi 24 noiembrie 2018. Noua apari\u0163ie din seria de Acte ale colocviului (\u00eenceput\u0103 \u00een anul 2002) se intituleaz\u0103\u00a0Rom\u00e2na \u0219i limbile romanice\u00a0\u015fi continu\u0103 s\u0103 [&hellip;]<\/p>\n","protected":false},"featured_media":26033,"comment_status":"open","ping_status":"closed","template":"","meta":[],"product_brand":[],"product_cat":[3906,1464,977,979,980,1469],"product_tag":[1711,1183,933,2512,1011,3430,3428,1430,1568,3429],"class_list":{"0":"post-26032","1":"product","2":"type-product","3":"status-publish","4":"has-post-thumbnail","6":"product_cat-lucrari-congrese","7":"product_cat-filologie","8":"product_cat-limba-franceza","9":"product_cat-limba-romana","10":"product_cat-limbi-romanice-clasice-si-orientale","11":"product_cat-periodice","12":"product_tag-dialectologie","13":"product_tag-frazeologie","14":"product_tag-gramatica","15":"product_tag-istoria-limbii-romane","16":"product_tag-limba-romana","17":"product_tag-limbile-romanice","18":"product_tag-poetica-lexic","19":"product_tag-semantica","20":"product_tag-stilistica","21":"product_tag-terminologii-filologie","23":"first","24":"instock","25":"shipping-taxable","26":"purchasable","27":"product-type-simple"},"_links":{"self":[{"href":"https:\/\/editura-unibuc.ro\/en\/wp-json\/wp\/v2\/product\/26032","targetHints":{"allow":["GET"]}}],"collection":[{"href":"https:\/\/editura-unibuc.ro\/en\/wp-json\/wp\/v2\/product"}],"about":[{"href":"https:\/\/editura-unibuc.ro\/en\/wp-json\/wp\/v2\/types\/product"}],"replies":[{"embeddable":true,"href":"https:\/\/editura-unibuc.ro\/en\/wp-json\/wp\/v2\/comments?post=26032"}],"wp:featuredmedia":[{"embeddable":true,"href":"https:\/\/editura-unibuc.ro\/en\/wp-json\/wp\/v2\/media\/26033"}],"wp:attachment":[{"href":"https:\/\/editura-unibuc.ro\/en\/wp-json\/wp\/v2\/media?parent=26032"}],"wp:term":[{"taxonomy":"product_brand","embeddable":true,"href":"https:\/\/editura-unibuc.ro\/en\/wp-json\/wp\/v2\/product_brand?post=26032"},{"taxonomy":"product_cat","embeddable":true,"href":"https:\/\/editura-unibuc.ro\/en\/wp-json\/wp\/v2\/product_cat?post=26032"},{"taxonomy":"product_tag","embeddable":true,"href":"https:\/\/editura-unibuc.ro\/en\/wp-json\/wp\/v2\/product_tag?post=26032"}],"curies":[{"name":"wp","href":"https:\/\/api.w.org\/{rel}","templated":true}]}}