{"id":2616,"date":"2012-09-25T14:20:55","date_gmt":"2012-09-25T11:20:55","guid":{"rendered":"https:\/\/editura-unibuc.ro\/?p=2616"},"modified":"2025-08-28T11:19:32","modified_gmt":"2025-08-28T08:19:32","slug":"introduction-a-une-epistemologie-de-limage-publicitaire","status":"publish","type":"product","link":"https:\/\/editura-unibuc.ro\/en\/introduction-a-une-epistemologie-de-limage-publicitaire\/","title":{"rendered":"INTRODUCTION TO ADVERTISING IMAGES EPISTEMOLOGY"},"content":{"rendered":"<p>Lucrarea reprezint\u0103 un studiu amplu asupra imaginii publicitare sub toate aspectele \u0219tiin\u021bifice \u0219i teoretice. Semiotica ocup\u0103 un loc central, pornind de la teoriile lui Roland Barthes p\u00e2n\u0103 la gramaticile generative transforma\u021bionale (Chomsky). Autorul propune \u0219i un sistem integrativ propriu de analiz\u0103 a imaginii publicitare.<\/p>\n","protected":false},"excerpt":{"rendered":"<p>Lucrarea reprezint\u0103 un studiu amplu asupra imaginii publicitare sub toate aspectele \u0219tiin\u021bifice \u0219i teoretice. Semiotica ocup\u0103 un loc central, pornind de la teoriile lui Roland Barthes p\u00e2n\u0103 la gramaticile generative transforma\u021bionale (Chomsky). Autorul propune \u0219i un sistem integrativ propriu de analiz\u0103 a imaginii publicitare.<\/p>\n","protected":false},"featured_media":10646,"comment_status":"open","ping_status":"closed","template":"","meta":[],"product_brand":[],"product_cat":[1464,977],"product_tag":[877,1344,1345],"class_list":{"0":"post-2616","1":"product","2":"type-product","3":"status-publish","4":"has-post-thumbnail","6":"product_cat-filologie","7":"product_cat-limba-franceza","8":"product_tag-franceza","9":"product_tag-imagine","10":"product_tag-publicitate","12":"first","13":"instock","14":"shipping-taxable","15":"purchasable","16":"product-type-simple"},"_links":{"self":[{"href":"https:\/\/editura-unibuc.ro\/en\/wp-json\/wp\/v2\/product\/2616","targetHints":{"allow":["GET"]}}],"collection":[{"href":"https:\/\/editura-unibuc.ro\/en\/wp-json\/wp\/v2\/product"}],"about":[{"href":"https:\/\/editura-unibuc.ro\/en\/wp-json\/wp\/v2\/types\/product"}],"replies":[{"embeddable":true,"href":"https:\/\/editura-unibuc.ro\/en\/wp-json\/wp\/v2\/comments?post=2616"}],"wp:featuredmedia":[{"embeddable":true,"href":"https:\/\/editura-unibuc.ro\/en\/wp-json\/wp\/v2\/media\/10646"}],"wp:attachment":[{"href":"https:\/\/editura-unibuc.ro\/en\/wp-json\/wp\/v2\/media?parent=2616"}],"wp:term":[{"taxonomy":"product_brand","embeddable":true,"href":"https:\/\/editura-unibuc.ro\/en\/wp-json\/wp\/v2\/product_brand?post=2616"},{"taxonomy":"product_cat","embeddable":true,"href":"https:\/\/editura-unibuc.ro\/en\/wp-json\/wp\/v2\/product_cat?post=2616"},{"taxonomy":"product_tag","embeddable":true,"href":"https:\/\/editura-unibuc.ro\/en\/wp-json\/wp\/v2\/product_tag?post=2616"}],"curies":[{"name":"wp","href":"https:\/\/api.w.org\/{rel}","templated":true}]}}