{"id":2620,"date":"2012-09-25T14:25:33","date_gmt":"2012-09-25T11:25:33","guid":{"rendered":"https:\/\/editura-unibuc.ro\/?p=2620"},"modified":"2025-08-07T10:35:35","modified_gmt":"2025-08-07T07:35:35","slug":"quelques-aventures-de-lekphrasis-dans-la-fiction-contemporaine","status":"publish","type":"product","link":"https:\/\/editura-unibuc.ro\/en\/quelques-aventures-de-lekphrasis-dans-la-fiction-contemporaine\/","title":{"rendered":"ADVENTURES OF THE \u00abEKPHRASIS\u00bb IN CONTEMPORARY FICTION"},"content":{"rendered":"<p>Les \u00e9tudes r\u00e9unies dans cet ouvrage sont li\u00e9es au concept classique de l\u2019ekphrasis, dont le sens a fortement evolu\u00e9. Le terme est d\u00e9fini par les modernes comme \u201ela description d\u2019une oeuvre d\u2019art r\u00e9elle ou fictionelle dans un texte litt\u00e9raire\u201d. Une partie des analyses publi\u00e9es ici sont bas\u00e9es sur des recherches pr\u00e9sent\u00e9es \u00e0 des colloques, ou qui ont \u00e9t\u00e9 publi\u00e9es dans des revues, mais qui pour la r\u00e9alisation de cet ouvrage ont \u00e9t\u00e9 enti\u00e8rement retravaill\u00e9s et restructur\u00e9es. Ce livre est paru avec le support de l&#8217;Agence Universitaire de la Francophonie.<\/p>\n","protected":false},"excerpt":{"rendered":"<p>Les \u00e9tudes r\u00e9unies dans cet ouvrage sont li\u00e9es au concept classique de l\u2019ekphrasis, dont le sens a fortement evolu\u00e9. Le terme est d\u00e9fini par les modernes comme \u201ela description d\u2019une oeuvre d\u2019art r\u00e9elle ou fictionelle dans un texte litt\u00e9raire\u201d. Une partie des analyses publi\u00e9es ici sont bas\u00e9es sur des recherches pr\u00e9sent\u00e9es \u00e0 des colloques, ou [&hellip;]<\/p>\n","protected":false},"featured_media":10643,"comment_status":"open","ping_status":"closed","template":"","meta":[],"product_brand":[],"product_cat":[1464,977],"product_tag":[959,877,919],"class_list":{"0":"post-2620","1":"product","2":"type-product","3":"status-publish","4":"has-post-thumbnail","6":"product_cat-filologie","7":"product_cat-limba-franceza","8":"product_tag-arta","9":"product_tag-franceza","10":"product_tag-literatura","12":"first","13":"instock","14":"shipping-taxable","15":"purchasable","16":"product-type-simple"},"_links":{"self":[{"href":"https:\/\/editura-unibuc.ro\/en\/wp-json\/wp\/v2\/product\/2620","targetHints":{"allow":["GET"]}}],"collection":[{"href":"https:\/\/editura-unibuc.ro\/en\/wp-json\/wp\/v2\/product"}],"about":[{"href":"https:\/\/editura-unibuc.ro\/en\/wp-json\/wp\/v2\/types\/product"}],"replies":[{"embeddable":true,"href":"https:\/\/editura-unibuc.ro\/en\/wp-json\/wp\/v2\/comments?post=2620"}],"wp:featuredmedia":[{"embeddable":true,"href":"https:\/\/editura-unibuc.ro\/en\/wp-json\/wp\/v2\/media\/10643"}],"wp:attachment":[{"href":"https:\/\/editura-unibuc.ro\/en\/wp-json\/wp\/v2\/media?parent=2620"}],"wp:term":[{"taxonomy":"product_brand","embeddable":true,"href":"https:\/\/editura-unibuc.ro\/en\/wp-json\/wp\/v2\/product_brand?post=2620"},{"taxonomy":"product_cat","embeddable":true,"href":"https:\/\/editura-unibuc.ro\/en\/wp-json\/wp\/v2\/product_cat?post=2620"},{"taxonomy":"product_tag","embeddable":true,"href":"https:\/\/editura-unibuc.ro\/en\/wp-json\/wp\/v2\/product_tag?post=2620"}],"curies":[{"name":"wp","href":"https:\/\/api.w.org\/{rel}","templated":true}]}}