{"id":26221,"date":"2019-12-24T19:49:52","date_gmt":"2019-12-24T17:49:52","guid":{"rendered":"https:\/\/editura-unibuc.ro\/?post_type=product&#038;p=26221"},"modified":"2025-08-07T11:50:08","modified_gmt":"2025-08-07T08:50:08","slug":"strukture-rromane-chibaqe-structuri-ale-limbii-rromani","status":"publish","type":"product","link":"https:\/\/editura-unibuc.ro\/en\/strukture-rromane-chibaqe-structuri-ale-limbii-rromani\/","title":{"rendered":"STRUKT\u00d9RE RROMANE \u0106HIB\u0102QE \/ STRUCTURES OF ROMANI LANGUAGE"},"content":{"rendered":"<p>Prezentul curs universitar se adreseaz\u0103 studen\u021bilor de la sec\u021bia de limba \u0219i literatura rromani a Facult\u0103\u021bii de Limbi \u0219i Literaturi Str\u0103ine din cadrul Universit\u0103\u021bii din Bucure\u0219ti, c\u00e2t \u0219i studen\u021bilor care urmeaz\u0103, la IDD, specializarea <em>pedagogia \u00eenv\u0103\u021b\u0103m\u00e2ntului primar \u0219i pre\u0219colar<\/em> \u0219i au ales, suplimentar, modulul op\u021bional rrom. Totodat\u0103, cursul de fa\u021b\u0103 constituie material de baz\u0103 pentru alte activit\u0103\u021bi didactice \u00een profilul limbii rromani, \u00een contextul cursurilor de formare continu\u0103 a \u00eenv\u0103\u021b\u0103torilor \u0219i profesorilor care predau \u00een \/ sau aceast\u0103 limb\u0103 \u00een \u0219coli \u0219i licee.<\/p>\n","protected":false},"excerpt":{"rendered":"<p>Prezentul curs universitar se adreseaz\u0103 studen\u021bilor de la sec\u021bia de limba \u0219i literatura rromani a Facult\u0103\u021bii de Limbi \u0219i Literaturi Str\u0103ine din cadrul Universit\u0103\u021bii din Bucure\u0219ti, c\u00e2t \u0219i studen\u021bilor care urmeaz\u0103, la IDD, specializarea pedagogia \u00eenv\u0103\u021b\u0103m\u00e2ntului primar \u0219i pre\u0219colar \u0219i au ales, suplimentar, modulul op\u021bional rrom. Totodat\u0103, cursul de fa\u021b\u0103 constituie material de baz\u0103 pentru [&hellip;]<\/p>\n","protected":false},"featured_media":26222,"comment_status":"open","ping_status":"closed","template":"","meta":[],"product_brand":[],"product_cat":[1464,980],"product_tag":[3434,3433,2901,1163],"class_list":{"0":"post-26221","1":"product","2":"type-product","3":"status-publish","4":"has-post-thumbnail","6":"product_cat-filologie","7":"product_cat-limbi-romanice-clasice-si-orientale","8":"product_tag-gramatica-limbii-rromani","9":"product_tag-invatare","10":"product_tag-limba-rromani","11":"product_tag-predare","13":"first","14":"instock","15":"shipping-taxable","16":"purchasable","17":"product-type-simple"},"_links":{"self":[{"href":"https:\/\/editura-unibuc.ro\/en\/wp-json\/wp\/v2\/product\/26221","targetHints":{"allow":["GET"]}}],"collection":[{"href":"https:\/\/editura-unibuc.ro\/en\/wp-json\/wp\/v2\/product"}],"about":[{"href":"https:\/\/editura-unibuc.ro\/en\/wp-json\/wp\/v2\/types\/product"}],"replies":[{"embeddable":true,"href":"https:\/\/editura-unibuc.ro\/en\/wp-json\/wp\/v2\/comments?post=26221"}],"wp:featuredmedia":[{"embeddable":true,"href":"https:\/\/editura-unibuc.ro\/en\/wp-json\/wp\/v2\/media\/26222"}],"wp:attachment":[{"href":"https:\/\/editura-unibuc.ro\/en\/wp-json\/wp\/v2\/media?parent=26221"}],"wp:term":[{"taxonomy":"product_brand","embeddable":true,"href":"https:\/\/editura-unibuc.ro\/en\/wp-json\/wp\/v2\/product_brand?post=26221"},{"taxonomy":"product_cat","embeddable":true,"href":"https:\/\/editura-unibuc.ro\/en\/wp-json\/wp\/v2\/product_cat?post=26221"},{"taxonomy":"product_tag","embeddable":true,"href":"https:\/\/editura-unibuc.ro\/en\/wp-json\/wp\/v2\/product_tag?post=26221"}],"curies":[{"name":"wp","href":"https:\/\/api.w.org\/{rel}","templated":true}]}}