{"id":2625,"date":"2012-09-28T09:15:53","date_gmt":"2012-09-28T06:15:53","guid":{"rendered":"https:\/\/editura-unibuc.ro\/?p=2625"},"modified":"2024-04-10T10:41:20","modified_gmt":"2024-04-10T07:41:20","slug":"questions-de-sociolinguistique","status":"publish","type":"product","link":"https:\/\/editura-unibuc.ro\/en\/questions-de-sociolinguistique\/","title":{"rendered":"QUESTIONS OF SOCIOLINGUISTICS"},"content":{"rendered":"<p>Ce volume s\u2019adresse aux \u00e9tudiants des derni\u00e8res ann\u00e9es d\u2019\u00e9tudes et aux doctorants qui choisissent de se familiariser avec une discipline de fronti\u00e8re de la linguistique, une discipline relativement nouvelle, appel\u00e9e d\u2019abord linguistique sociale et ensuite sociolinguistique.<\/p>\n<p>Dans les trois sections du livre, l\u2019auteur expose quelques-unes de ses r\u00e9flexions concernant plusieurs probl\u00e8mes qui rel\u00e8vent de la sociolinguistique. La discussion th\u00e9orique (des deux premi\u00e8res parties) et les recherches practiques (pr\u00e9sent\u00e9es dans la troisi\u00e8me section) s\u2019appuient sur les donn\u00e9es offertes par la r\u00e9alit\u00e9 sociolinguistique des communaut\u00e9s linguistiques nationales roumaine et fran\u00e7aise.<\/p>\n<p>Le micro-glossaire qui se trouve \u00e0 la d\u00e9finitions de quelques termes et concepts discut\u00e9s dans cet ouvrage.<\/p>\n","protected":false},"excerpt":{"rendered":"<p>Ce volume s\u2019adresse aux \u00e9tudiants des derni\u00e8res ann\u00e9es d\u2019\u00e9tudes et aux doctorants qui choisissent de se familiariser avec une discipline de fronti\u00e8re de la linguistique, une discipline relativement nouvelle, appel\u00e9e d\u2019abord linguistique sociale et ensuite sociolinguistique. Dans les trois sections du livre, l\u2019auteur expose quelques-unes de ses r\u00e9flexions concernant plusieurs probl\u00e8mes qui rel\u00e8vent de la [&hellip;]<\/p>\n","protected":false},"featured_media":10641,"comment_status":"open","ping_status":"closed","template":"","meta":[],"product_brand":[],"product_cat":[1464,977],"product_tag":[877,895],"class_list":{"0":"post-2625","1":"product","2":"type-product","3":"status-publish","4":"has-post-thumbnail","6":"product_cat-filologie","7":"product_cat-limba-franceza","8":"product_tag-franceza","9":"product_tag-lingvistica","11":"first","12":"instock","13":"shipping-taxable","14":"purchasable","15":"product-type-simple"},"_links":{"self":[{"href":"https:\/\/editura-unibuc.ro\/en\/wp-json\/wp\/v2\/product\/2625","targetHints":{"allow":["GET"]}}],"collection":[{"href":"https:\/\/editura-unibuc.ro\/en\/wp-json\/wp\/v2\/product"}],"about":[{"href":"https:\/\/editura-unibuc.ro\/en\/wp-json\/wp\/v2\/types\/product"}],"replies":[{"embeddable":true,"href":"https:\/\/editura-unibuc.ro\/en\/wp-json\/wp\/v2\/comments?post=2625"}],"wp:featuredmedia":[{"embeddable":true,"href":"https:\/\/editura-unibuc.ro\/en\/wp-json\/wp\/v2\/media\/10641"}],"wp:attachment":[{"href":"https:\/\/editura-unibuc.ro\/en\/wp-json\/wp\/v2\/media?parent=2625"}],"wp:term":[{"taxonomy":"product_brand","embeddable":true,"href":"https:\/\/editura-unibuc.ro\/en\/wp-json\/wp\/v2\/product_brand?post=2625"},{"taxonomy":"product_cat","embeddable":true,"href":"https:\/\/editura-unibuc.ro\/en\/wp-json\/wp\/v2\/product_cat?post=2625"},{"taxonomy":"product_tag","embeddable":true,"href":"https:\/\/editura-unibuc.ro\/en\/wp-json\/wp\/v2\/product_tag?post=2625"}],"curies":[{"name":"wp","href":"https:\/\/api.w.org\/{rel}","templated":true}]}}