{"id":26320,"date":"2020-01-15T11:16:06","date_gmt":"2020-01-15T09:16:06","guid":{"rendered":"https:\/\/editura-unibuc.ro\/?post_type=product&#038;p=26320"},"modified":"2020-01-15T11:16:07","modified_gmt":"2020-01-15T09:16:07","slug":"partidul-conservator-din-romania-interbelica","status":"publish","type":"product","link":"https:\/\/editura-unibuc.ro\/en\/partidul-conservator-din-romania-interbelica\/","title":{"rendered":"PARTIDUL CONSERVATOR DIN ROM\u00c2NIA INTERBELIC\u0102"},"content":{"rendered":"<p>\u00cen 1929, Grigore Filipescu, fiul cunoscutului om politic Nicolae Filipescu, a \u00eenfiin\u021bat o grupare numit\u0103 Liga \u201eVlad \u021aepe\u0219\u201d, care avea ca principal scop readucerea \u00een \u021bar\u0103 a prin\u021bului Carol \u0219i \u00eensc\u0103unarea sa ca rege al Rom\u00e2niei. \u00cen timpul guvern\u0103rii conduse de Nicolae Iorga, 25 de membri ai acestei organiza\u021bii au ajuns parlamentari, iar \u00een 1932 Liga \u201eVlad \u021aepe\u0219\u201d s-a transformat \u00een Partidul Conservator. Ca orientare politic\u0103, gruparea a parcurs, de-a lungul celor nou\u0103 ani de activitate, un ciudat drum de la o forma\u021biune de inspira\u021bie fascist\u0103 p\u00e2n\u0103 la un aliat al comuni\u0219tilor.<\/p>\n","protected":false},"excerpt":{"rendered":"<p>\u00cen 1929, Grigore Filipescu, fiul cunoscutului om politic Nicolae Filipescu, a \u00eenfiin\u021bat o grupare numit\u0103 Liga \u201eVlad \u021aepe\u0219\u201d, care avea ca principal scop readucerea \u00een \u021bar\u0103 a prin\u021bului Carol \u0219i \u00eensc\u0103unarea sa ca rege al Rom\u00e2niei. \u00cen timpul guvern\u0103rii conduse de Nicolae Iorga, 25 de membri ai acestei organiza\u021bii au ajuns parlamentari, iar \u00een 1932 [&hellip;]<\/p>\n","protected":false},"featured_media":26315,"comment_status":"open","ping_status":"closed","template":"","meta":[],"product_brand":[],"product_cat":[1531,2389,991,995],"product_tag":[3440,3439,3438],"class_list":{"0":"post-26320","1":"product","2":"type-product","3":"status-publish","4":"has-post-thumbnail","6":"product_cat-colectii","7":"product_cat-memorie-identitate","8":"product_cat-stiinte-sociale","9":"product_cat-istorie-stiinte-politice","10":"product_tag-alegeri","11":"product_tag-doctrina-politica","12":"product_tag-partidul-conservator","14":"first","15":"outofstock","16":"shipping-taxable","17":"purchasable","18":"product-type-simple"},"_links":{"self":[{"href":"https:\/\/editura-unibuc.ro\/en\/wp-json\/wp\/v2\/product\/26320","targetHints":{"allow":["GET"]}}],"collection":[{"href":"https:\/\/editura-unibuc.ro\/en\/wp-json\/wp\/v2\/product"}],"about":[{"href":"https:\/\/editura-unibuc.ro\/en\/wp-json\/wp\/v2\/types\/product"}],"replies":[{"embeddable":true,"href":"https:\/\/editura-unibuc.ro\/en\/wp-json\/wp\/v2\/comments?post=26320"}],"wp:featuredmedia":[{"embeddable":true,"href":"https:\/\/editura-unibuc.ro\/en\/wp-json\/wp\/v2\/media\/26315"}],"wp:attachment":[{"href":"https:\/\/editura-unibuc.ro\/en\/wp-json\/wp\/v2\/media?parent=26320"}],"wp:term":[{"taxonomy":"product_brand","embeddable":true,"href":"https:\/\/editura-unibuc.ro\/en\/wp-json\/wp\/v2\/product_brand?post=26320"},{"taxonomy":"product_cat","embeddable":true,"href":"https:\/\/editura-unibuc.ro\/en\/wp-json\/wp\/v2\/product_cat?post=26320"},{"taxonomy":"product_tag","embeddable":true,"href":"https:\/\/editura-unibuc.ro\/en\/wp-json\/wp\/v2\/product_tag?post=26320"}],"curies":[{"name":"wp","href":"https:\/\/api.w.org\/{rel}","templated":true}]}}