{"id":26321,"date":"2020-01-15T11:18:04","date_gmt":"2020-01-15T09:18:04","guid":{"rendered":"https:\/\/editura-unibuc.ro\/?post_type=product&#038;p=26321"},"modified":"2020-01-15T11:18:05","modified_gmt":"2020-01-15T09:18:05","slug":"a-fi-sau-a-nu-fi-central-european-editie-revizuita-si-adaugita","status":"publish","type":"product","link":"https:\/\/editura-unibuc.ro\/en\/a-fi-sau-a-nu-fi-central-european-editie-revizuita-si-adaugita\/","title":{"rendered":"A FI SAU A NU FI CENTRAL-EUROPEAN. EDI\u021aIE REVIZUIT\u0102 \u0218I AD\u0102UGIT\u0102"},"content":{"rendered":"<p>Studiile profesorului Aleksander Fiut se \u00eenscriu \u00een demersul generos de promovare a prozei \u015fi poeziei polone contemporane \u00een context comparat, precum \u015fi \u00een efortul de \u00een\u0163elegere a evolu\u0163iei fenomenului cultural \u015fi imagologic \u00een spa\u0163iul central-european, venind \u00een \u00eent\u00e2mpinarea studen\u0163ilor, masteranzilor \u015fi doctoranzilor de la sec\u0163ia de slavistic\u0103.<\/p>\n","protected":false},"excerpt":{"rendered":"<p>Studiile profesorului Aleksander Fiut se \u00eenscriu \u00een demersul generos de promovare a prozei \u015fi poeziei polone contemporane \u00een context comparat, precum \u015fi \u00een efortul de \u00een\u0163elegere a evolu\u0163iei fenomenului cultural \u015fi imagologic \u00een spa\u0163iul central-european, venind \u00een \u00eent\u00e2mpinarea studen\u0163ilor, masteranzilor \u015fi doctoranzilor de la sec\u0163ia de slavistic\u0103.<\/p>\n","protected":false},"featured_media":26319,"comment_status":"open","ping_status":"closed","template":"","meta":[],"product_brand":[],"product_cat":[1464,981],"product_tag":[3441,1426,2300],"class_list":{"0":"post-26321","1":"product","2":"type-product","3":"status-publish","4":"has-post-thumbnail","6":"product_cat-filologie","7":"product_cat-limbi-slave","8":"product_tag-europa-centrala","9":"product_tag-identitate","10":"product_tag-postmodernism","12":"first","13":"instock","14":"shipping-taxable","15":"purchasable","16":"product-type-simple"},"_links":{"self":[{"href":"https:\/\/editura-unibuc.ro\/en\/wp-json\/wp\/v2\/product\/26321","targetHints":{"allow":["GET"]}}],"collection":[{"href":"https:\/\/editura-unibuc.ro\/en\/wp-json\/wp\/v2\/product"}],"about":[{"href":"https:\/\/editura-unibuc.ro\/en\/wp-json\/wp\/v2\/types\/product"}],"replies":[{"embeddable":true,"href":"https:\/\/editura-unibuc.ro\/en\/wp-json\/wp\/v2\/comments?post=26321"}],"wp:featuredmedia":[{"embeddable":true,"href":"https:\/\/editura-unibuc.ro\/en\/wp-json\/wp\/v2\/media\/26319"}],"wp:attachment":[{"href":"https:\/\/editura-unibuc.ro\/en\/wp-json\/wp\/v2\/media?parent=26321"}],"wp:term":[{"taxonomy":"product_brand","embeddable":true,"href":"https:\/\/editura-unibuc.ro\/en\/wp-json\/wp\/v2\/product_brand?post=26321"},{"taxonomy":"product_cat","embeddable":true,"href":"https:\/\/editura-unibuc.ro\/en\/wp-json\/wp\/v2\/product_cat?post=26321"},{"taxonomy":"product_tag","embeddable":true,"href":"https:\/\/editura-unibuc.ro\/en\/wp-json\/wp\/v2\/product_tag?post=26321"}],"curies":[{"name":"wp","href":"https:\/\/api.w.org\/{rel}","templated":true}]}}