{"id":26322,"date":"2020-01-15T11:21:05","date_gmt":"2020-01-15T09:21:05","guid":{"rendered":"https:\/\/editura-unibuc.ro\/?post_type=product&#038;p=26322"},"modified":"2025-08-08T13:24:25","modified_gmt":"2025-08-08T10:24:25","slug":"studii-privind-magia-egipteana-antica-2","status":"publish","type":"product","link":"https:\/\/editura-unibuc.ro\/en\/studii-privind-magia-egipteana-antica-2\/","title":{"rendered":"STUDII PRIVIND MAGIA EGIPTEAN\u0102 ANTIC\u0102"},"content":{"rendered":"<p>Parcurg\u00e2nd prezentul volum, se va observa c\u0103 autorul pune accentul pe problematica traducerii \u00een sine, adic\u0103 de a g\u0103si echivalentele rom\u00e2ne\u0219ti cele mai potrivite pentru cuvintele folosite de c\u0103tre egiptenii antici. Volumul con\u021bine o serie de studii despre magia egiptean\u0103 antic\u0103.<\/p>\n","protected":false},"excerpt":{"rendered":"<p>Parcurg\u00e2nd prezentul volum, se va observa c\u0103 autorul pune accentul pe problematica traducerii \u00een sine, adic\u0103 de a g\u0103si echivalentele rom\u00e2ne\u0219ti cele mai potrivite pentru cuvintele folosite de c\u0103tre egiptenii antici. Volumul con\u021bine o serie de studii despre magia egiptean\u0103 antic\u0103.<\/p>\n","protected":false},"featured_media":26326,"comment_status":"open","ping_status":"closed","template":"","meta":[],"product_brand":[],"product_cat":[991,995],"product_tag":[3442,1321,870],"class_list":{"0":"post-26322","1":"product","2":"type-product","3":"status-publish","4":"has-post-thumbnail","6":"product_cat-stiinte-sociale","7":"product_cat-istorie-stiinte-politice","8":"product_tag-descantece","9":"product_tag-egiptul-antic","10":"product_tag-magie","12":"first","13":"outofstock","14":"shipping-taxable","15":"purchasable","16":"product-type-simple"},"_links":{"self":[{"href":"https:\/\/editura-unibuc.ro\/en\/wp-json\/wp\/v2\/product\/26322","targetHints":{"allow":["GET"]}}],"collection":[{"href":"https:\/\/editura-unibuc.ro\/en\/wp-json\/wp\/v2\/product"}],"about":[{"href":"https:\/\/editura-unibuc.ro\/en\/wp-json\/wp\/v2\/types\/product"}],"replies":[{"embeddable":true,"href":"https:\/\/editura-unibuc.ro\/en\/wp-json\/wp\/v2\/comments?post=26322"}],"wp:featuredmedia":[{"embeddable":true,"href":"https:\/\/editura-unibuc.ro\/en\/wp-json\/wp\/v2\/media\/26326"}],"wp:attachment":[{"href":"https:\/\/editura-unibuc.ro\/en\/wp-json\/wp\/v2\/media?parent=26322"}],"wp:term":[{"taxonomy":"product_brand","embeddable":true,"href":"https:\/\/editura-unibuc.ro\/en\/wp-json\/wp\/v2\/product_brand?post=26322"},{"taxonomy":"product_cat","embeddable":true,"href":"https:\/\/editura-unibuc.ro\/en\/wp-json\/wp\/v2\/product_cat?post=26322"},{"taxonomy":"product_tag","embeddable":true,"href":"https:\/\/editura-unibuc.ro\/en\/wp-json\/wp\/v2\/product_tag?post=26322"}],"curies":[{"name":"wp","href":"https:\/\/api.w.org\/{rel}","templated":true}]}}