{"id":26323,"date":"2020-01-15T11:24:42","date_gmt":"2020-01-15T09:24:42","guid":{"rendered":"https:\/\/editura-unibuc.ro\/?post_type=product&#038;p=26323"},"modified":"2020-01-15T11:24:43","modified_gmt":"2020-01-15T09:24:43","slug":"democratia-romaneasca-teorie-si-metoda","status":"publish","type":"product","link":"https:\/\/editura-unibuc.ro\/en\/democratia-romaneasca-teorie-si-metoda\/","title":{"rendered":"DEMOCRA\u021aIA ROM\u00c2NEASC\u0102: TEORIE \u0218I METOD\u0102"},"content":{"rendered":"<p><em>Democra\u021bie rom\u00e2neasc\u0103: teorie \u0219i metod\u0103<\/em> de Romulus Br\u00e2ncoveanu reprezint\u0103 o cronic\u0103 a anilor de tranzi\u021bie care \u00eembin\u0103 teoria politic\u0103 \u0219i analiza la zi cu observarea vie a realit\u0103\u021bilor sociale \u0219i proceselor istorice. Cititorul interesat de problemele democratiz\u0103rii societ\u0103\u021bii, dezvolt\u0103rii societ\u0103\u021bii civile, func\u021bion\u0103rii sistemului politic \u0219i economic, va g\u0103si \u00een paginile acesteia concepte \u0219i viziuni necesare \u00een\u021belegerii realit\u0103\u021bii rom\u00e2ne\u0219ti dintotdeauna.<br \/>\nRomulus Br\u00e2ncoveanu pred\u0103 filosofie politic\u0103 \u0219i moral\u0103 la Facultatea de Filosofie a Universit\u0103\u021bii din Bucure\u0219ti.<\/p>\n","protected":false},"excerpt":{"rendered":"<p>Democra\u021bie rom\u00e2neasc\u0103: teorie \u0219i metod\u0103 de Romulus Br\u00e2ncoveanu reprezint\u0103 o cronic\u0103 a anilor de tranzi\u021bie care \u00eembin\u0103 teoria politic\u0103 \u0219i analiza la zi cu observarea vie a realit\u0103\u021bilor sociale \u0219i proceselor istorice. Cititorul interesat de problemele democratiz\u0103rii societ\u0103\u021bii, dezvolt\u0103rii societ\u0103\u021bii civile, func\u021bion\u0103rii sistemului politic \u0219i economic, va g\u0103si \u00een paginile acesteia concepte \u0219i viziuni necesare [&hellip;]<\/p>\n","protected":false},"featured_media":26318,"comment_status":"open","ping_status":"closed","template":"","meta":[],"product_brand":[],"product_cat":[1531,2530,991,994],"product_tag":[927,3443,1428],"class_list":{"0":"post-26323","1":"product","2":"type-product","3":"status-publish","4":"has-post-thumbnail","6":"product_cat-colectii","7":"product_cat-filosofie-practica","8":"product_cat-stiinte-sociale","9":"product_cat-filosofie","10":"product_tag-postcomunism","11":"product_tag-tranzitie","12":"product_tag-uniunea-europeana","14":"first","15":"instock","16":"shipping-taxable","17":"purchasable","18":"product-type-simple"},"_links":{"self":[{"href":"https:\/\/editura-unibuc.ro\/en\/wp-json\/wp\/v2\/product\/26323","targetHints":{"allow":["GET"]}}],"collection":[{"href":"https:\/\/editura-unibuc.ro\/en\/wp-json\/wp\/v2\/product"}],"about":[{"href":"https:\/\/editura-unibuc.ro\/en\/wp-json\/wp\/v2\/types\/product"}],"replies":[{"embeddable":true,"href":"https:\/\/editura-unibuc.ro\/en\/wp-json\/wp\/v2\/comments?post=26323"}],"wp:featuredmedia":[{"embeddable":true,"href":"https:\/\/editura-unibuc.ro\/en\/wp-json\/wp\/v2\/media\/26318"}],"wp:attachment":[{"href":"https:\/\/editura-unibuc.ro\/en\/wp-json\/wp\/v2\/media?parent=26323"}],"wp:term":[{"taxonomy":"product_brand","embeddable":true,"href":"https:\/\/editura-unibuc.ro\/en\/wp-json\/wp\/v2\/product_brand?post=26323"},{"taxonomy":"product_cat","embeddable":true,"href":"https:\/\/editura-unibuc.ro\/en\/wp-json\/wp\/v2\/product_cat?post=26323"},{"taxonomy":"product_tag","embeddable":true,"href":"https:\/\/editura-unibuc.ro\/en\/wp-json\/wp\/v2\/product_tag?post=26323"}],"curies":[{"name":"wp","href":"https:\/\/api.w.org\/{rel}","templated":true}]}}