{"id":26324,"date":"2020-01-15T11:26:32","date_gmt":"2020-01-15T09:26:32","guid":{"rendered":"https:\/\/editura-unibuc.ro\/?post_type=product&#038;p=26324"},"modified":"2025-05-13T09:27:13","modified_gmt":"2025-05-13T06:27:13","slug":"actos-de-habla-indirectos-y-modalizacion-en-el-discurso-politico-electoral","status":"publish","type":"product","link":"https:\/\/editura-unibuc.ro\/en\/actos-de-habla-indirectos-y-modalizacion-en-el-discurso-politico-electoral\/","title":{"rendered":"Romanica 30 \u2013 ACTOS DE HABLA INDIRECTOS Y MODALIZACI\u00d3N EN EL DISCURSO POL\u00cdTICO ELECTORAL"},"content":{"rendered":"<hr \/>\n<p><strong><a href=\"https:\/\/books.google.ro\/books\/about?id=juRbEAAAQBAJ&#038;redir_esc=y\" target=\"_blank\" rel=\"noopener\"><img decoding=\"async\" src=\"https:\/\/editura-unibuc.ro\/wp-content\/uploads\/2025\/04\/goo.png\" \/>Google Books<\/a><\/strong><br \/>&nbsp;<\/p>\n<hr \/>\n<p>Aceast\u0103 lucrare analizeaz\u0103 actele de limbaj indirecte \u0219i modalizatorii folosi\u021bi \u00een zece studii de caz, care cuprind discursuri, dezbateri politice \u0219i interviuri ce s-au desf\u0103\u0219urat \u00een campanii electorale \u00een Spania \u00een ultima decad\u0103.<\/p>\n","protected":false},"excerpt":{"rendered":"<p>Google Books&nbsp; Aceast\u0103 lucrare analizeaz\u0103 actele de limbaj indirecte \u0219i modalizatorii folosi\u021bi \u00een zece studii de caz, care cuprind discursuri, dezbateri politice \u0219i interviuri ce s-au desf\u0103\u0219urat \u00een campanii electorale \u00een Spania \u00een ultima decad\u0103.<\/p>\n","protected":false},"featured_media":26316,"comment_status":"open","ping_status":"closed","template":"","meta":[],"product_brand":[],"product_cat":[1531,858,1464,980],"product_tag":[3447,3446,3444,3445],"class_list":{"0":"post-26324","1":"product","2":"type-product","3":"status-publish","4":"has-post-thumbnail","6":"product_cat-colectii","7":"product_cat-colectia-romanica","8":"product_cat-filologie","9":"product_cat-limbi-romanice-clasice-si-orientale","10":"product_tag-el-discurso-politico-electoral","11":"product_tag-limba-spaniola","12":"product_tag-romanica-30","13":"product_tag-simona-luiza-tigris","15":"first","16":"instock","17":"shipping-taxable","18":"purchasable","19":"product-type-simple"},"_links":{"self":[{"href":"https:\/\/editura-unibuc.ro\/en\/wp-json\/wp\/v2\/product\/26324","targetHints":{"allow":["GET"]}}],"collection":[{"href":"https:\/\/editura-unibuc.ro\/en\/wp-json\/wp\/v2\/product"}],"about":[{"href":"https:\/\/editura-unibuc.ro\/en\/wp-json\/wp\/v2\/types\/product"}],"replies":[{"embeddable":true,"href":"https:\/\/editura-unibuc.ro\/en\/wp-json\/wp\/v2\/comments?post=26324"}],"wp:featuredmedia":[{"embeddable":true,"href":"https:\/\/editura-unibuc.ro\/en\/wp-json\/wp\/v2\/media\/26316"}],"wp:attachment":[{"href":"https:\/\/editura-unibuc.ro\/en\/wp-json\/wp\/v2\/media?parent=26324"}],"wp:term":[{"taxonomy":"product_brand","embeddable":true,"href":"https:\/\/editura-unibuc.ro\/en\/wp-json\/wp\/v2\/product_brand?post=26324"},{"taxonomy":"product_cat","embeddable":true,"href":"https:\/\/editura-unibuc.ro\/en\/wp-json\/wp\/v2\/product_cat?post=26324"},{"taxonomy":"product_tag","embeddable":true,"href":"https:\/\/editura-unibuc.ro\/en\/wp-json\/wp\/v2\/product_tag?post=26324"}],"curies":[{"name":"wp","href":"https:\/\/api.w.org\/{rel}","templated":true}]}}