{"id":26325,"date":"2020-01-15T11:28:38","date_gmt":"2020-01-15T09:28:38","guid":{"rendered":"https:\/\/editura-unibuc.ro\/?post_type=product&#038;p=26325"},"modified":"2025-05-08T14:00:20","modified_gmt":"2025-05-08T11:00:20","slug":"interactia-radiatiei-electromagnetice-cu-materia-vol-i","status":"publish","type":"product","link":"https:\/\/editura-unibuc.ro\/en\/interactia-radiatiei-electromagnetice-cu-materia-vol-i\/","title":{"rendered":"INTERAC\u021aIA RADIA\u021aIEI ELECTROMAGNETICE CU MATERIA, VOL. I"},"content":{"rendered":"<hr \/>\n<p><strong><a href=\"https:\/\/books.google.ro\/books\/about?id=CdtbEAAAQBAJ&#038;redir_esc=y\" target=\"_blank\" rel=\"noopener\"><img decoding=\"async\" src=\"https:\/\/editura-unibuc.ro\/wp-content\/uploads\/2025\/04\/goo.png\" \/>Google Books<\/a><\/strong><br \/>&nbsp;<\/p>\n<hr \/>\n<p>Prezenta lucrare se adreseaz\u0103 studen\u021bilor masteranzi (dar \u0219i doctoranzi) de la Facultatea de Fizic\u0103 \u0219i \u00ee\u0219i propune s\u0103 contribuie la \u00eembog\u0103\u021birea bagajului lor de cuno\u0219tin\u021be teoretice. \u00cen modul de prezentare a avut prioritate caracterul de accesibilitate al lucr\u0103rii, cu dorin\u021ba de a fi util\u0103 nu numai pentru specializarea<em> Fizic\u0103 teoretic\u0103 \u0219i computa\u021bional\u0103<\/em>, ci \u0219i pentru completarea sau aprofundarea cuno\u0219tin\u021belor predate la cursurile <em>Interac\u021bia radia\u021biei laser cu substan\u021ba<\/em> \u0219i <em>Procese fizice \u00een c\u00e2mpuri laser intense<\/em> din cadrul specializ\u0103rilor <em>Fizica materialelor avansate \u0219i nanostructuri<\/em> \u0219i <em>Optic\u0103, laseri \u0219i aplica\u021bii.<\/em><\/p>\n","protected":false},"excerpt":{"rendered":"<p>Google Books&nbsp; Prezenta lucrare se adreseaz\u0103 studen\u021bilor masteranzi (dar \u0219i doctoranzi) de la Facultatea de Fizic\u0103 \u0219i \u00ee\u0219i propune s\u0103 contribuie la \u00eembog\u0103\u021birea bagajului lor de cuno\u0219tin\u021be teoretice. \u00cen modul de prezentare a avut prioritate caracterul de accesibilitate al lucr\u0103rii, cu dorin\u021ba de a fi util\u0103 nu numai pentru specializarea Fizic\u0103 teoretic\u0103 \u0219i computa\u021bional\u0103, ci [&hellip;]<\/p>\n","protected":false},"featured_media":26317,"comment_status":"open","ping_status":"closed","template":"","meta":[],"product_brand":[],"product_cat":[1531,2839,982,984],"product_tag":[908,3448,3450,3449],"class_list":{"0":"post-26325","1":"product","2":"type-product","3":"status-publish","4":"has-post-thumbnail","6":"product_cat-colectii","7":"product_cat-fizicaphysics","8":"product_cat-stiinte-exacte","9":"product_cat-fizica","10":"product_tag-fizica","11":"product_tag-madalina-boca","12":"product_tag-radiatia-electromagnetica","13":"product_tag-viorica-florescu","15":"first","16":"instock","17":"shipping-taxable","18":"purchasable","19":"product-type-simple"},"_links":{"self":[{"href":"https:\/\/editura-unibuc.ro\/en\/wp-json\/wp\/v2\/product\/26325","targetHints":{"allow":["GET"]}}],"collection":[{"href":"https:\/\/editura-unibuc.ro\/en\/wp-json\/wp\/v2\/product"}],"about":[{"href":"https:\/\/editura-unibuc.ro\/en\/wp-json\/wp\/v2\/types\/product"}],"replies":[{"embeddable":true,"href":"https:\/\/editura-unibuc.ro\/en\/wp-json\/wp\/v2\/comments?post=26325"}],"wp:featuredmedia":[{"embeddable":true,"href":"https:\/\/editura-unibuc.ro\/en\/wp-json\/wp\/v2\/media\/26317"}],"wp:attachment":[{"href":"https:\/\/editura-unibuc.ro\/en\/wp-json\/wp\/v2\/media?parent=26325"}],"wp:term":[{"taxonomy":"product_brand","embeddable":true,"href":"https:\/\/editura-unibuc.ro\/en\/wp-json\/wp\/v2\/product_brand?post=26325"},{"taxonomy":"product_cat","embeddable":true,"href":"https:\/\/editura-unibuc.ro\/en\/wp-json\/wp\/v2\/product_cat?post=26325"},{"taxonomy":"product_tag","embeddable":true,"href":"https:\/\/editura-unibuc.ro\/en\/wp-json\/wp\/v2\/product_tag?post=26325"}],"curies":[{"name":"wp","href":"https:\/\/api.w.org\/{rel}","templated":true}]}}