{"id":2633,"date":"2012-09-28T10:36:52","date_gmt":"2012-09-28T07:36:52","guid":{"rendered":"https:\/\/editura-unibuc.ro\/?p=2633"},"modified":"2015-03-12T14:38:13","modified_gmt":"2015-03-12T12:38:13","slug":"rene-char-poete-de-lexistence-mysterieuse","status":"publish","type":"product","link":"https:\/\/editura-unibuc.ro\/en\/rene-char-poete-de-lexistence-mysterieuse\/","title":{"rendered":"REN\u00c9 CHAR, POET OF THE MYSTERIOUS EXISTENCE"},"content":{"rendered":"<p>\u00ab Entre le monde de la foi et celui de la conaissance, il y a la t\u00eate tranch\u00e9e de la Premi\u00e9re Figure, et auparavant, d\u00e9daign\u00e9e d\u2019eux, la grappe dessech\u00e9e de Dyonisos, &#8211; qui sait ?- demain reverdissante.\u00bb Ren\u00e9 Char, \u00c0 une s\u00e9r\u00e9nit\u00e9 crisp\u00e9e<\/p>\n","protected":false},"excerpt":{"rendered":"<p>\u00ab Entre le monde de la foi et celui de la conaissance, il y a la t\u00eate tranch\u00e9e de la Premi\u00e9re Figure, et auparavant, d\u00e9daign\u00e9e d\u2019eux, la grappe dessech\u00e9e de Dyonisos, &#8211; qui sait ?- demain reverdissante.\u00bb Ren\u00e9 Char, \u00c0 une s\u00e9r\u00e9nit\u00e9 crisp\u00e9e<\/p>\n","protected":false},"featured_media":10636,"comment_status":"open","ping_status":"closed","template":"","meta":[],"product_brand":[],"product_cat":[1464,977],"product_tag":[877],"class_list":{"0":"post-2633","1":"product","2":"type-product","3":"status-publish","4":"has-post-thumbnail","6":"product_cat-filologie","7":"product_cat-limba-franceza","8":"product_tag-franceza","10":"first","11":"instock","12":"shipping-taxable","13":"purchasable","14":"product-type-simple"},"_links":{"self":[{"href":"https:\/\/editura-unibuc.ro\/en\/wp-json\/wp\/v2\/product\/2633","targetHints":{"allow":["GET"]}}],"collection":[{"href":"https:\/\/editura-unibuc.ro\/en\/wp-json\/wp\/v2\/product"}],"about":[{"href":"https:\/\/editura-unibuc.ro\/en\/wp-json\/wp\/v2\/types\/product"}],"replies":[{"embeddable":true,"href":"https:\/\/editura-unibuc.ro\/en\/wp-json\/wp\/v2\/comments?post=2633"}],"wp:featuredmedia":[{"embeddable":true,"href":"https:\/\/editura-unibuc.ro\/en\/wp-json\/wp\/v2\/media\/10636"}],"wp:attachment":[{"href":"https:\/\/editura-unibuc.ro\/en\/wp-json\/wp\/v2\/media?parent=2633"}],"wp:term":[{"taxonomy":"product_brand","embeddable":true,"href":"https:\/\/editura-unibuc.ro\/en\/wp-json\/wp\/v2\/product_brand?post=2633"},{"taxonomy":"product_cat","embeddable":true,"href":"https:\/\/editura-unibuc.ro\/en\/wp-json\/wp\/v2\/product_cat?post=2633"},{"taxonomy":"product_tag","embeddable":true,"href":"https:\/\/editura-unibuc.ro\/en\/wp-json\/wp\/v2\/product_tag?post=2633"}],"curies":[{"name":"wp","href":"https:\/\/api.w.org\/{rel}","templated":true}]}}