{"id":26344,"date":"2020-01-16T11:19:06","date_gmt":"2020-01-16T09:19:06","guid":{"rendered":"https:\/\/editura-unibuc.ro\/?post_type=product&#038;p=26344"},"modified":"2020-01-16T11:19:09","modified_gmt":"2020-01-16T09:19:09","slug":"a-xvii-a-conferinta-nationala-de-invatamant-virtual-25-26-octombrie-2019","status":"publish","type":"product","link":"https:\/\/editura-unibuc.ro\/en\/a-xvii-a-conferinta-nationala-de-invatamant-virtual-25-26-octombrie-2019\/","title":{"rendered":"A XVII-A CONFERIN\u021a\u0102 NA\u021aIONAL\u0102 DE \u00ceNV\u0102\u021a\u0102M\u00c2NT VIRTUAL. 25-26 OCTOMBRIE 2019"},"content":{"rendered":"","protected":false},"excerpt":{"rendered":"","protected":false},"featured_media":26348,"comment_status":"open","ping_status":"closed","template":"","meta":[],"product_brand":[],"product_cat":[982,985,986],"product_tag":[3452,3451,2334],"class_list":{"0":"post-26344","1":"product","2":"type-product","3":"status-publish","4":"has-post-thumbnail","6":"product_cat-stiinte-exacte","7":"product_cat-informatica","8":"product_cat-matematica","9":"product_tag-invatamant-preuniversitar","10":"product_tag-invatamant-universitar","11":"product_tag-software","13":"first","14":"outofstock","15":"shipping-taxable","16":"purchasable","17":"product-type-simple"},"_links":{"self":[{"href":"https:\/\/editura-unibuc.ro\/en\/wp-json\/wp\/v2\/product\/26344","targetHints":{"allow":["GET"]}}],"collection":[{"href":"https:\/\/editura-unibuc.ro\/en\/wp-json\/wp\/v2\/product"}],"about":[{"href":"https:\/\/editura-unibuc.ro\/en\/wp-json\/wp\/v2\/types\/product"}],"replies":[{"embeddable":true,"href":"https:\/\/editura-unibuc.ro\/en\/wp-json\/wp\/v2\/comments?post=26344"}],"wp:featuredmedia":[{"embeddable":true,"href":"https:\/\/editura-unibuc.ro\/en\/wp-json\/wp\/v2\/media\/26348"}],"wp:attachment":[{"href":"https:\/\/editura-unibuc.ro\/en\/wp-json\/wp\/v2\/media?parent=26344"}],"wp:term":[{"taxonomy":"product_brand","embeddable":true,"href":"https:\/\/editura-unibuc.ro\/en\/wp-json\/wp\/v2\/product_brand?post=26344"},{"taxonomy":"product_cat","embeddable":true,"href":"https:\/\/editura-unibuc.ro\/en\/wp-json\/wp\/v2\/product_cat?post=26344"},{"taxonomy":"product_tag","embeddable":true,"href":"https:\/\/editura-unibuc.ro\/en\/wp-json\/wp\/v2\/product_tag?post=26344"}],"curies":[{"name":"wp","href":"https:\/\/api.w.org\/{rel}","templated":true}]}}