{"id":26352,"date":"2020-01-16T11:23:18","date_gmt":"2020-01-16T09:23:18","guid":{"rendered":"https:\/\/editura-unibuc.ro\/?post_type=product&#038;p=26352"},"modified":"2025-05-12T14:01:55","modified_gmt":"2025-05-12T11:01:55","slug":"profesor-doctor-tatiana-eugenia-sesan-o-neobosita-viata-pentru-sanatatea-plantelor","status":"publish","type":"product","link":"https:\/\/editura-unibuc.ro\/en\/profesor-doctor-tatiana-eugenia-sesan-o-neobosita-viata-pentru-sanatatea-plantelor\/","title":{"rendered":"PROFESOR DOCTOR TATIANA-EUGENIA \u0218ESAN &#8211; O NEOBOSIT\u0102 VIA\u021a\u0102 PENTRU S\u0102N\u0102TATEA PLANTELOR"},"content":{"rendered":"<hr \/>\n<p><strong><a href=\"https:\/\/books.google.ro\/books\/about?id=LnpbEAAAQBAJ&#038;redir_esc=y\" target=\"_blank\" rel=\"noopener\"><img decoding=\"async\" src=\"https:\/\/editura-unibuc.ro\/wp-content\/uploads\/2025\/04\/goo.png\" \/>Google Books<\/a><\/strong><br \/>&nbsp;<\/p>\n<hr \/>\n<p>Am \u00eencercat s\u0103 grup\u0103m \u00een acest volum elementele pe care le-am considerat definitorii pentru perioada ultimilor 5 ani de activitate ca profesor consultant, conduc\u0103tor de doctorat, specialist \u00een Patologia Plantelor, Micologie general\u0103 \u0219i aplicat\u0103, Taxonomia fungilor \u0219i plantelor, Protec\u021bia plantelor \u0219i a mediului.<\/p>\n","protected":false},"excerpt":{"rendered":"<p>Google Books&nbsp; Am \u00eencercat s\u0103 grup\u0103m \u00een acest volum elementele pe care le-am considerat definitorii pentru perioada ultimilor 5 ani de activitate ca profesor consultant, conduc\u0103tor de doctorat, specialist \u00een Patologia Plantelor, Micologie general\u0103 \u0219i aplicat\u0103, Taxonomia fungilor \u0219i plantelor, Protec\u021bia plantelor \u0219i a mediului.<\/p>\n","protected":false},"featured_media":26345,"comment_status":"open","ping_status":"closed","template":"","meta":[],"product_brand":[],"product_cat":[1466,988],"product_tag":[],"class_list":{"0":"post-26352","1":"product","2":"type-product","3":"status-publish","4":"has-post-thumbnail","6":"product_cat-stiinte-ale-naturii","7":"product_cat-biologie","9":"first","10":"outofstock","11":"shipping-taxable","12":"purchasable","13":"product-type-simple"},"_links":{"self":[{"href":"https:\/\/editura-unibuc.ro\/en\/wp-json\/wp\/v2\/product\/26352","targetHints":{"allow":["GET"]}}],"collection":[{"href":"https:\/\/editura-unibuc.ro\/en\/wp-json\/wp\/v2\/product"}],"about":[{"href":"https:\/\/editura-unibuc.ro\/en\/wp-json\/wp\/v2\/types\/product"}],"replies":[{"embeddable":true,"href":"https:\/\/editura-unibuc.ro\/en\/wp-json\/wp\/v2\/comments?post=26352"}],"wp:featuredmedia":[{"embeddable":true,"href":"https:\/\/editura-unibuc.ro\/en\/wp-json\/wp\/v2\/media\/26345"}],"wp:attachment":[{"href":"https:\/\/editura-unibuc.ro\/en\/wp-json\/wp\/v2\/media?parent=26352"}],"wp:term":[{"taxonomy":"product_brand","embeddable":true,"href":"https:\/\/editura-unibuc.ro\/en\/wp-json\/wp\/v2\/product_brand?post=26352"},{"taxonomy":"product_cat","embeddable":true,"href":"https:\/\/editura-unibuc.ro\/en\/wp-json\/wp\/v2\/product_cat?post=26352"},{"taxonomy":"product_tag","embeddable":true,"href":"https:\/\/editura-unibuc.ro\/en\/wp-json\/wp\/v2\/product_tag?post=26352"}],"curies":[{"name":"wp","href":"https:\/\/api.w.org\/{rel}","templated":true}]}}