{"id":2649,"date":"2012-10-01T11:27:48","date_gmt":"2012-10-01T08:27:48","guid":{"rendered":"https:\/\/editura-unibuc.ro\/?p=2649"},"modified":"2024-04-11T11:41:59","modified_gmt":"2024-04-11T08:41:59","slug":"pragmatique-informationnelle-du-discours-scientifique","status":"publish","type":"product","link":"https:\/\/editura-unibuc.ro\/en\/pragmatique-informationnelle-du-discours-scientifique\/","title":{"rendered":"INFORMATIONAL PRAGMATICS OF THE SCIENTIFIC DISCOURSE"},"content":{"rendered":"<p>Lucrarea tinerei cercet\u0103toare, Alice Toma, \u00ee\u0219i propune s\u0103 studieze o particularitate definitorie pentru limbajul \u0219tiin\u021bific matematic: organizarea informa\u021bional\u0103. Autoarea descrie specificul structurii discursului, av\u00e2nd \u00een vedere modulele semantic \u0219i sintactic, \u0219i specificul fluxului informa\u021bional, av\u00e2nd \u00een vedere organizarea informa\u021bional\u0103 \u0219i topical\u0103. Lucrarea prezint\u0103 un mare interes, deoarece familiarizeaz\u0103 cititorul cu un model descriptiv mai pu\u021bin cunoscut \u0219i utilizat \u00een cercet\u0103rile rom\u00e2ne\u0219ti \u0219i, totodat\u0103, are o deschidere interdisciplinar\u0103 clar\u0103 \u0219i o latur\u0103 aplicativ\u0103.<\/p>\n","protected":false},"excerpt":{"rendered":"<p>Lucrarea tinerei cercet\u0103toare, Alice Toma, \u00ee\u0219i propune s\u0103 studieze o particularitate definitorie pentru limbajul \u0219tiin\u021bific matematic: organizarea informa\u021bional\u0103. Autoarea descrie specificul structurii discursului, av\u00e2nd \u00een vedere modulele semantic \u0219i sintactic, \u0219i specificul fluxului informa\u021bional, av\u00e2nd \u00een vedere organizarea informa\u021bional\u0103 \u0219i topical\u0103. Lucrarea prezint\u0103 un mare interes, deoarece familiarizeaz\u0103 cititorul cu un model descriptiv mai pu\u021bin [&hellip;]<\/p>\n","protected":false},"featured_media":10506,"comment_status":"open","ping_status":"closed","template":"","meta":[],"product_brand":[],"product_cat":[1464,977],"product_tag":[877],"class_list":{"0":"post-2649","1":"product","2":"type-product","3":"status-publish","4":"has-post-thumbnail","6":"product_cat-filologie","7":"product_cat-limba-franceza","8":"product_tag-franceza","10":"first","11":"instock","12":"shipping-taxable","13":"purchasable","14":"product-type-simple"},"_links":{"self":[{"href":"https:\/\/editura-unibuc.ro\/en\/wp-json\/wp\/v2\/product\/2649","targetHints":{"allow":["GET"]}}],"collection":[{"href":"https:\/\/editura-unibuc.ro\/en\/wp-json\/wp\/v2\/product"}],"about":[{"href":"https:\/\/editura-unibuc.ro\/en\/wp-json\/wp\/v2\/types\/product"}],"replies":[{"embeddable":true,"href":"https:\/\/editura-unibuc.ro\/en\/wp-json\/wp\/v2\/comments?post=2649"}],"wp:featuredmedia":[{"embeddable":true,"href":"https:\/\/editura-unibuc.ro\/en\/wp-json\/wp\/v2\/media\/10506"}],"wp:attachment":[{"href":"https:\/\/editura-unibuc.ro\/en\/wp-json\/wp\/v2\/media?parent=2649"}],"wp:term":[{"taxonomy":"product_brand","embeddable":true,"href":"https:\/\/editura-unibuc.ro\/en\/wp-json\/wp\/v2\/product_brand?post=2649"},{"taxonomy":"product_cat","embeddable":true,"href":"https:\/\/editura-unibuc.ro\/en\/wp-json\/wp\/v2\/product_cat?post=2649"},{"taxonomy":"product_tag","embeddable":true,"href":"https:\/\/editura-unibuc.ro\/en\/wp-json\/wp\/v2\/product_tag?post=2649"}],"curies":[{"name":"wp","href":"https:\/\/api.w.org\/{rel}","templated":true}]}}