{"id":2653,"date":"2012-10-01T11:34:28","date_gmt":"2012-10-01T08:34:28","guid":{"rendered":"https:\/\/editura-unibuc.ro\/?p=2653"},"modified":"2025-04-09T11:27:58","modified_gmt":"2025-04-09T08:27:58","slug":"elements-de-christologie-dans-les-sermons-de-jacques-benigne-bossuet","status":"publish","type":"product","link":"https:\/\/editura-unibuc.ro\/en\/elements-de-christologie-dans-les-sermons-de-jacques-benigne-bossuet\/","title":{"rendered":"CHRISTOLOGY ELEMENTS IN JACQUES BENIGNE BOSSUET&#8217;S SERMONS"},"content":{"rendered":"<p>\u201eLucrarea d-nei Daniela Bordea, consacrat\u0103 lui Jacques B\u00e9nigne Bossuet, vine s\u0103 repare o nedreptate. \u00centr-adev\u0103r, felurite vicisitudini, datorate unor climate ideologice, au pus pe nedrept \u00een umbr\u0103, \u00een Fran\u021ba ca \u0219i aiurea, o personalitate de prim\u0103 m\u0103rime a clasicismului francez prin cultura impresionant\u0103 de tip umanist \u2013 dominat\u0103 \u00eens\u0103 de rigoarea \u0219i ordinea clasice \u2013 dar \u00een primul r\u00e2nd prin modelul de proz\u0103 pe care \u00eel impune, elogiu al limbii franceze m\u00e2nuit\u0103 cu art\u0103 des\u0103v\u00e2r\u0219it\u0103.\u201d<\/p>\n<p>(Prof. Dr. Mihaela Voicu, Universitatea din Bucure\u0219ti)<\/p>","protected":false},"excerpt":{"rendered":"<p>\u201eLucrarea d-nei Daniela Bordea, consacrat\u0103 lui Jacques B\u00e9nigne Bossuet, vine s\u0103 repare o nedreptate. \u00centr-adev\u0103r, felurite vicisitudini, datorate unor climate ideologice, au pus pe nedrept \u00een umbr\u0103, \u00een Fran\u021ba ca \u0219i aiurea, o personalitate de prim\u0103 m\u0103rime a clasicismului francez prin cultura impresionant\u0103 de tip umanist \u2013 dominat\u0103 \u00eens\u0103 de rigoarea \u0219i ordinea clasice \u2013 [&hellip;]<\/p>\n","protected":false},"featured_media":0,"comment_status":"open","ping_status":"closed","template":"","meta":[],"product_brand":[],"product_cat":[1464,977],"product_tag":[877],"class_list":{"0":"post-2653","1":"product","2":"type-product","3":"status-publish","5":"product_cat-filologie","6":"product_cat-limba-franceza","7":"product_tag-franceza","9":"first","10":"outofstock","11":"shipping-taxable","12":"purchasable","13":"product-type-simple"},"_links":{"self":[{"href":"https:\/\/editura-unibuc.ro\/en\/wp-json\/wp\/v2\/product\/2653","targetHints":{"allow":["GET"]}}],"collection":[{"href":"https:\/\/editura-unibuc.ro\/en\/wp-json\/wp\/v2\/product"}],"about":[{"href":"https:\/\/editura-unibuc.ro\/en\/wp-json\/wp\/v2\/types\/product"}],"replies":[{"embeddable":true,"href":"https:\/\/editura-unibuc.ro\/en\/wp-json\/wp\/v2\/comments?post=2653"}],"wp:attachment":[{"href":"https:\/\/editura-unibuc.ro\/en\/wp-json\/wp\/v2\/media?parent=2653"}],"wp:term":[{"taxonomy":"product_brand","embeddable":true,"href":"https:\/\/editura-unibuc.ro\/en\/wp-json\/wp\/v2\/product_brand?post=2653"},{"taxonomy":"product_cat","embeddable":true,"href":"https:\/\/editura-unibuc.ro\/en\/wp-json\/wp\/v2\/product_cat?post=2653"},{"taxonomy":"product_tag","embeddable":true,"href":"https:\/\/editura-unibuc.ro\/en\/wp-json\/wp\/v2\/product_tag?post=2653"}],"curies":[{"name":"wp","href":"https:\/\/api.w.org\/{rel}","templated":true}]}}