{"id":2655,"date":"2012-10-01T11:56:17","date_gmt":"2012-10-01T08:56:17","guid":{"rendered":"https:\/\/editura-unibuc.ro\/?p=2655"},"modified":"2025-08-07T12:28:41","modified_gmt":"2025-08-07T09:28:41","slug":"techniques-narratives-et-descriptives-dans-loeuvre-de-roger-martin-du-gard","status":"publish","type":"product","link":"https:\/\/editura-unibuc.ro\/en\/techniques-narratives-et-descriptives-dans-loeuvre-de-roger-martin-du-gard\/","title":{"rendered":"NARRATIVE AND DESCRIPTIVE TECHNIQUES IN THE WORK OF ROGER MARTIN DU GARD"},"content":{"rendered":"<p>Ce livre est destin\u00e9 \u00e0 marquer en Roumanie le cinquantenaire de la mort de Roger Martin du Gard (1881-1958), Prix Nobel de litt\u00e9rature (1937), dont les romans, nouvelles et pi\u00e8ces de th\u00e9\u00e2tre continuent \u00e0 susciter l\u2019int\u00e9r\u00eat des enseignants, chercheurs, traducteurs, cin\u00e9astes et metteurs en sc\u00e8ne, s\u00e9duits par la richesse du registre th\u00e9matique et l\u2019originalit\u00e9 des formules narrativo-descriptives.<\/p>\n<p>Figure pro\u00e9minente des lettres fran\u00e7aises de la premi\u00e8re moiti\u00e9 du XXe si\u00e8cle, \u00e0 c\u00f4t\u00e9 de Romain Rolland, Jules Romains et Georges Duhamel, auteurs de sommes romanesques eux aussi, Roger Martin du Gard a \u00e9largi le cadre du roman traditionnel par des innovations formelles conduisant \u00e0 un agencement tout moderne des voix narratives, doubl\u00e9 d\u2019un assouplissement consid\u00e9rable des coordonn\u00e9es spatio-temporelles. Souvent, l\u2019\u00e9crivain cesse d\u2019analyser et de d\u00e9crire en son nom pour \u00e9crire certaines pages des Thibault (1922-1940) en style syncop\u00e9, notatif, cin\u00e9matographique, ou bien pour introduire des documents authentiques dans le flux textuel, ce qui offre au lecteur une optique de participant direct \u00e0 trame narrative.<\/p>\n<p>Appel\u00e9 par Albert Camus \u00abnotre perp\u00e9tuel contemporain\u00bb, Roger Martin du Gard reste actuel non seulement par les valeurs morales et culturelles d\u00e9fendues, l\u2019ind\u00e9pendance de son esprit, mais, en \u00e9gale mesure, par les nouvelles formes de r\u00e9cit sp\u00e9cifiques de son oeuvre.<\/p>","protected":false},"excerpt":{"rendered":"<p>Ce livre est destin\u00e9 \u00e0 marquer en Roumanie le cinquantenaire de la mort de Roger Martin du Gard (1881-1958), Prix Nobel de litt\u00e9rature (1937), dont les romans, nouvelles et pi\u00e8ces de th\u00e9\u00e2tre continuent \u00e0 susciter l\u2019int\u00e9r\u00eat des enseignants, chercheurs, traducteurs, cin\u00e9astes et metteurs en sc\u00e8ne, s\u00e9duits par la richesse du registre th\u00e9matique et l\u2019originalit\u00e9 des [&hellip;]<\/p>\n","protected":false},"featured_media":0,"comment_status":"open","ping_status":"closed","template":"","meta":[],"product_brand":[],"product_cat":[1464,977],"product_tag":[877],"class_list":{"0":"post-2655","1":"product","2":"type-product","3":"status-publish","5":"product_cat-filologie","6":"product_cat-limba-franceza","7":"product_tag-franceza","9":"first","10":"instock","11":"shipping-taxable","12":"purchasable","13":"product-type-simple"},"_links":{"self":[{"href":"https:\/\/editura-unibuc.ro\/en\/wp-json\/wp\/v2\/product\/2655","targetHints":{"allow":["GET"]}}],"collection":[{"href":"https:\/\/editura-unibuc.ro\/en\/wp-json\/wp\/v2\/product"}],"about":[{"href":"https:\/\/editura-unibuc.ro\/en\/wp-json\/wp\/v2\/types\/product"}],"replies":[{"embeddable":true,"href":"https:\/\/editura-unibuc.ro\/en\/wp-json\/wp\/v2\/comments?post=2655"}],"wp:attachment":[{"href":"https:\/\/editura-unibuc.ro\/en\/wp-json\/wp\/v2\/media?parent=2655"}],"wp:term":[{"taxonomy":"product_brand","embeddable":true,"href":"https:\/\/editura-unibuc.ro\/en\/wp-json\/wp\/v2\/product_brand?post=2655"},{"taxonomy":"product_cat","embeddable":true,"href":"https:\/\/editura-unibuc.ro\/en\/wp-json\/wp\/v2\/product_cat?post=2655"},{"taxonomy":"product_tag","embeddable":true,"href":"https:\/\/editura-unibuc.ro\/en\/wp-json\/wp\/v2\/product_tag?post=2655"}],"curies":[{"name":"wp","href":"https:\/\/api.w.org\/{rel}","templated":true}]}}