{"id":2662,"date":"2012-10-01T12:15:07","date_gmt":"2012-10-01T09:15:07","guid":{"rendered":"https:\/\/editura-unibuc.ro\/?p=2662"},"modified":"2024-04-12T10:50:17","modified_gmt":"2024-04-12T07:50:17","slug":"ecrire-le-sens-du-monde-essais-sur-le-roman-medieval","status":"publish","type":"product","link":"https:\/\/editura-unibuc.ro\/en\/ecrire-le-sens-du-monde-essais-sur-le-roman-medieval\/","title":{"rendered":"WRITING THE SENSE OF THE WORLD. ESSAYS ON THE MEDIEVAL NOVEL"},"content":{"rendered":"<p>Le pr\u00e9sent volume r\u00e9unit des textes r\u00e9dig\u00e9s entre 1998 et 2007, pour l\u2019essentiel consacr\u00e9s au roman m\u00e9di\u00e9val, la plupart publi\u00e9s en divers volumes ou revues, quelques-uns in\u00e9dits. Ils traduisent la progression d\u2019une pens\u00e9e, tout en s\u2019articulant autour de quelques lignes de force qui dessinent les constantes de la r\u00e9flexion : po\u00e9tique du roman et statut de l\u2019auteur, \u00abchronotopes\u00bb du roman chevaleresque (perception et repr\u00e9sentation de l\u2019espace et du temps), probl\u00e8me de l\u2019identit\u00e9 et de l\u2019alt\u00e9rit\u00e9 (positionnement de l\u2019homme dans l\u2019univers, face \u00e0 la soci\u00e9t\u00e9, \u00e0 l\u2019autre, \u00e0 soi-m\u00eame).<\/p>\n<p>Les \u00e9tudes r\u00e9unies affirment toutes, en somme, la \u00abmodernit\u00e9\u00bb du texte m\u00e9di\u00e9val, qu\u2019il s\u2019agisse d\u2019une nouvelle configuration de l\u2019espace et du temps, de la d\u00e9couverte \u2013 inqui\u00e9tante ou apprivois\u00e9e \u2013 de l\u2019Autre, de la \u00abnaissance de l\u2019individu\u00bb, qui peut se r\u00e9v\u00e9ler probl\u00e9matique, de la revendication de la Libert\u00e9 face \u00e0 l\u2019Ordre, de l\u2019effacement de rep\u00e8res certains qui obligent \u00e0 une qu\u00eate personnelle du sens, de l\u2019affirmation \u2013 de plus en plus forte \u2013 de l\u2019\u00e9crivain-cr\u00e9ateur, disciple plut\u00f4t que rival de la divinit\u00e9.<\/p>\n","protected":false},"excerpt":{"rendered":"<p>Le pr\u00e9sent volume r\u00e9unit des textes r\u00e9dig\u00e9s entre 1998 et 2007, pour l\u2019essentiel consacr\u00e9s au roman m\u00e9di\u00e9val, la plupart publi\u00e9s en divers volumes ou revues, quelques-uns in\u00e9dits. Ils traduisent la progression d\u2019une pens\u00e9e, tout en s\u2019articulant autour de quelques lignes de force qui dessinent les constantes de la r\u00e9flexion : po\u00e9tique du roman et statut [&hellip;]<\/p>\n","protected":false},"featured_media":10499,"comment_status":"open","ping_status":"closed","template":"","meta":[],"product_brand":[],"product_cat":[1464,977],"product_tag":[877,919],"class_list":{"0":"post-2662","1":"product","2":"type-product","3":"status-publish","4":"has-post-thumbnail","6":"product_cat-filologie","7":"product_cat-limba-franceza","8":"product_tag-franceza","9":"product_tag-literatura","11":"first","12":"instock","13":"shipping-taxable","14":"purchasable","15":"product-type-simple"},"_links":{"self":[{"href":"https:\/\/editura-unibuc.ro\/en\/wp-json\/wp\/v2\/product\/2662","targetHints":{"allow":["GET"]}}],"collection":[{"href":"https:\/\/editura-unibuc.ro\/en\/wp-json\/wp\/v2\/product"}],"about":[{"href":"https:\/\/editura-unibuc.ro\/en\/wp-json\/wp\/v2\/types\/product"}],"replies":[{"embeddable":true,"href":"https:\/\/editura-unibuc.ro\/en\/wp-json\/wp\/v2\/comments?post=2662"}],"wp:featuredmedia":[{"embeddable":true,"href":"https:\/\/editura-unibuc.ro\/en\/wp-json\/wp\/v2\/media\/10499"}],"wp:attachment":[{"href":"https:\/\/editura-unibuc.ro\/en\/wp-json\/wp\/v2\/media?parent=2662"}],"wp:term":[{"taxonomy":"product_brand","embeddable":true,"href":"https:\/\/editura-unibuc.ro\/en\/wp-json\/wp\/v2\/product_brand?post=2662"},{"taxonomy":"product_cat","embeddable":true,"href":"https:\/\/editura-unibuc.ro\/en\/wp-json\/wp\/v2\/product_cat?post=2662"},{"taxonomy":"product_tag","embeddable":true,"href":"https:\/\/editura-unibuc.ro\/en\/wp-json\/wp\/v2\/product_tag?post=2662"}],"curies":[{"name":"wp","href":"https:\/\/api.w.org\/{rel}","templated":true}]}}